{"id":44817,"date":"2026-04-20T12:37:00","date_gmt":"2026-04-20T12:37:00","guid":{"rendered":"https:\/\/singuli.wpress.me\/index.php\/proizvod\/domo-ht3100-digitalni-termometar-za-hranu\/"},"modified":"2026-04-21T00:27:28","modified_gmt":"2026-04-21T00:27:28","slug":"domo-ht3100-digitalni-termometar-za-hranu","status":"publish","type":"product","link":"https:\/\/singuli.wpress.me\/index.php\/proizvod\/domo-ht3100-digitalni-termometar-za-hranu\/","title":{"rendered":"DOMO HT3100, digitalni termometar za hranu"},"content":{"rendered":"<p>Domo HT3100 digitalni termometar prikazuje temperaturu hrane u 5 sekundi. Ima temperaturni raspon od -45\u00b0C do +200\u00b0C.<br \/>\nUpotreba: Prvo umetnite zasebno pakirane baterije. Termometar se uklju\u010duje automatski. Uklonite silikonski za\u0161titni poklopac. Pritisnite gumb za uklju\u010divanje kako biste uklju\u010dili termometar. Koristite tipku \u00b0C \/ \u00b0F za prebacivanje izme\u0111u indikacija Celzijusa i Fahrenheita. Zatim umetnite vrh sonde u sredi\u0161te mesa (u pe\u0107nici ili tavi) kako biste izmjerili temperaturu. Prikaz je ispravan kada se indikacija na ekranu vi\u0161e ne mijenja. To traje od 4 do maksimalno 10 sekundi. Zaslon termometra opremljen je osvjetljenjem. Kada je termometar uklju\u010den, ovo svjetlo \u0107e svijetliti 7 sekundi. Nakon tih 7 sekundi, svjetlo se automatski gasi. Za ponovno paljenje dvaput pritisnite tipku za napajanje ili tipku C \/ \u00b0 F. Za isklju\u010divanje ure\u0111aja pritisnite jednom tipku za napajanje. Ure\u0111aj se odmah isklju\u010duje.<br \/>\n\u010ci\u0161\u0107enje: Nakon svake uporabe sondu o\u010distite vla\u017enom krpom i vratite silikonsku za\u0161titnu navlaku na toplomjer.<\/p>\n","protected":false},"excerpt":{"rendered":"<p>Raspon temperature: od -45\u00b0C do +200\u00b0C<br \/>\nPotpuno nehr\u0111aju\u0107i \u010delik<br \/>\nAutomatsko ga\u0161enje<\/p>\n","protected":false},"featured_media":44818,"template":"","meta":{"_seopress_robots_primary_cat":"","_seopress_titles_title":"","_seopress_titles_desc":"","_seopress_robots_index":"","iawp_total_views":0},"product_brand":[255],"product_cat":[192,267],"product_tag":[],"class_list":{"0":"post-44817","1":"product","2":"type-product","3":"status-publish","4":"has-post-thumbnail","6":"product_brand-domo","7":"product_cat-aparati-za-osobnu-njegu","8":"product_cat-zdravstveni-uredaji-192","10":"first","11":"outofstock","12":"shipping-taxable","13":"purchasable","14":"product-type-simple"},"_links":{"self":[{"href":"https:\/\/singuli.wpress.me\/index.php\/wp-json\/wp\/v2\/product\/44817","targetHints":{"allow":["GET"]}}],"collection":[{"href":"https:\/\/singuli.wpress.me\/index.php\/wp-json\/wp\/v2\/product"}],"about":[{"href":"https:\/\/singuli.wpress.me\/index.php\/wp-json\/wp\/v2\/types\/product"}],"version-history":[{"count":0,"href":"https:\/\/singuli.wpress.me\/index.php\/wp-json\/wp\/v2\/product\/44817\/revisions"}],"wp:featuredmedia":[{"embeddable":true,"href":"https:\/\/singuli.wpress.me\/index.php\/wp-json\/wp\/v2\/media\/44818"}],"wp:attachment":[{"href":"https:\/\/singuli.wpress.me\/index.php\/wp-json\/wp\/v2\/media?parent=44817"}],"wp:term":[{"taxonomy":"product_brand","embeddable":true,"href":"https:\/\/singuli.wpress.me\/index.php\/wp-json\/wp\/v2\/product_brand?post=44817"},{"taxonomy":"product_cat","embeddable":true,"href":"https:\/\/singuli.wpress.me\/index.php\/wp-json\/wp\/v2\/product_cat?post=44817"},{"taxonomy":"product_tag","embeddable":true,"href":"https:\/\/singuli.wpress.me\/index.php\/wp-json\/wp\/v2\/product_tag?post=44817"}],"curies":[{"name":"wp","href":"https:\/\/api.w.org\/{rel}","templated":true}]}}