{"id":44830,"date":"2026-04-20T12:37:03","date_gmt":"2026-04-20T12:37:03","guid":{"rendered":"https:\/\/singuli.wpress.me\/index.php\/proizvod\/braun-digitalni-toplomjer-prt2000\/"},"modified":"2026-04-21T00:27:28","modified_gmt":"2026-04-21T00:27:28","slug":"braun-digitalni-toplomjer-prt2000","status":"publish","type":"product","link":"https:\/\/singuli.wpress.me\/index.php\/proizvod\/braun-digitalni-toplomjer-prt2000\/","title":{"rendered":"BRAUN, digitalni toplomjer, PRT2000"},"content":{"rendered":"<p><span style=\"font-weight: bold\">Digitalni toplomjer Braun<\/span> je jednostavno i brzo rije\u0161enje za mjerenje temperature, jer <span style=\"font-weight: bold\">mjeri temperaturu u samo 8 sekundi<\/span>. <\/p>\n<p>Primjeren je i za najmla\u0111e.  Mnogi roditelji ne znaju kako definicija vru\u0107ice ovisi o dobi djeteta pa tako normalna tjelesna temperatura kod \u010detverogodi\u0161njaka mo\u017ee biti vru\u0107ica kod novoro\u0111enog djeteta. Kako bi roditeljima olak\u0161ao i pomogao u interpretaciji tjelesne temperature, Braun je razvio jedinstvenu <span style=\"font-weight: bold\">Age Precision\u00ae tehnologiju<\/span>. <\/p>\n<p>Primjena tehnologije je jednostavna: nakon odabiranja djetetove dobi na zaslonu, oznake u bojama \u0107e objasniti rezultat temeljen na odre\u0111enoj dobi. Normalna tjelesna temperatura ozna\u010dena je zelenom bojom, povi\u0161ena \u017eutom bojom, a visoka tjelesna temperatura ili vru\u0107ica crvenom. Age Precision\u00ae tehnologija pogodna je za mjerenje temperature svih \u010dlanova obitelji, bez obzira na dob, a jo\u0161 dodatno olak\u0161ava i poma\u017ee roditeljima prilikom interpretacije tjelesne temperature kod djeteta. Memorira rezultate posljednjeg mjerenja kao pomo\u0107 u pra\u0107enju temperature.<\/p>\n","protected":false},"excerpt":{"rendered":"<p>Mjeri temperaturu u samo 8 sekundi<br \/>\nJedinstvena Age Precision tehnologija razvijena za olak\u0161avanje interpretacije tjelesne temperature<br \/>\nPogodan za mjerenje temperature svih \u010dlanova obitelji<\/p>\n","protected":false},"featured_media":44831,"template":"","meta":{"_seopress_robots_primary_cat":"","_seopress_titles_title":"","_seopress_titles_desc":"","_seopress_robots_index":"","iawp_total_views":0},"product_brand":[144],"product_cat":[192,267],"product_tag":[],"class_list":{"0":"post-44830","1":"product","2":"type-product","3":"status-publish","4":"has-post-thumbnail","6":"product_brand-braun","7":"product_cat-aparati-za-osobnu-njegu","8":"product_cat-zdravstveni-uredaji-192","10":"first","11":"instock","12":"shipping-taxable","13":"purchasable","14":"product-type-simple"},"_links":{"self":[{"href":"https:\/\/singuli.wpress.me\/index.php\/wp-json\/wp\/v2\/product\/44830","targetHints":{"allow":["GET"]}}],"collection":[{"href":"https:\/\/singuli.wpress.me\/index.php\/wp-json\/wp\/v2\/product"}],"about":[{"href":"https:\/\/singuli.wpress.me\/index.php\/wp-json\/wp\/v2\/types\/product"}],"version-history":[{"count":0,"href":"https:\/\/singuli.wpress.me\/index.php\/wp-json\/wp\/v2\/product\/44830\/revisions"}],"wp:featuredmedia":[{"embeddable":true,"href":"https:\/\/singuli.wpress.me\/index.php\/wp-json\/wp\/v2\/media\/44831"}],"wp:attachment":[{"href":"https:\/\/singuli.wpress.me\/index.php\/wp-json\/wp\/v2\/media?parent=44830"}],"wp:term":[{"taxonomy":"product_brand","embeddable":true,"href":"https:\/\/singuli.wpress.me\/index.php\/wp-json\/wp\/v2\/product_brand?post=44830"},{"taxonomy":"product_cat","embeddable":true,"href":"https:\/\/singuli.wpress.me\/index.php\/wp-json\/wp\/v2\/product_cat?post=44830"},{"taxonomy":"product_tag","embeddable":true,"href":"https:\/\/singuli.wpress.me\/index.php\/wp-json\/wp\/v2\/product_tag?post=44830"}],"curies":[{"name":"wp","href":"https:\/\/api.w.org\/{rel}","templated":true}]}}