{"id":44838,"date":"2026-04-20T12:37:06","date_gmt":"2026-04-20T12:37:06","guid":{"rendered":"https:\/\/singuli.wpress.me\/index.php\/proizvod\/lipton-earl-grey-crni-caj-25-vrecica\/"},"modified":"2026-04-20T12:37:06","modified_gmt":"2026-04-20T12:37:06","slug":"lipton-earl-grey-crni-caj-25-vrecica","status":"publish","type":"product","link":"https:\/\/singuli.wpress.me\/index.php\/proizvod\/lipton-earl-grey-crni-caj-25-vrecica\/","title":{"rendered":"LIPTON Earl Grey, crni \u010daj, 25 vre\u0107ica"},"content":{"rendered":"<p>Lipton Earl Grey napravljen je od finog crnog \u010daja s mirisom ulja bergamota. <\/p>\n<p>Ovo bogato ulje dolazi iz kore malog citrusnog vo\u0107a u obliku kru\u0161ke.<\/p>\n<p>Dobro izbalansiran \u010daj svijetle, jantarne boje i svje\u017eeg, nje\u017enog okusa.<\/p>\n<p>\u010caj sadr\u017ei ugodan i osvje\u017eavaju\u0107i okus. Sastojci: Black tea (92%), aroma.Pakiranje od 25 vre\u0107ica<\/p>\n","protected":false},"excerpt":{"rendered":"<p>Crni \u010daj s mirisom ulja bergamota<br \/>\nOsvje\u017eavaju\u0107eg okusa<br \/>\nLipton \u010dajevi jedni su od najprodavanijih \u010dajeva na svijetu<\/p>\n","protected":false},"featured_media":44839,"template":"","meta":{"_seopress_robots_primary_cat":"","_seopress_titles_title":"","_seopress_titles_desc":"","_seopress_robots_index":"","iawp_total_views":0},"product_brand":[361],"product_cat":[261,275],"product_tag":[],"class_list":{"0":"post-44838","1":"product","2":"type-product","3":"status-publish","4":"has-post-thumbnail","6":"product_brand-lipton","7":"product_cat-hrana-i-pice","8":"product_cat-kava-i-cajevi-261","10":"first","11":"outofstock","12":"shipping-taxable","13":"purchasable","14":"product-type-simple"},"_links":{"self":[{"href":"https:\/\/singuli.wpress.me\/index.php\/wp-json\/wp\/v2\/product\/44838","targetHints":{"allow":["GET"]}}],"collection":[{"href":"https:\/\/singuli.wpress.me\/index.php\/wp-json\/wp\/v2\/product"}],"about":[{"href":"https:\/\/singuli.wpress.me\/index.php\/wp-json\/wp\/v2\/types\/product"}],"version-history":[{"count":0,"href":"https:\/\/singuli.wpress.me\/index.php\/wp-json\/wp\/v2\/product\/44838\/revisions"}],"wp:featuredmedia":[{"embeddable":true,"href":"https:\/\/singuli.wpress.me\/index.php\/wp-json\/wp\/v2\/media\/44839"}],"wp:attachment":[{"href":"https:\/\/singuli.wpress.me\/index.php\/wp-json\/wp\/v2\/media?parent=44838"}],"wp:term":[{"taxonomy":"product_brand","embeddable":true,"href":"https:\/\/singuli.wpress.me\/index.php\/wp-json\/wp\/v2\/product_brand?post=44838"},{"taxonomy":"product_cat","embeddable":true,"href":"https:\/\/singuli.wpress.me\/index.php\/wp-json\/wp\/v2\/product_cat?post=44838"},{"taxonomy":"product_tag","embeddable":true,"href":"https:\/\/singuli.wpress.me\/index.php\/wp-json\/wp\/v2\/product_tag?post=44838"}],"curies":[{"name":"wp","href":"https:\/\/api.w.org\/{rel}","templated":true}]}}