{"id":44857,"date":"2026-04-20T12:37:12","date_gmt":"2026-04-20T12:37:12","guid":{"rendered":"https:\/\/singuli.wpress.me\/index.php\/proizvod\/lavazza-papirnata-salica-coffeetogo-177-ml-50-kom\/"},"modified":"2026-04-20T12:37:12","modified_gmt":"2026-04-20T12:37:12","slug":"lavazza-papirnata-salica-coffeetogo-177-ml-50-kom","status":"publish","type":"product","link":"https:\/\/singuli.wpress.me\/index.php\/proizvod\/lavazza-papirnata-salica-coffeetogo-177-ml-50-kom\/","title":{"rendered":"LAVAZZA, papirnata \u0161alica, CoffeeToGo &#8211; 177 ml, 50\u00a0kom"},"content":{"rendered":"<p>Papirnata \u0161alica ima zapreminu od 60Z, \u0161to je prili\u010dno velika i idealna za one koji vole u\u017eivati u ve\u0107im koli\u010dinama napitaka. Ova veli\u010dina \u0161alice je \u010desto popularna u kafi\u0107ima i restoranima jer omogu\u0107uje gostima da dulje u\u017eivaju u svojim omiljenim toplim ili hladnim napicima bez potrebe za \u010destim nadopunjavanjem.<\/p>\n<p>Tako\u0111er je ekolo\u0161ki prihvatljiva opcija za one koji su svjesni va\u017enosti o\u010duvanja okoli\u0161a.<\/p>\n<p>Kona\u010dno, velika zapremina ove \u0161alice odgovara raznovrsnim potrebama, od vru\u0107ih napitaka poput kave, \u010daja ili vru\u0107e \u010dokolade do osvje\u017eavaju\u0107ih hladnih napitaka kao \u0161to su smoothieji ili ledeni \u010dajevi. Bilo da je rije\u010d o radnom mjestu, putovanju ili jednostavno opu\u0161tanju kod ku\u0107e, \u0161alica od 60 unci pru\u017ea udobnost i prakti\u010dnost za sve prigode.<\/p>\n","protected":false},"excerpt":{"rendered":"<p>\u0160alica odgovara raznovrsnim potrebama<br \/>\nVeli\u010dina 60Z<br \/>\nPakiranje od 50 komada<\/p>\n","protected":false},"featured_media":44858,"template":"","meta":{"_seopress_robots_primary_cat":"","_seopress_titles_title":"","_seopress_titles_desc":"","_seopress_robots_index":"","iawp_total_views":0},"product_brand":[393],"product_cat":[274,238],"product_tag":[],"class_list":{"0":"post-44857","1":"product","2":"type-product","3":"status-publish","4":"has-post-thumbnail","6":"product_brand-lavazza","7":"product_cat-kucanski-pribor-238","8":"product_cat-sve-za-dom","10":"first","11":"instock","12":"shipping-taxable","13":"purchasable","14":"product-type-simple"},"_links":{"self":[{"href":"https:\/\/singuli.wpress.me\/index.php\/wp-json\/wp\/v2\/product\/44857","targetHints":{"allow":["GET"]}}],"collection":[{"href":"https:\/\/singuli.wpress.me\/index.php\/wp-json\/wp\/v2\/product"}],"about":[{"href":"https:\/\/singuli.wpress.me\/index.php\/wp-json\/wp\/v2\/types\/product"}],"version-history":[{"count":0,"href":"https:\/\/singuli.wpress.me\/index.php\/wp-json\/wp\/v2\/product\/44857\/revisions"}],"wp:featuredmedia":[{"embeddable":true,"href":"https:\/\/singuli.wpress.me\/index.php\/wp-json\/wp\/v2\/media\/44858"}],"wp:attachment":[{"href":"https:\/\/singuli.wpress.me\/index.php\/wp-json\/wp\/v2\/media?parent=44857"}],"wp:term":[{"taxonomy":"product_brand","embeddable":true,"href":"https:\/\/singuli.wpress.me\/index.php\/wp-json\/wp\/v2\/product_brand?post=44857"},{"taxonomy":"product_cat","embeddable":true,"href":"https:\/\/singuli.wpress.me\/index.php\/wp-json\/wp\/v2\/product_cat?post=44857"},{"taxonomy":"product_tag","embeddable":true,"href":"https:\/\/singuli.wpress.me\/index.php\/wp-json\/wp\/v2\/product_tag?post=44857"}],"curies":[{"name":"wp","href":"https:\/\/api.w.org\/{rel}","templated":true}]}}