{"id":44859,"date":"2026-04-20T12:37:15","date_gmt":"2026-04-20T12:37:15","guid":{"rendered":"https:\/\/singuli.wpress.me\/index.php\/proizvod\/heinz-bbq-umak-chilli-490-g\/"},"modified":"2026-04-20T12:37:15","modified_gmt":"2026-04-20T12:37:15","slug":"heinz-bbq-umak-chilli-490-g","status":"publish","type":"product","link":"https:\/\/singuli.wpress.me\/index.php\/proizvod\/heinz-bbq-umak-chilli-490-g\/","title":{"rendered":"HEINZ, BBQ umak, chilli, 490\u00a0g"},"content":{"rendered":"<p>Heinz BBQ umak s chilijem je popularan proizvod koji se koristi \u0161irom svijeta. Heinz je poznati brend koji proizvodi razne prehrambene proizvode, a BBQ umak s chilli je jedan od njih.<\/p>\n<p>Kombinira bogati okus BBQ umaka s dodatkom pikantnosti od chilli paprike. Ovaj umak je izra\u0111en od pa\u017eljivo odabranih sastojaka, uklju\u010duju\u0107i raj\u010dice, za\u010dine, biljke i, naravno, chilli papri\u010dice koje mu daju karakteristi\u010dnu pikantnost. Ova kombinacija slatko\u0107e, dima i ljutine \u010dini ga idealnim za ljubitelje za\u010dinjene hrane.<\/p>\n<p>Odli\u010dan dodatak jelima kojima \u017eelite dodati pikantan i intenzivan okus. Savr\u0161eno se sla\u017ee s ro\u0161tiljanom svinjetinom, piletinom, govedinom, ali i povr\u0107em. Mo\u017ee se koristiti kao premaz za pe\u010denje ili ro\u0161tiljanje, umak za umakanje ili kao dodatak za\u010dinjanju jela kako biste im dodali \u017eeljenu ljutinu.<\/p>\n<p>Ovaj BBQ umak s \u010dilijem dolazi u prakti\u010dnim bo\u010dicama koje su jednostavne za upotrebu i \u010duvanje. Mo\u017ee se jednostavno dozirati ili preliti po hrani, a \u010dep omogu\u0107ava jednostavno zatvaranje i \u010duvanje proizvoda za kasniju upotrebu.<\/p>\n<p>Heinz BBQ umak s \u010dilijem proizvodi se s visokim standardima kvalitete i sigurnosti hrane kao i svi drugi proizvodi ovog brenda. Heinz je poznat po dugogodi\u0161njem iskustvu i predanosti u proizvodnji vrhunskih prehrambenih proizvoda.<\/p>\n<p>Ukratko, Heinz BBQ umak s \u010dilijem je popularan proizvod koji nudi bogat i pikantan okus. Njegova raznolika upotreba \u010dini ga idealnim dodatkom za ro\u0161tilj i druge mesne ili povrtne specijalitete za ljubitelje za\u010dinjene hrane.<\/p>\n<p>\nRegenerate response<\/p>\n","protected":false},"excerpt":{"rendered":"<p>Kombinira bogati okus BBQ umaka s dodatkom pikantnosti<br \/>\nIzra\u0111en od pa\u017eljivo odabranih sastojaka<br \/>\nProizvodi se s visokim standardima kvalitete i sigurnosti hrane<\/p>\n","protected":false},"featured_media":44860,"template":"","meta":{"_seopress_robots_primary_cat":"","_seopress_titles_title":"","_seopress_titles_desc":"","_seopress_robots_index":"","iawp_total_views":0},"product_brand":[395],"product_cat":[266,265,160],"product_tag":[],"class_list":{"0":"post-44859","1":"product","2":"type-product","3":"status-publish","4":"has-post-thumbnail","6":"product_brand-heinz","7":"product_cat-aparati-za-kuhanje-265","8":"product_cat-kuhinjski-aparati-160","9":"product_cat-mali-kucanski-aparati","11":"first","12":"outofstock","13":"shipping-taxable","14":"purchasable","15":"product-type-simple"},"_links":{"self":[{"href":"https:\/\/singuli.wpress.me\/index.php\/wp-json\/wp\/v2\/product\/44859","targetHints":{"allow":["GET"]}}],"collection":[{"href":"https:\/\/singuli.wpress.me\/index.php\/wp-json\/wp\/v2\/product"}],"about":[{"href":"https:\/\/singuli.wpress.me\/index.php\/wp-json\/wp\/v2\/types\/product"}],"version-history":[{"count":0,"href":"https:\/\/singuli.wpress.me\/index.php\/wp-json\/wp\/v2\/product\/44859\/revisions"}],"wp:featuredmedia":[{"embeddable":true,"href":"https:\/\/singuli.wpress.me\/index.php\/wp-json\/wp\/v2\/media\/44860"}],"wp:attachment":[{"href":"https:\/\/singuli.wpress.me\/index.php\/wp-json\/wp\/v2\/media?parent=44859"}],"wp:term":[{"taxonomy":"product_brand","embeddable":true,"href":"https:\/\/singuli.wpress.me\/index.php\/wp-json\/wp\/v2\/product_brand?post=44859"},{"taxonomy":"product_cat","embeddable":true,"href":"https:\/\/singuli.wpress.me\/index.php\/wp-json\/wp\/v2\/product_cat?post=44859"},{"taxonomy":"product_tag","embeddable":true,"href":"https:\/\/singuli.wpress.me\/index.php\/wp-json\/wp\/v2\/product_tag?post=44859"}],"curies":[{"name":"wp","href":"https:\/\/api.w.org\/{rel}","templated":true}]}}