{"id":44861,"date":"2026-04-20T12:37:16","date_gmt":"2026-04-20T12:37:16","guid":{"rendered":"https:\/\/singuli.wpress.me\/index.php\/proizvod\/domo-ms171-rezalica-bijela\/"},"modified":"2026-04-20T12:37:16","modified_gmt":"2026-04-20T12:37:16","slug":"domo-ms171-rezalica-bijela","status":"publish","type":"product","link":"https:\/\/singuli.wpress.me\/index.php\/proizvod\/domo-ms171-rezalica-bijela\/","title":{"rendered":"DOMO MS171, rezalica, bijela"},"content":{"rendered":"<p>Ne mo\u017ee biti jednostavnije rezati kruh, povr\u0107e, meso i sir na pravu debljinu. Debljinu reza mo\u017eete podesiti do 15 mm. Univerzalna rezalica ima lagano nazubljenu o\u0161tricu od nehr\u0111aju\u0107eg \u010delika promjera 17 cm i sigurnosni prekida\u010d. Nakon upotrebe, rezalica se lako \u010disti i pohranjuje. Ure\u0111aj dolazi s nosa\u010dem za hranu, poguriva\u010dem i \u0161titnikom za prste.<\/p>\n","protected":false},"excerpt":{"rendered":"<p>Lako uklonjiva o\u0161trica<br \/>\nPodesiva \u0161irina rezanja (0-15 mm)<br \/>\nSigurnosni prekida\u010d<\/p>\n","protected":false},"featured_media":44862,"template":"","meta":{"_seopress_robots_primary_cat":"","_seopress_titles_title":"","_seopress_titles_desc":"","_seopress_robots_index":"","iawp_total_views":0},"product_brand":[255],"product_cat":[192,267],"product_tag":[],"class_list":{"0":"post-44861","1":"product","2":"type-product","3":"status-publish","4":"has-post-thumbnail","6":"product_brand-domo","7":"product_cat-aparati-za-osobnu-njegu","8":"product_cat-zdravstveni-uredaji-192","10":"first","11":"outofstock","12":"shipping-taxable","13":"purchasable","14":"product-type-simple"},"_links":{"self":[{"href":"https:\/\/singuli.wpress.me\/index.php\/wp-json\/wp\/v2\/product\/44861","targetHints":{"allow":["GET"]}}],"collection":[{"href":"https:\/\/singuli.wpress.me\/index.php\/wp-json\/wp\/v2\/product"}],"about":[{"href":"https:\/\/singuli.wpress.me\/index.php\/wp-json\/wp\/v2\/types\/product"}],"version-history":[{"count":0,"href":"https:\/\/singuli.wpress.me\/index.php\/wp-json\/wp\/v2\/product\/44861\/revisions"}],"wp:featuredmedia":[{"embeddable":true,"href":"https:\/\/singuli.wpress.me\/index.php\/wp-json\/wp\/v2\/media\/44862"}],"wp:attachment":[{"href":"https:\/\/singuli.wpress.me\/index.php\/wp-json\/wp\/v2\/media?parent=44861"}],"wp:term":[{"taxonomy":"product_brand","embeddable":true,"href":"https:\/\/singuli.wpress.me\/index.php\/wp-json\/wp\/v2\/product_brand?post=44861"},{"taxonomy":"product_cat","embeddable":true,"href":"https:\/\/singuli.wpress.me\/index.php\/wp-json\/wp\/v2\/product_cat?post=44861"},{"taxonomy":"product_tag","embeddable":true,"href":"https:\/\/singuli.wpress.me\/index.php\/wp-json\/wp\/v2\/product_tag?post=44861"}],"curies":[{"name":"wp","href":"https:\/\/api.w.org\/{rel}","templated":true}]}}