{"id":44867,"date":"2026-04-20T12:37:17","date_gmt":"2026-04-20T12:37:17","guid":{"rendered":"https:\/\/singuli.wpress.me\/index.php\/proizvod\/old-spice-captain-poklon-paket-putna-torba-losion-poslije-brijanja-100ml-stick-50ml-gel-za-tusiranje-250ml\/"},"modified":"2026-04-20T12:37:17","modified_gmt":"2026-04-20T12:37:17","slug":"old-spice-captain-poklon-paket-putna-torba-losion-poslije-brijanja-100ml-stick-50ml-gel-za-tusiranje-250ml","status":"publish","type":"product","link":"https:\/\/singuli.wpress.me\/index.php\/proizvod\/old-spice-captain-poklon-paket-putna-torba-losion-poslije-brijanja-100ml-stick-50ml-gel-za-tusiranje-250ml\/","title":{"rendered":"OLD SPICE Captain, poklon paket, putna torba + losion poslije brijanja 100ml + stick 50ml + gel za tu\u0161iranje 250ml"},"content":{"rendered":"<p>Old Spice Original je jedinstveni miris iskusnih mu\u0161karaca ve\u0107 desetlje\u0107ima. Old Spice donosi \u0161iroku ponudu kozmetike za mu\u0161karce dinami\u010dnog i nekonvencionalnog stila \u017eivljenja, s upe\u010datljivim mu\u017eevnim mirisom koji o\u017eivljuje sva \u010dula i osvje\u017eava. Miris iskustva.<\/p>\n<p>Antiperspirantni dezodorans u gelu Old Spice Captain toliko je mo\u0107an da bi mogao zaustaviti rijeku, a neugodni mirisi jednostavno bje\u017ee pred njim. I to na 48 sati. Nanesi ga ispod pazuha i samouvjereno zaplovi morima svakodnevnih izazova. Njegov supergenijalni miris ne blijedi pa i ti i svi oko tebe mo\u017eete u\u017eivati u tvom dobrom mirisu cijelog dana.<\/p>\n<p> Gel za tu\u0161iranje Old Spice Captain uspje\u0161no brodi morem neugodnih mirisa i prljav\u0161tine izbacuju\u0107i ih naglava\u010dke s tvog tijela, a da se glava ne bi osje\u0107ala zanemarenom, ovaj gel funkcionira i kao \u0161ampon. Njegov svje\u017e miris sandalovine i otvorenog oceana jam\u010di da \u0107e\u0161 svojom pojavom izazivati respekt gdje god da se pojavi\u0161.<\/p>\n","protected":false},"excerpt":{"rendered":"<p>Old Spice Original je jedinstveni miris iskusnih mu\u0161karaca ve\u0107 desetlje\u0107ima. Old Spice donosi \u0161iroku ponudu kozmetike za mu\u0161karce dinami\u010dnog i<\/p>\n","protected":false},"featured_media":44868,"template":"","meta":{"_seopress_robots_primary_cat":"","_seopress_titles_title":"","_seopress_titles_desc":"","_seopress_robots_index":"","iawp_total_views":0},"product_brand":[448],"product_cat":[261,277],"product_tag":[],"class_list":{"0":"post-44867","1":"product","2":"type-product","3":"status-publish","4":"has-post-thumbnail","6":"product_brand-old-spice","7":"product_cat-hrana-i-pice","8":"product_cat-slatkisi-i-grickalice-261","10":"first","11":"outofstock","12":"shipping-taxable","13":"purchasable","14":"product-type-simple"},"_links":{"self":[{"href":"https:\/\/singuli.wpress.me\/index.php\/wp-json\/wp\/v2\/product\/44867","targetHints":{"allow":["GET"]}}],"collection":[{"href":"https:\/\/singuli.wpress.me\/index.php\/wp-json\/wp\/v2\/product"}],"about":[{"href":"https:\/\/singuli.wpress.me\/index.php\/wp-json\/wp\/v2\/types\/product"}],"version-history":[{"count":0,"href":"https:\/\/singuli.wpress.me\/index.php\/wp-json\/wp\/v2\/product\/44867\/revisions"}],"wp:featuredmedia":[{"embeddable":true,"href":"https:\/\/singuli.wpress.me\/index.php\/wp-json\/wp\/v2\/media\/44868"}],"wp:attachment":[{"href":"https:\/\/singuli.wpress.me\/index.php\/wp-json\/wp\/v2\/media?parent=44867"}],"wp:term":[{"taxonomy":"product_brand","embeddable":true,"href":"https:\/\/singuli.wpress.me\/index.php\/wp-json\/wp\/v2\/product_brand?post=44867"},{"taxonomy":"product_cat","embeddable":true,"href":"https:\/\/singuli.wpress.me\/index.php\/wp-json\/wp\/v2\/product_cat?post=44867"},{"taxonomy":"product_tag","embeddable":true,"href":"https:\/\/singuli.wpress.me\/index.php\/wp-json\/wp\/v2\/product_tag?post=44867"}],"curies":[{"name":"wp","href":"https:\/\/api.w.org\/{rel}","templated":true}]}}