{"id":44869,"date":"2026-04-20T12:37:18","date_gmt":"2026-04-20T12:37:18","guid":{"rendered":"https:\/\/singuli.wpress.me\/index.php\/proizvod\/lavazza-dolce-gusto-kapsule-cappuccino-16x128g\/"},"modified":"2026-04-20T12:37:18","modified_gmt":"2026-04-20T12:37:18","slug":"lavazza-dolce-gusto-kapsule-cappuccino-16x128g","status":"publish","type":"product","link":"https:\/\/singuli.wpress.me\/index.php\/proizvod\/lavazza-dolce-gusto-kapsule-cappuccino-16x128g\/","title":{"rendered":"LAVAZZA Dolce Gusto, kapsule, Cappuccino, 16x128g"},"content":{"rendered":"<p>DGC Cappuccino Iz mje\u0161avine tijela sna\u017enog espessa i kremastog mlijeka nastaje uspon najboljeg izra\u017eaja Cappuccina od Lavazze. Odabrali smo srednjo-ju\u017enoameri\u010dku arabicu kavu i azijsku robustu kako bismo prona\u0161li najprikladniju mje\u0161avinu za kombiniranje s mlijekom: dopustite da vas iznenadi delikatnost ovog susreta. Sastav: Arabica &amp; Robusta<\/p>\n","protected":false},"excerpt":{"rendered":"<p>Arabica i Robusta<br \/>\nOkus: bogatog i punog tijela \/ meko\u0107a mlijeka<br \/>\nAroma: \u010dokolada i \u0161umsko vo\u0107e<\/p>\n","protected":false},"featured_media":44870,"template":"","meta":{"_seopress_robots_primary_cat":"","_seopress_titles_title":"","_seopress_titles_desc":"","_seopress_robots_index":"","iawp_total_views":0},"product_brand":[393],"product_cat":[211,289],"product_tag":[],"class_list":{"0":"post-44869","1":"product","2":"type-product","3":"status-publish","4":"has-post-thumbnail","6":"product_brand-lavazza","7":"product_cat-njega-majke-i-djeteta","8":"product_cat-trudnoca-i-vitamini-211","10":"first","11":"instock","12":"shipping-taxable","13":"purchasable","14":"product-type-simple"},"_links":{"self":[{"href":"https:\/\/singuli.wpress.me\/index.php\/wp-json\/wp\/v2\/product\/44869","targetHints":{"allow":["GET"]}}],"collection":[{"href":"https:\/\/singuli.wpress.me\/index.php\/wp-json\/wp\/v2\/product"}],"about":[{"href":"https:\/\/singuli.wpress.me\/index.php\/wp-json\/wp\/v2\/types\/product"}],"version-history":[{"count":0,"href":"https:\/\/singuli.wpress.me\/index.php\/wp-json\/wp\/v2\/product\/44869\/revisions"}],"wp:featuredmedia":[{"embeddable":true,"href":"https:\/\/singuli.wpress.me\/index.php\/wp-json\/wp\/v2\/media\/44870"}],"wp:attachment":[{"href":"https:\/\/singuli.wpress.me\/index.php\/wp-json\/wp\/v2\/media?parent=44869"}],"wp:term":[{"taxonomy":"product_brand","embeddable":true,"href":"https:\/\/singuli.wpress.me\/index.php\/wp-json\/wp\/v2\/product_brand?post=44869"},{"taxonomy":"product_cat","embeddable":true,"href":"https:\/\/singuli.wpress.me\/index.php\/wp-json\/wp\/v2\/product_cat?post=44869"},{"taxonomy":"product_tag","embeddable":true,"href":"https:\/\/singuli.wpress.me\/index.php\/wp-json\/wp\/v2\/product_tag?post=44869"}],"curies":[{"name":"wp","href":"https:\/\/api.w.org\/{rel}","templated":true}]}}