{"id":44872,"date":"2026-04-20T12:37:19","date_gmt":"2026-04-20T12:37:19","guid":{"rendered":"https:\/\/singuli.wpress.me\/index.php\/proizvod\/oral-b-stages-power-disney-d2-elektricna-cetkica-za-zube\/"},"modified":"2026-04-20T12:37:19","modified_gmt":"2026-04-20T12:37:19","slug":"oral-b-stages-power-disney-d2-elektricna-cetkica-za-zube","status":"publish","type":"product","link":"https:\/\/singuli.wpress.me\/index.php\/proizvod\/oral-b-stages-power-disney-d2-elektricna-cetkica-za-zube\/","title":{"rendered":"ORAL-B Stages Power Disney D2, elektri\u010dna \u010detkica za zube"},"content":{"rendered":"<p>Oral-B Stages Power baterijska elektri\u010dna \u010detkica za zube dizajnirana je posebno za djecu. Ima zabavan, \u0161areni dizajn i mekana vlakna za djecu da nau\u010de kako \u010detkati zube na zabavan na\u010din.<br \/>\n&#8211; Poti\u010de temeljito \u010detkanje sa zna\u010dajkama dizajniranim posebno za djecu.<br \/>\n&#8211; 2-minutni mjera\u010d vremena upozorava kada je dijete zavr\u0161ilo 2 minute pranja zuba.<br \/>\n&#8211; Mekana, gumena ergonomska ru\u010dka za dobro dr\u017eanje.<br \/>\n&#8211; Djeca \u010detkaju do 90% du\u017ee s Oral-B Stages proizvodima.<br \/>\n&#8211; Prikladno za djecu stariju od 3 godine.<br \/>\n&#8211; Radi na 2 AA baterije (baterije su uklju\u010dene).<br \/>\n&#8211; Dostupan u dizajnu za dje\u010dake i djevoj\u010dice.<br \/>\nPotaknite svoje dijete da \u010detka najmanje dvije minute dva puta dnevno s Oral-B Stages \u010detkicama za zube i aplikacijom Magic Timer kako bi pranje zuba bilo zabavnije.<\/p>\n","protected":false},"excerpt":{"rendered":"<p>Poti\u010de temeljito \u010detkanje sa zna\u010dajkama dizajniranim posebno za djecu<br \/>\nMekana, gumena ergonomska ru\u010dka za dobro dr\u017eanje<br \/>\nDjeca \u010detkaju do 90% dulje s Oral-B Stages proizvodima<\/p>\n","protected":false},"featured_media":44873,"template":"","meta":{"_seopress_robots_primary_cat":"","_seopress_titles_title":"","_seopress_titles_desc":"","_seopress_robots_index":"","iawp_total_views":0},"product_brand":[423],"product_cat":[293,192,292],"product_tag":[],"class_list":{"0":"post-44872","1":"product","2":"type-product","3":"status-publish","4":"has-post-thumbnail","6":"product_brand-oral-b-2","7":"product_cat-aparati-za-djecu-i-odrasle-292","8":"product_cat-aparati-za-osobnu-njegu","9":"product_cat-oralna-higijena-uredaji-192","11":"first","12":"outofstock","13":"shipping-taxable","14":"purchasable","15":"product-type-simple"},"_links":{"self":[{"href":"https:\/\/singuli.wpress.me\/index.php\/wp-json\/wp\/v2\/product\/44872","targetHints":{"allow":["GET"]}}],"collection":[{"href":"https:\/\/singuli.wpress.me\/index.php\/wp-json\/wp\/v2\/product"}],"about":[{"href":"https:\/\/singuli.wpress.me\/index.php\/wp-json\/wp\/v2\/types\/product"}],"version-history":[{"count":0,"href":"https:\/\/singuli.wpress.me\/index.php\/wp-json\/wp\/v2\/product\/44872\/revisions"}],"wp:featuredmedia":[{"embeddable":true,"href":"https:\/\/singuli.wpress.me\/index.php\/wp-json\/wp\/v2\/media\/44873"}],"wp:attachment":[{"href":"https:\/\/singuli.wpress.me\/index.php\/wp-json\/wp\/v2\/media?parent=44872"}],"wp:term":[{"taxonomy":"product_brand","embeddable":true,"href":"https:\/\/singuli.wpress.me\/index.php\/wp-json\/wp\/v2\/product_brand?post=44872"},{"taxonomy":"product_cat","embeddable":true,"href":"https:\/\/singuli.wpress.me\/index.php\/wp-json\/wp\/v2\/product_cat?post=44872"},{"taxonomy":"product_tag","embeddable":true,"href":"https:\/\/singuli.wpress.me\/index.php\/wp-json\/wp\/v2\/product_tag?post=44872"}],"curies":[{"name":"wp","href":"https:\/\/api.w.org\/{rel}","templated":true}]}}