{"id":44881,"date":"2026-04-20T12:37:21","date_gmt":"2026-04-20T12:37:21","guid":{"rendered":"https:\/\/singuli.wpress.me\/index.php\/proizvod\/ariel-color-tekuci-deterdzent-za-pranje-rublja-1-76l-32-pranja\/"},"modified":"2026-04-20T12:37:21","modified_gmt":"2026-04-20T12:37:21","slug":"ariel-color-tekuci-deterdzent-za-pranje-rublja-1-76l-32-pranja","status":"publish","type":"product","link":"https:\/\/singuli.wpress.me\/index.php\/proizvod\/ariel-color-tekuci-deterdzent-za-pranje-rublja-1-76l-32-pranja\/","title":{"rendered":"ARIEL Color+, teku\u0107i deterd\u017eent za pranje rublja, 1.76l, 32\u00a0pranja"},"content":{"rendered":"<p>Teku\u0107i deterd\u017eent za pranje rublja Ariel Color+ omogu\u0107ava vrhunsko uklanjanje mrlja, \u010dak i na ni\u017eim temperaturama. Premda je nemilosrdan za mrlje, istodobno je nje\u017ean prema tkaninama i \u010duva blistavost boja. <\/p>\n<p>Teku\u0107i deterd\u017eent Ariel dolazi u pakiranju koje se mo\u017ee reciklirati. Tvrdokorne mrlje prije pranja tretirajte teku\u0107im deterd\u017eentom Ariel Color+ i njegovim zelenim \u010depom, a zatim operite rublje u perilici. <\/p>\n<p>Za najbolje rezultate \u010dep s deterd\u017eentom stavite izravno u bubanj perilice rublja. Iz ekolo\u0161kih razloga na neke boce ne stavljamo \u010dep s mjericom. Takav je \u010dep besplatno dostupan na internetskoj stranici ariel.info.<\/p>\n","protected":false},"excerpt":{"rendered":"<p>Odr\u017eava blistavost boje<br \/>\nNje\u017ean prema tkaninama<br \/>\nPakiranje se mo\u017ee reciklirati<\/p>\n","protected":false},"featured_media":44882,"template":"","meta":{"_seopress_robots_primary_cat":"","_seopress_titles_title":"","_seopress_titles_desc":"","_seopress_robots_index":"","iawp_total_views":0},"product_brand":[427],"product_cat":[283,238],"product_tag":[],"class_list":{"0":"post-44881","1":"product","2":"type-product","3":"status-publish","4":"has-post-thumbnail","6":"product_brand-ariel","7":"product_cat-pranje-rublja-238","8":"product_cat-sve-za-dom","10":"first","11":"outofstock","12":"shipping-taxable","13":"purchasable","14":"product-type-simple"},"_links":{"self":[{"href":"https:\/\/singuli.wpress.me\/index.php\/wp-json\/wp\/v2\/product\/44881","targetHints":{"allow":["GET"]}}],"collection":[{"href":"https:\/\/singuli.wpress.me\/index.php\/wp-json\/wp\/v2\/product"}],"about":[{"href":"https:\/\/singuli.wpress.me\/index.php\/wp-json\/wp\/v2\/types\/product"}],"version-history":[{"count":0,"href":"https:\/\/singuli.wpress.me\/index.php\/wp-json\/wp\/v2\/product\/44881\/revisions"}],"wp:featuredmedia":[{"embeddable":true,"href":"https:\/\/singuli.wpress.me\/index.php\/wp-json\/wp\/v2\/media\/44882"}],"wp:attachment":[{"href":"https:\/\/singuli.wpress.me\/index.php\/wp-json\/wp\/v2\/media?parent=44881"}],"wp:term":[{"taxonomy":"product_brand","embeddable":true,"href":"https:\/\/singuli.wpress.me\/index.php\/wp-json\/wp\/v2\/product_brand?post=44881"},{"taxonomy":"product_cat","embeddable":true,"href":"https:\/\/singuli.wpress.me\/index.php\/wp-json\/wp\/v2\/product_cat?post=44881"},{"taxonomy":"product_tag","embeddable":true,"href":"https:\/\/singuli.wpress.me\/index.php\/wp-json\/wp\/v2\/product_tag?post=44881"}],"curies":[{"name":"wp","href":"https:\/\/api.w.org\/{rel}","templated":true}]}}