{"id":44883,"date":"2026-04-20T12:37:23","date_gmt":"2026-04-20T12:37:23","guid":{"rendered":"https:\/\/singuli.wpress.me\/index.php\/proizvod\/braun-silkepil-5-5-805-epilator\/"},"modified":"2026-04-21T00:27:28","modified_gmt":"2026-04-21T00:27:28","slug":"braun-silkepil-5-5-805-epilator","status":"publish","type":"product","link":"https:\/\/singuli.wpress.me\/index.php\/proizvod\/braun-silkepil-5-5-805-epilator\/","title":{"rendered":"BRAUN SilkEpil 5 5-805, epilator"},"content":{"rendered":"<p>Epilator Braun Silk-\u00e9pil 5-805 epilator za po\u010detnike koji omogu\u0107uje nje\u017eno uklanjanje dla\u010dica<\/p>\n<p>NJE\u017dNOST: \u017denski epilator, savr\u0161en za po\u010detnike, pru\u017ea do 100% nje\u017eno uklanjanje dla\u010dica u samo jednom potezu.<br \/>\nTEMELJITOST: Tehnologija pinceta Micro-Grip (28 pinceta) za uklanjanje dla\u010dica ne du\u017eih od zrnca pijeska.<br \/>\nGLATKA KO\u017dA: brijanje, podrezivanje i epilacija za dugotrajno glatku ko\u017eu.<br \/>\nMANJE BOLNOSTI: visokofrekventni nastavak za masa\u017eu s pulsiranjem aktivnih vibracija za smanjenje osje\u0107aja boli.<br \/>\nU\u010cINKOVITOST: prilago\u0111ava se svim konturama za u\u010dinkovitu epilaciju, \u010dak i na te\u0161kim podru\u010djima poput koljena i pazuha.<\/p>\n<p>Sadr\u017eaj kutije:<br \/>\n1 x epilator<br \/>\n1 x glava za brijanje<br \/>\n1 x glava za podrezivanje<br \/>\n1 x dodatak za kontakt s ko\u017eom<br \/>\n1 x trimer za bikini zonu<br \/>\n1 x premium torba<br \/>\n1x punja\u010d<\/p>\n<p>Posebno nje\u017ena epilacija<br \/>\nSilk-\u00e9pil 5 nudi postavku za nje\u017eno uklanjanje dla\u010dica. Budu\u0107i da epilator ima protukliznu dr\u0161ku, mo\u017eete ga koristiti tijekom kupanja ili tu\u0161iranja. Ako ga \u010desto koristite s vodom, epilacija postaje prakti\u010dki bezbolna, \u0161to je idealno za \u017eene koje se tek navikavaju na epilaciju.<\/p>\n<p>Epilacija u jednom potezu<br \/>\nRije\u0161ite se dla\u010dica br\u017ee i du\u017ee. Uz 28 \u0161irih, du\u017eih i dubljih pinceta, tehnologija Micro-Grip pove\u0107ava \u0161anse za hvatanje dla\u010dica jednim potezom.<\/p>\n<p>Glatko klizanje<br \/>\nKoristite epilator s gelom ili pjenom za brijanje tako da glatko klizi po va\u0161oj ko\u017ei. Epilacija u toploj vodi opu\u0161ta ko\u017eu i pru\u017ea vam jo\u0161 nje\u017enije iskustvo.<\/p>\n<p>Bikini linija po va\u0161oj \u017eelji<br \/>\nDizajniran za brijanje preciznih linija, oblika ili rubova &#8211; \u0161to god mo\u017eete zamisliti. Otkrijte svoju kreativnost uz trimer za bikini zonu.<\/p>\n<p>Glatki pazusi<br \/>\nObuci svoju omiljenu majicu bez rukava s povjerenjem jer su ti pazusi meki i glatki. Za posebno osjetljiva podru\u010dja preporu\u010damo kori\u0161tenje glave za brijanje koja je uklju\u010dena u set.<\/p>\n<p>Dodatak za visokofrekventnu masa\u017eu<br \/>\nSilk-\u00e9pil 5 opremljen je nastavkom za masa\u017eu za ugodniju i nje\u017eniju epilaciju.<\/p>\n<p>Brijanje i podrezivanje<br \/>\nS glavom za brijanje epilator se pretvara u potpuno funkcionalan aparat za brijanje, no ako vi\u0161e volite podrezivati dla\u010dice, mo\u017eete koristiti nastavak za podrezivanje.<\/p>\n<p>Mokra i suha upotreba<br \/>\n100% vodootporan, pogodan za kori\u0161tenje u kadi ili pod tu\u0161em. \u010cestim kori\u0161tenjem u vodi, epilacija postaje prakti\u010dki bezbolna.<\/p>\n<p>2 postavke brzine<br \/>\nEpilator ima dvije postavke brzine: brzina 1 za posebno nje\u017enu epilaciju i brzina 2 za posebno u\u010dinkovitu epilaciju.<\/p>\n<p>Tehni\u010dke specifikacije:<br \/>\n&#8211; Broj pinceta: 28<br \/>\n&#8211; Mokra i suha uporaba<br \/>\n&#8211; Glava za brijanje i podrezivanje<br \/>\n&#8211; Ekstra \u0161iroka glava epilatora<br \/>\n&#8211; Dodatak za kontakt s ko\u017eom<br \/>\n&#8211; Vrijeme kori\u0161tenja: 30 minuta<br \/>\n&#8211; Vrijeme punjenja: 1 sat<br \/>\n&#8211; 2 brzine<\/p>\n","protected":false},"excerpt":{"rendered":"<p>\u017denski epilator, savr\u0161en za po\u010detnike, pru\u017ea do 100% nje\u017eno uklanjanje dla\u010dica u samo jednom potezu<br \/>\nTehnologija pinceta Micro-Grip (28 pinceta) za uklanjanje dla\u010dica ne du\u017eih od zrnca pijeska<br \/>\nPrilago\u0111ava se svim konturama za u\u010dinkovitu epilaciju, \u010dak i na te\u0161kim podru\u010djima poput koljena i pazuha<\/p>\n","protected":false},"featured_media":44884,"template":"","meta":{"_seopress_robots_primary_cat":"","_seopress_titles_title":"","_seopress_titles_desc":"","_seopress_robots_index":"","iawp_total_views":0},"product_brand":[144],"product_cat":[192,282,281],"product_tag":[],"class_list":{"0":"post-44883","1":"product","2":"type-product","3":"status-publish","4":"has-post-thumbnail","6":"product_brand-braun","7":"product_cat-aparati-za-osobnu-njegu","8":"product_cat-aparati-za-zene-281","9":"product_cat-epilatori-i-ipl-192","11":"first","12":"outofstock","13":"shipping-taxable","14":"purchasable","15":"product-type-simple"},"_links":{"self":[{"href":"https:\/\/singuli.wpress.me\/index.php\/wp-json\/wp\/v2\/product\/44883","targetHints":{"allow":["GET"]}}],"collection":[{"href":"https:\/\/singuli.wpress.me\/index.php\/wp-json\/wp\/v2\/product"}],"about":[{"href":"https:\/\/singuli.wpress.me\/index.php\/wp-json\/wp\/v2\/types\/product"}],"version-history":[{"count":0,"href":"https:\/\/singuli.wpress.me\/index.php\/wp-json\/wp\/v2\/product\/44883\/revisions"}],"wp:featuredmedia":[{"embeddable":true,"href":"https:\/\/singuli.wpress.me\/index.php\/wp-json\/wp\/v2\/media\/44884"}],"wp:attachment":[{"href":"https:\/\/singuli.wpress.me\/index.php\/wp-json\/wp\/v2\/media?parent=44883"}],"wp:term":[{"taxonomy":"product_brand","embeddable":true,"href":"https:\/\/singuli.wpress.me\/index.php\/wp-json\/wp\/v2\/product_brand?post=44883"},{"taxonomy":"product_cat","embeddable":true,"href":"https:\/\/singuli.wpress.me\/index.php\/wp-json\/wp\/v2\/product_cat?post=44883"},{"taxonomy":"product_tag","embeddable":true,"href":"https:\/\/singuli.wpress.me\/index.php\/wp-json\/wp\/v2\/product_tag?post=44883"}],"curies":[{"name":"wp","href":"https:\/\/api.w.org\/{rel}","templated":true}]}}