{"id":44889,"date":"2026-04-20T12:37:25","date_gmt":"2026-04-20T12:37:25","guid":{"rendered":"https:\/\/singuli.wpress.me\/index.php\/proizvod\/braun-silkepil-9-705-epilator\/"},"modified":"2026-04-23T00:28:06","modified_gmt":"2026-04-23T00:28:06","slug":"braun-silkepil-9-705-epilator","status":"publish","type":"product","link":"https:\/\/singuli.wpress.me\/proizvod\/braun-silkepil-9-705-epilator\/","title":{"rendered":"BRAUN SilkEpil 9-705, epilator"},"content":{"rendered":"<p>Epilator Braun Silk-\u00e9pil 9 9-705 epilator za dugotrajno glatku ko\u017eu bez dla\u010dica.<\/p>\n<p>&#8211; LAGAN: \u017eenski epilator sa \u0161irokom, fleksibilnom glavom za lak\u0161e i u\u010dinkovitije uklanjanje dla\u010dica.<br \/>\n&#8211; GLATKA KO\u017dA: Tehnologija pinceta Micro-Grip (40 pinceta) osigurava glatku ko\u017eu tjednima, a ne samo danima.<br \/>\n&#8211; PRAKTI\u010cNOST: ergonomska ru\u010dka omogu\u0107uje udobno kori\u0161tenje na svim dijelovima tijela.<br \/>\n&#8211; MANJE BOLI: 100% vodootporan, tako da ga mo\u017eete koristiti tijekom kupanja ili tu\u0161iranja za manje bolno iskustvo.<br \/>\n&#8211; SVESTRANOST: uklju\u010duje glavu za brijanje koja se mo\u017ee koristiti umjesto glave epilatora na osjetljivim podru\u010djima.<\/p>\n<p>Sadr\u017eaj kutije:<br \/>\n1 x epilator<br \/>\n1 x glava za brijanje<br \/>\n1 x glava za podrezivanje<br \/>\n1 x torba<br \/>\n1x punja\u010d<\/p>\n<p>Izuzetno brzi rezultati<br \/>\nSilk-\u00e9pil 9 sa \u0161irokom glavom za br\u017eu epilaciju i najbr\u017ee mogu\u0107e rezultate. Opremljen je dodatnim nastavcima koji vam omogu\u0107uju brijanje, podrezivanje i epilaciju za glatku ko\u017eu koja traje tjednima, a ne samo danima.<\/p>\n<p>Glatka i blistava ko\u017ea<br \/>\nKoristite set za osjetno gla\u0111u ko\u017eu uklanjanjem dla\u010dica iz korijena &#8211; osnovna njega za svilenkastu, blistavu ko\u017eu ruku i stopala.<\/p>\n<p>Epilacija u jednom potezu<br \/>\nRije\u0161ite se dla\u010dica br\u017ee i du\u017ee. Tehnologija Micro-Grip s 40% \u0161irom glavom uklanja dla\u010dice u jednom potezu za u\u010dinkovitiju epilaciju.<\/p>\n<p>Nje\u017eno brijanje<br \/>\nBilo da se radi o bikini zoni ili ispod pazuha, za vrlo osjetljiva podru\u010dja mo\u017eete koristiti brija\u0107u glavu koja dolazi uz set i obrijati dlake umjesto da ih \u010dupate.<\/p>\n<p>Glatki pazusi<br \/>\nObuci svoju omiljenu majicu bez rukava s povjerenjem jer su ti pazusi meki i glatki. Za posebno osjetljiva podru\u010dja preporu\u010damo kori\u0161tenje glave za brijanje koja je uklju\u010dena u set.<\/p>\n<p>Brijanje i podrezivanje<br \/>\nS glavom za brijanje epilator se pretvara u potpuno funkcionalan aparat za brijanje, no ako vi\u0161e volite podrezivati \u200b\u200bdla\u010dice, mo\u017eete koristiti nastavak za podrezivanje.<\/p>\n<p>Dodatak za visokofrekventnu masa\u017eu<br \/>\nSilk-\u00e9pil 9 opremljen je nastavkom za masa\u017eu koji poma\u017ee smanjiti osje\u0107aj boli, tako da je va\u0161e iskustvo epilacije posebno nje\u017eno.<\/p>\n<p>Mokro suho<br \/>\n100% vodootporan, pogodan za kori\u0161tenje u kadi ili pod tu\u0161em. \u010cestim kori\u0161tenjem u vodi, epilacija postaje prakti\u010dki bezbolna.<\/p>\n<p>Upravljanje pritiskom<br \/>\nKoriste\u0107i crveno svjetlo, tehnologija SensoSmart\u2122 vodi va\u0161u epilaciju primjenom odgovaraju\u0107e koli\u010dine pritiska na ko\u017eu.<\/p>\n<p>Tehni\u010dke specifikacije:<br \/>\n&#8211; SensoSmart tehnologija<br \/>\n&#8211; Ekstra \u0161iroka glava epilatora<br \/>\n&#8211; Broj pinceta: 40<br \/>\n&#8211; Mokra i suha uporaba<br \/>\n&#8211; Glava za brijanje i podrezivanje<br \/>\n&#8211; Vrijeme kori\u0161tenja: 50 minuta<br \/>\n&#8211; Vrijeme punjenja: 1 sat<\/p>\n","protected":false},"excerpt":{"rendered":"<p>\u017denski epilator sa \u0161irokom, fleksibilnom glavom za lak\u0161e i u\u010dinkovitije uklanjanje dla\u010dica<br \/>\n100% vodootporan, pogodan za suhu i mokru epilaciju<br \/>\nKoriste\u0107i crveno svjetlo, tehnologija SensoSmart\u2122 vodi epilaciju primjenom odgovaraju\u0107e koli\u010dine pritiska na ko\u017eu.<\/p>\n","protected":false},"featured_media":44890,"template":"","meta":{"_seopress_robots_primary_cat":"","_seopress_titles_title":"","_seopress_titles_desc":"","_seopress_robots_index":"","iawp_total_views":0},"product_brand":[144],"product_cat":[192,282,281],"product_tag":[],"class_list":{"0":"post-44889","1":"product","2":"type-product","3":"status-publish","4":"has-post-thumbnail","6":"product_brand-braun","7":"product_cat-aparati-za-osobnu-njegu","8":"product_cat-aparati-za-zene-281","9":"product_cat-epilatori-i-ipl-192","11":"first","12":"outofstock","13":"shipping-taxable","14":"purchasable","15":"product-type-simple"},"_links":{"self":[{"href":"https:\/\/singuli.wpress.me\/wp-json\/wp\/v2\/product\/44889","targetHints":{"allow":["GET"]}}],"collection":[{"href":"https:\/\/singuli.wpress.me\/wp-json\/wp\/v2\/product"}],"about":[{"href":"https:\/\/singuli.wpress.me\/wp-json\/wp\/v2\/types\/product"}],"version-history":[{"count":0,"href":"https:\/\/singuli.wpress.me\/wp-json\/wp\/v2\/product\/44889\/revisions"}],"wp:featuredmedia":[{"embeddable":true,"href":"https:\/\/singuli.wpress.me\/wp-json\/wp\/v2\/media\/44890"}],"wp:attachment":[{"href":"https:\/\/singuli.wpress.me\/wp-json\/wp\/v2\/media?parent=44889"}],"wp:term":[{"taxonomy":"product_brand","embeddable":true,"href":"https:\/\/singuli.wpress.me\/wp-json\/wp\/v2\/product_brand?post=44889"},{"taxonomy":"product_cat","embeddable":true,"href":"https:\/\/singuli.wpress.me\/wp-json\/wp\/v2\/product_cat?post=44889"},{"taxonomy":"product_tag","embeddable":true,"href":"https:\/\/singuli.wpress.me\/wp-json\/wp\/v2\/product_tag?post=44889"}],"curies":[{"name":"wp","href":"https:\/\/api.w.org\/{rel}","templated":true}]}}