{"id":44900,"date":"2026-04-20T12:37:28","date_gmt":"2026-04-20T12:37:28","guid":{"rendered":"https:\/\/singuli.wpress.me\/index.php\/proizvod\/medex-elanosol-sos-balzam-za-usne-4-5-g\/"},"modified":"2026-04-21T00:27:28","modified_gmt":"2026-04-21T00:27:28","slug":"medex-elanosol-sos-balzam-za-usne-4-5-g","status":"publish","type":"product","link":"https:\/\/singuli.wpress.me\/index.php\/proizvod\/medex-elanosol-sos-balzam-za-usne-4-5-g\/","title":{"rendered":"MEDEX Elanosol SOS, balzam za usne, 4.5\u00a0g"},"content":{"rendered":"<p>Balzam za ispucale i o\u0161te\u0107ene usne.<br \/>\nPrirodni p\u010delinji vosak, propolis, ulje \u010dajevca, med i dragocjene hranjive tvari u balzamu stimuliraju regeneraciju usana. Usne dubinski vla\u017ee i smiruju. Balzam podr\u017eava prirodne procese ko\u017ee i time ispucale i o\u0161te\u0107ene usne pretvara u mekane i nahranjene. Dermatolo\u0161ki testirano. Bez parabena, parafina, sinteti\u010dkih mirisa, bojila i mineralnih ulja. Za svakodnevnu njegu.<\/p>\n<p><span style=\"font-weight: bold\">Na\u010din primjene<\/span>: Balzam  nanesite u tankom sloju na usne vi\u0161e puta na dan.<\/p>\n","protected":false},"excerpt":{"rendered":"<p>Prirodna za\u0161tita usana<br \/>\nUsne njeguje i \u0161titi<br \/>\nPrimjeren za cijelu obitelj<\/p>\n","protected":false},"featured_media":44901,"template":"","meta":{"_seopress_robots_primary_cat":"","_seopress_titles_title":"","_seopress_titles_desc":"","_seopress_robots_index":"","iawp_total_views":0},"product_brand":[415],"product_cat":[268,269],"product_tag":[],"class_list":{"0":"post-44900","1":"product","2":"type-product","3":"status-publish","4":"has-post-thumbnail","6":"product_brand-medex","7":"product_cat-kozmetika-2","8":"product_cat-zastita-koze-268","10":"first","11":"instock","12":"shipping-taxable","13":"purchasable","14":"product-type-simple"},"_links":{"self":[{"href":"https:\/\/singuli.wpress.me\/index.php\/wp-json\/wp\/v2\/product\/44900","targetHints":{"allow":["GET"]}}],"collection":[{"href":"https:\/\/singuli.wpress.me\/index.php\/wp-json\/wp\/v2\/product"}],"about":[{"href":"https:\/\/singuli.wpress.me\/index.php\/wp-json\/wp\/v2\/types\/product"}],"version-history":[{"count":0,"href":"https:\/\/singuli.wpress.me\/index.php\/wp-json\/wp\/v2\/product\/44900\/revisions"}],"wp:featuredmedia":[{"embeddable":true,"href":"https:\/\/singuli.wpress.me\/index.php\/wp-json\/wp\/v2\/media\/44901"}],"wp:attachment":[{"href":"https:\/\/singuli.wpress.me\/index.php\/wp-json\/wp\/v2\/media?parent=44900"}],"wp:term":[{"taxonomy":"product_brand","embeddable":true,"href":"https:\/\/singuli.wpress.me\/index.php\/wp-json\/wp\/v2\/product_brand?post=44900"},{"taxonomy":"product_cat","embeddable":true,"href":"https:\/\/singuli.wpress.me\/index.php\/wp-json\/wp\/v2\/product_cat?post=44900"},{"taxonomy":"product_tag","embeddable":true,"href":"https:\/\/singuli.wpress.me\/index.php\/wp-json\/wp\/v2\/product_tag?post=44900"}],"curies":[{"name":"wp","href":"https:\/\/api.w.org\/{rel}","templated":true}]}}