{"id":44904,"date":"2026-04-20T12:37:29","date_gmt":"2026-04-20T12:37:29","guid":{"rendered":"https:\/\/singuli.wpress.me\/index.php\/proizvod\/jar-original-all-in-one-lemon-kapsule-za-strojno-pranje-posuda-100-kom-2\/"},"modified":"2026-04-20T12:37:29","modified_gmt":"2026-04-20T12:37:29","slug":"jar-original-all-in-one-lemon-kapsule-za-strojno-pranje-posuda-100-kom-2","status":"publish","type":"product","link":"https:\/\/singuli.wpress.me\/index.php\/proizvod\/jar-original-all-in-one-lemon-kapsule-za-strojno-pranje-posuda-100-kom-2\/","title":{"rendered":"JAR Original All In One  Lemon, kapsule za strojno pranje posu\u0111a, 100\u00a0kom"},"content":{"rendered":"<p>Kapsule za perilicu posu\u0111a Jar Original All In One \u010diste u trenu i u\u010dinkovito uklanjaju \u010dak i sasu\u0161enu masno\u0107u, za blistavo \u010disto posu\u0111e. Jar kombinira teku\u0107inu i pra\u0161ak u jednu mo\u0107nu kapsulu. <\/p>\n<p>Izuzetno topiva vre\u0107ica kapsule rastapa se brzo pa odmah po\u010dinje \u010distiti. <\/p>\n<p>Ove je kapsule tako jednostavno koristiti! Ne treba im skidati omot, samo ih stavite u pretinac za deterd\u017eent.<\/p>\n","protected":false},"excerpt":{"rendered":"<p>\u010ciste u trenu<br \/>\nU\u010dinkovito uklanjaju i sasu\u0161enu masno\u0107u<br \/>\nJednostavno kori\u0161tenje<\/p>\n","protected":false},"featured_media":44905,"template":"","meta":{"_seopress_robots_primary_cat":"","_seopress_titles_title":"","_seopress_titles_desc":"","_seopress_robots_index":"","iawp_total_views":0},"product_brand":[454],"product_cat":[314,238],"product_tag":[],"class_list":{"0":"post-44904","1":"product","2":"type-product","3":"status-publish","4":"has-post-thumbnail","6":"product_brand-jar","7":"product_cat-pranje-posuda-238","8":"product_cat-sve-za-dom","10":"first","11":"outofstock","12":"shipping-taxable","13":"purchasable","14":"product-type-simple"},"_links":{"self":[{"href":"https:\/\/singuli.wpress.me\/index.php\/wp-json\/wp\/v2\/product\/44904","targetHints":{"allow":["GET"]}}],"collection":[{"href":"https:\/\/singuli.wpress.me\/index.php\/wp-json\/wp\/v2\/product"}],"about":[{"href":"https:\/\/singuli.wpress.me\/index.php\/wp-json\/wp\/v2\/types\/product"}],"version-history":[{"count":0,"href":"https:\/\/singuli.wpress.me\/index.php\/wp-json\/wp\/v2\/product\/44904\/revisions"}],"wp:featuredmedia":[{"embeddable":true,"href":"https:\/\/singuli.wpress.me\/index.php\/wp-json\/wp\/v2\/media\/44905"}],"wp:attachment":[{"href":"https:\/\/singuli.wpress.me\/index.php\/wp-json\/wp\/v2\/media?parent=44904"}],"wp:term":[{"taxonomy":"product_brand","embeddable":true,"href":"https:\/\/singuli.wpress.me\/index.php\/wp-json\/wp\/v2\/product_brand?post=44904"},{"taxonomy":"product_cat","embeddable":true,"href":"https:\/\/singuli.wpress.me\/index.php\/wp-json\/wp\/v2\/product_cat?post=44904"},{"taxonomy":"product_tag","embeddable":true,"href":"https:\/\/singuli.wpress.me\/index.php\/wp-json\/wp\/v2\/product_tag?post=44904"}],"curies":[{"name":"wp","href":"https:\/\/api.w.org\/{rel}","templated":true}]}}