{"id":44910,"date":"2026-04-20T12:37:31","date_gmt":"2026-04-20T12:37:31","guid":{"rendered":"https:\/\/singuli.wpress.me\/index.php\/proizvod\/headshoulders-poklon-paket-derma-sampon-za-kosu-270ml-regenerator-220ml-derma-tretman-za-njegu-kose-i-vlasista-145ml-torbica\/"},"modified":"2026-04-20T12:37:31","modified_gmt":"2026-04-20T12:37:31","slug":"headshoulders-poklon-paket-derma-sampon-za-kosu-270ml-regenerator-220ml-derma-tretman-za-njegu-kose-i-vlasista-145ml-torbica","status":"publish","type":"product","link":"https:\/\/singuli.wpress.me\/index.php\/proizvod\/headshoulders-poklon-paket-derma-sampon-za-kosu-270ml-regenerator-220ml-derma-tretman-za-njegu-kose-i-vlasista-145ml-torbica\/","title":{"rendered":"HEAD&amp;SHOULDERS, poklon paket, Derma, \u0161ampon za kosu 270ml + regenerator 220ml, Derma tretman za njegu kose i vlasi\u0161ta 145ml + torbica"},"content":{"rendered":"<p>Otkrijte ultimativnu njegu za suho vlasi\u0161te uz DERMA X PRO Head&amp;Shoulders luksuzni poklon set. Set sadr\u017ei \u0161ampon protiv prhuti, hidratantni balzam, regenerator, a sve je pohranjeno u prakti\u010dnoj toaletnoj torbici. \u0160ampon protiv prhuti za suho vlasi\u0161te, regenerator i tretman zajedno pru\u017eaju vrhunsku njegu vlasi\u0161ta te uz redovitu upotrebu poma\u017eu u sprje\u010davanju suho\u0107e i perutanja.<\/p>\n","protected":false},"excerpt":{"rendered":"<p>Otkrijte ultimativnu njegu za suho vlasi\u0161te uz DERMA X PRO Head&amp;Shoulders luksuzni poklon set. Set sadr\u017ei \u0161ampon protiv prhuti, hidratantni<\/p>\n","protected":false},"featured_media":44911,"template":"","meta":{"_seopress_robots_primary_cat":"","_seopress_titles_title":"","_seopress_titles_desc":"","_seopress_robots_index":"","iawp_total_views":0},"product_brand":[443],"product_cat":[261,277],"product_tag":[],"class_list":{"0":"post-44910","1":"product","2":"type-product","3":"status-publish","4":"has-post-thumbnail","6":"product_brand-headshoulders","7":"product_cat-hrana-i-pice","8":"product_cat-slatkisi-i-grickalice-261","10":"first","11":"outofstock","12":"shipping-taxable","13":"purchasable","14":"product-type-simple"},"_links":{"self":[{"href":"https:\/\/singuli.wpress.me\/index.php\/wp-json\/wp\/v2\/product\/44910","targetHints":{"allow":["GET"]}}],"collection":[{"href":"https:\/\/singuli.wpress.me\/index.php\/wp-json\/wp\/v2\/product"}],"about":[{"href":"https:\/\/singuli.wpress.me\/index.php\/wp-json\/wp\/v2\/types\/product"}],"version-history":[{"count":0,"href":"https:\/\/singuli.wpress.me\/index.php\/wp-json\/wp\/v2\/product\/44910\/revisions"}],"wp:featuredmedia":[{"embeddable":true,"href":"https:\/\/singuli.wpress.me\/index.php\/wp-json\/wp\/v2\/media\/44911"}],"wp:attachment":[{"href":"https:\/\/singuli.wpress.me\/index.php\/wp-json\/wp\/v2\/media?parent=44910"}],"wp:term":[{"taxonomy":"product_brand","embeddable":true,"href":"https:\/\/singuli.wpress.me\/index.php\/wp-json\/wp\/v2\/product_brand?post=44910"},{"taxonomy":"product_cat","embeddable":true,"href":"https:\/\/singuli.wpress.me\/index.php\/wp-json\/wp\/v2\/product_cat?post=44910"},{"taxonomy":"product_tag","embeddable":true,"href":"https:\/\/singuli.wpress.me\/index.php\/wp-json\/wp\/v2\/product_tag?post=44910"}],"curies":[{"name":"wp","href":"https:\/\/api.w.org\/{rel}","templated":true}]}}