{"id":44914,"date":"2026-04-20T12:37:32","date_gmt":"2026-04-20T12:37:32","guid":{"rendered":"https:\/\/singuli.wpress.me\/index.php\/proizvod\/lavazza-plasticni-poklopac-coffee-to-go-177-ml-100-kom\/"},"modified":"2026-04-20T12:37:32","modified_gmt":"2026-04-20T12:37:32","slug":"lavazza-plasticni-poklopac-coffee-to-go-177-ml-100-kom","status":"publish","type":"product","link":"https:\/\/singuli.wpress.me\/index.php\/proizvod\/lavazza-plasticni-poklopac-coffee-to-go-177-ml-100-kom\/","title":{"rendered":"LAVAZZA, plasti\u010dni poklopac, Coffee To Go &#8211; 177 ml, 100\u00a0kom"},"content":{"rendered":"<p>Plasti\u010dni poklopac odgovara \u0161alici od 177 ml. Plasti\u010dni poklopci ove veli\u010dine \u010desto se koriste u industriji prehrambene i kemijske industrije, ali i u ku\u0107anstvima za o\u010duvanje svje\u017eine i sigurnost sadr\u017eaja.<\/p>\n<p>Koristan u industriji hrane i pi\u0107a gdje je va\u017eno o\u010duvati kvalitetu proizvoda tijekom transporta i skladi\u0161tenja.<\/p>\n","protected":false},"excerpt":{"rendered":"<p>Pogodan za zatvaranje i za\u0161titu \u010da\u0161a<br \/>\nVeli\u010dina 60Z<br \/>\nPakiranje od 100 komada<\/p>\n","protected":false},"featured_media":44915,"template":"","meta":{"_seopress_robots_primary_cat":"","_seopress_titles_title":"","_seopress_titles_desc":"","_seopress_robots_index":"","iawp_total_views":0},"product_brand":[393],"product_cat":[274,238],"product_tag":[],"class_list":{"0":"post-44914","1":"product","2":"type-product","3":"status-publish","4":"has-post-thumbnail","6":"product_brand-lavazza","7":"product_cat-kucanski-pribor-238","8":"product_cat-sve-za-dom","10":"first","11":"instock","12":"shipping-taxable","13":"purchasable","14":"product-type-simple"},"_links":{"self":[{"href":"https:\/\/singuli.wpress.me\/index.php\/wp-json\/wp\/v2\/product\/44914","targetHints":{"allow":["GET"]}}],"collection":[{"href":"https:\/\/singuli.wpress.me\/index.php\/wp-json\/wp\/v2\/product"}],"about":[{"href":"https:\/\/singuli.wpress.me\/index.php\/wp-json\/wp\/v2\/types\/product"}],"version-history":[{"count":0,"href":"https:\/\/singuli.wpress.me\/index.php\/wp-json\/wp\/v2\/product\/44914\/revisions"}],"wp:featuredmedia":[{"embeddable":true,"href":"https:\/\/singuli.wpress.me\/index.php\/wp-json\/wp\/v2\/media\/44915"}],"wp:attachment":[{"href":"https:\/\/singuli.wpress.me\/index.php\/wp-json\/wp\/v2\/media?parent=44914"}],"wp:term":[{"taxonomy":"product_brand","embeddable":true,"href":"https:\/\/singuli.wpress.me\/index.php\/wp-json\/wp\/v2\/product_brand?post=44914"},{"taxonomy":"product_cat","embeddable":true,"href":"https:\/\/singuli.wpress.me\/index.php\/wp-json\/wp\/v2\/product_cat?post=44914"},{"taxonomy":"product_tag","embeddable":true,"href":"https:\/\/singuli.wpress.me\/index.php\/wp-json\/wp\/v2\/product_tag?post=44914"}],"curies":[{"name":"wp","href":"https:\/\/api.w.org\/{rel}","templated":true}]}}