{"id":44944,"date":"2026-04-20T12:37:43","date_gmt":"2026-04-20T12:37:43","guid":{"rendered":"https:\/\/singuli.wpress.me\/index.php\/proizvod\/bison-odstranjivac-plijesni-bez-klora-500-ml\/"},"modified":"2026-04-20T12:37:43","modified_gmt":"2026-04-20T12:37:43","slug":"bison-odstranjivac-plijesni-bez-klora-500-ml","status":"publish","type":"product","link":"https:\/\/singuli.wpress.me\/index.php\/proizvod\/bison-odstranjivac-plijesni-bez-klora-500-ml\/","title":{"rendered":"BISON, odstranjiva\u010d plijesni, bez klora, 500\u00a0ml"},"content":{"rendered":"<p>Odstranjiva\u010d plijesni bez klora u\u010dinkovito uni\u0161tava plijesan u cijelom domu.<\/p>\n<p>Zahvaljuju\u0107i formuli bez klora iznimno je prikladan za zidove, podove i namje\u0161taj u prostorima kao \u0161to su dnevne i spava\u0107e sobe. Mo\u017ee se koristiti na tapetama, drvenini, fasadama, \u017ebuci, kamenu, keramici, tekstilu i ko\u017ei.<\/p>\n<p>Ne upotrebljavajte na materijalima osjetljivim na kiseline, poput mramora i kamena.<\/p>\n","protected":false},"excerpt":{"rendered":"<p>U\u010dinkovito suzbija plijesan i bakterije<br \/>\nFormula bez klora \u2013 bez neugodnih mirisa Idealan za dnevne i spava\u0107e sobe<br \/>\nRezultati vidljivi unutar 15 minuta<\/p>\n","protected":false},"featured_media":44945,"template":"","meta":{"_seopress_robots_primary_cat":"","_seopress_titles_title":"","_seopress_titles_desc":"","_seopress_robots_index":"","iawp_total_views":0},"product_brand":[494],"product_cat":[284,238],"product_tag":[],"class_list":{"0":"post-44944","1":"product","2":"type-product","3":"status-publish","4":"has-post-thumbnail","6":"product_brand-bison","7":"product_cat-sredstva-za-ciscenje-238","8":"product_cat-sve-za-dom","10":"first","11":"instock","12":"shipping-taxable","13":"purchasable","14":"product-type-simple"},"_links":{"self":[{"href":"https:\/\/singuli.wpress.me\/index.php\/wp-json\/wp\/v2\/product\/44944","targetHints":{"allow":["GET"]}}],"collection":[{"href":"https:\/\/singuli.wpress.me\/index.php\/wp-json\/wp\/v2\/product"}],"about":[{"href":"https:\/\/singuli.wpress.me\/index.php\/wp-json\/wp\/v2\/types\/product"}],"version-history":[{"count":0,"href":"https:\/\/singuli.wpress.me\/index.php\/wp-json\/wp\/v2\/product\/44944\/revisions"}],"wp:featuredmedia":[{"embeddable":true,"href":"https:\/\/singuli.wpress.me\/index.php\/wp-json\/wp\/v2\/media\/44945"}],"wp:attachment":[{"href":"https:\/\/singuli.wpress.me\/index.php\/wp-json\/wp\/v2\/media?parent=44944"}],"wp:term":[{"taxonomy":"product_brand","embeddable":true,"href":"https:\/\/singuli.wpress.me\/index.php\/wp-json\/wp\/v2\/product_brand?post=44944"},{"taxonomy":"product_cat","embeddable":true,"href":"https:\/\/singuli.wpress.me\/index.php\/wp-json\/wp\/v2\/product_cat?post=44944"},{"taxonomy":"product_tag","embeddable":true,"href":"https:\/\/singuli.wpress.me\/index.php\/wp-json\/wp\/v2\/product_tag?post=44944"}],"curies":[{"name":"wp","href":"https:\/\/api.w.org\/{rel}","templated":true}]}}