{"id":44947,"date":"2026-04-20T12:37:44","date_gmt":"2026-04-20T12:37:44","guid":{"rendered":"https:\/\/singuli.wpress.me\/index.php\/proizvod\/lenor-fresh-air-effect-mixpack-omeksivac-6-x-462-ml\/"},"modified":"2026-04-20T12:37:44","modified_gmt":"2026-04-20T12:37:44","slug":"lenor-fresh-air-effect-mixpack-omeksivac-6-x-462-ml","status":"publish","type":"product","link":"https:\/\/singuli.wpress.me\/index.php\/proizvod\/lenor-fresh-air-effect-mixpack-omeksivac-6-x-462-ml\/","title":{"rendered":"LENOR Fresh Air Effect Mixpack, omek\u0161iva\u010d, 6 x 462 ml"},"content":{"rendered":"<p>U\u017eivajte u rublju svje\u017eem kao da ste ga su\u0161ili vani na svje\u017eem zraku, \u010dak i kad ga su\u0161ite u ku\u0107i. Iznimno koncentrirana formula za svje\u017einu omek\u0161iva\u010da Lenor Fresh Air Effect pru\u017ea vam 33 pranja u maloj boci. <\/p>\n<p>Zahvaljuju\u0107i inovativnoj tehnologiji, trebate samo malu dozu kako bi rublje bilo svje\u017ee kao da se su\u0161ilo na svje\u017eem zraku, bez obzira na vremenske prilike.<\/p>\n","protected":false},"excerpt":{"rendered":"<p>Omek\u0161iva\u010d rublja koji vam omogu\u0107uje da u\u017eivate u rublju svje\u017eem kao da se su\u0161ilo vani, \u010dak i kad se su\u0161ilo unutra<br \/>\nBoca od 100% reciklirane plastike<br \/>\n\u0160titi tkanine od blije\u0111enja, stvaranja mucica i razvla\u010denja tijekom pranja<\/p>\n","protected":false},"featured_media":44948,"template":"","meta":{"_seopress_robots_primary_cat":"","_seopress_titles_title":"","_seopress_titles_desc":"","_seopress_robots_index":"","iawp_total_views":0},"product_brand":[446],"product_cat":[283,238],"product_tag":[],"class_list":{"0":"post-44947","1":"product","2":"type-product","3":"status-publish","4":"has-post-thumbnail","6":"product_brand-lenor","7":"product_cat-pranje-rublja-238","8":"product_cat-sve-za-dom","10":"first","11":"outofstock","12":"shipping-taxable","13":"purchasable","14":"product-type-simple"},"_links":{"self":[{"href":"https:\/\/singuli.wpress.me\/index.php\/wp-json\/wp\/v2\/product\/44947","targetHints":{"allow":["GET"]}}],"collection":[{"href":"https:\/\/singuli.wpress.me\/index.php\/wp-json\/wp\/v2\/product"}],"about":[{"href":"https:\/\/singuli.wpress.me\/index.php\/wp-json\/wp\/v2\/types\/product"}],"version-history":[{"count":0,"href":"https:\/\/singuli.wpress.me\/index.php\/wp-json\/wp\/v2\/product\/44947\/revisions"}],"wp:featuredmedia":[{"embeddable":true,"href":"https:\/\/singuli.wpress.me\/index.php\/wp-json\/wp\/v2\/media\/44948"}],"wp:attachment":[{"href":"https:\/\/singuli.wpress.me\/index.php\/wp-json\/wp\/v2\/media?parent=44947"}],"wp:term":[{"taxonomy":"product_brand","embeddable":true,"href":"https:\/\/singuli.wpress.me\/index.php\/wp-json\/wp\/v2\/product_brand?post=44947"},{"taxonomy":"product_cat","embeddable":true,"href":"https:\/\/singuli.wpress.me\/index.php\/wp-json\/wp\/v2\/product_cat?post=44947"},{"taxonomy":"product_tag","embeddable":true,"href":"https:\/\/singuli.wpress.me\/index.php\/wp-json\/wp\/v2\/product_tag?post=44947"}],"curies":[{"name":"wp","href":"https:\/\/api.w.org\/{rel}","templated":true}]}}