{"id":44950,"date":"2026-04-20T12:37:45","date_gmt":"2026-04-20T12:37:45","guid":{"rendered":"https:\/\/singuli.wpress.me\/index.php\/proizvod\/domo-do353vd-aparat-za-susenje-hrane-digitalni\/"},"modified":"2026-04-20T12:37:45","modified_gmt":"2026-04-20T12:37:45","slug":"domo-do353vd-aparat-za-susenje-hrane-digitalni","status":"publish","type":"product","link":"https:\/\/singuli.wpress.me\/index.php\/proizvod\/domo-do353vd-aparat-za-susenje-hrane-digitalni\/","title":{"rendered":"DOMO DO353VD, aparat za su\u0161enje hrane, digitalni"},"content":{"rendered":"<p>Ako ste zainteresirani za prehranu sirovom hranom, ne\u0107ete pogrije\u0161iti s Domo DO353VD dehidratorom hrane. Dehidrator mo\u017ee savr\u0161eno su\u0161iti svje\u017ee vo\u0107e, povr\u0107e, meso ili za\u010dinsko bilje. Proizvod ima 6 posuda za su\u0161enje, tako da mo\u017eete su\u0161iti puno hrane u isto vrijeme. Nje\u017enim su\u0161enjem na niskim temperaturama hrana postupno gubi vlagu. Time se osigurava zadr\u017eavanje okusa, hranjive vrijednosti, vitamina i minerala. Budu\u0107i da Domo DO353VD ima instaliran bo\u010dni grija\u010d, vru\u0107a zrak ravnomjerno cirkulira kroz dehidrator hrane. Kao rezultat, hrana se posvuda su\u0161i jednakom brzinom i ne\u0107ete morati okretati ili pomicati pladnjeve.<br \/>\nS ugra\u0111enim automatskim mjera\u010dem vremena lako je odrediti koliko dugo \u017eelite su\u0161iti hranu. Nakon isteka vremena, su\u0161ilica \u0107e se isklju\u010diti i mo\u017eete izvaditi svoje ukusne zalogaje. Tako\u0111er ima kontrolu temperature tako da mo\u017eete su\u0161iti sve vrste hrane na naju\u010dinkovitiji na\u010din. To ga \u010dini pogodnim za su\u0161enje razli\u010ditih vrsta vo\u0107a, povr\u0107a i mesa, budu\u0107i da svaka namirnica treba razli\u010ditu temperaturu.<\/p>\n","protected":false},"excerpt":{"rendered":"<p>Opremljen sa 6 posuda za su\u0161enje za ravnomjerno su\u0161enje hrane<br \/>\nProdu\u017euje rok trajanja hrane, a istovremeno \u010duva ve\u0107inu vitamina, minerala i drugih hranjivih tvari<br \/>\nKreirajte profesionalne prezentacije i pripremite su\u0161ene poslastice na svom tanjuru<\/p>\n","protected":false},"featured_media":44951,"template":"","meta":{"_seopress_robots_primary_cat":"","_seopress_titles_title":"","_seopress_titles_desc":"","_seopress_robots_index":"","iawp_total_views":0},"product_brand":[255],"product_cat":[160],"product_tag":[],"class_list":{"0":"post-44950","1":"product","2":"type-product","3":"status-publish","4":"has-post-thumbnail","6":"product_brand-domo","7":"product_cat-mali-kucanski-aparati","9":"first","10":"outofstock","11":"shipping-taxable","12":"purchasable","13":"product-type-simple"},"_links":{"self":[{"href":"https:\/\/singuli.wpress.me\/index.php\/wp-json\/wp\/v2\/product\/44950","targetHints":{"allow":["GET"]}}],"collection":[{"href":"https:\/\/singuli.wpress.me\/index.php\/wp-json\/wp\/v2\/product"}],"about":[{"href":"https:\/\/singuli.wpress.me\/index.php\/wp-json\/wp\/v2\/types\/product"}],"version-history":[{"count":0,"href":"https:\/\/singuli.wpress.me\/index.php\/wp-json\/wp\/v2\/product\/44950\/revisions"}],"wp:featuredmedia":[{"embeddable":true,"href":"https:\/\/singuli.wpress.me\/index.php\/wp-json\/wp\/v2\/media\/44951"}],"wp:attachment":[{"href":"https:\/\/singuli.wpress.me\/index.php\/wp-json\/wp\/v2\/media?parent=44950"}],"wp:term":[{"taxonomy":"product_brand","embeddable":true,"href":"https:\/\/singuli.wpress.me\/index.php\/wp-json\/wp\/v2\/product_brand?post=44950"},{"taxonomy":"product_cat","embeddable":true,"href":"https:\/\/singuli.wpress.me\/index.php\/wp-json\/wp\/v2\/product_cat?post=44950"},{"taxonomy":"product_tag","embeddable":true,"href":"https:\/\/singuli.wpress.me\/index.php\/wp-json\/wp\/v2\/product_tag?post=44950"}],"curies":[{"name":"wp","href":"https:\/\/api.w.org\/{rel}","templated":true}]}}