{"id":44958,"date":"2026-04-20T12:37:50","date_gmt":"2026-04-20T12:37:50","guid":{"rendered":"https:\/\/singuli.wpress.me\/index.php\/proizvod\/dr-oetker-zelatina-mljevena-goveda-10-g\/"},"modified":"2026-04-20T12:37:50","modified_gmt":"2026-04-20T12:37:50","slug":"dr-oetker-zelatina-mljevena-goveda-10-g","status":"publish","type":"product","link":"https:\/\/singuli.wpress.me\/index.php\/proizvod\/dr-oetker-zelatina-mljevena-goveda-10-g\/","title":{"rendered":"DR. OETKER, \u017eelatina mljevena, gove\u0111a , 10\u00a0g"},"content":{"rendered":"<p>Dr. Oetker Gove\u0111a \u017delatina mljevena jestiva je \u017eelatina u prahu za u\u010dvr\u0161\u0107ivanje kremastih nadjeva za torte i kola\u010de, krema i \u017eelatinastih slatkih i slanih jela. Uvjerite se u jednostavnu pripremu \u017eelatine \u2013 pomije\u0161ajte omot s 4 \u017elice hladne vode, ostavite 10 minuta da nabubri te ju neprestano mije\u0161tajte i zagrijavajte dok se ne rastopi. \u017delatinu koristite toplu ili na na\u010din opisan u receptu. NAPOMENA: \u017delatina ne uspijeva sa svje\u017eim ananasom, kivijem, papajom i smokvom.<\/p>\n","protected":false},"excerpt":{"rendered":"<p>U\u010dvr\u0161\u010divanje raznih delicija<br \/>\nDvije mogu\u0107nosti pripreme<br \/>\nIzvrsna kvaliteta<\/p>\n","protected":false},"featured_media":44959,"template":"","meta":{"_seopress_robots_primary_cat":"","_seopress_titles_title":"","_seopress_titles_desc":"","_seopress_robots_index":"","iawp_total_views":0},"product_brand":[328],"product_cat":[261,270],"product_tag":[],"class_list":{"0":"post-44958","1":"product","2":"type-product","3":"status-publish","4":"has-post-thumbnail","6":"product_brand-dr-oetker","7":"product_cat-hrana-i-pice","8":"product_cat-slasticarstvo-261","10":"first","11":"outofstock","12":"shipping-taxable","13":"purchasable","14":"product-type-simple"},"_links":{"self":[{"href":"https:\/\/singuli.wpress.me\/index.php\/wp-json\/wp\/v2\/product\/44958","targetHints":{"allow":["GET"]}}],"collection":[{"href":"https:\/\/singuli.wpress.me\/index.php\/wp-json\/wp\/v2\/product"}],"about":[{"href":"https:\/\/singuli.wpress.me\/index.php\/wp-json\/wp\/v2\/types\/product"}],"version-history":[{"count":0,"href":"https:\/\/singuli.wpress.me\/index.php\/wp-json\/wp\/v2\/product\/44958\/revisions"}],"wp:featuredmedia":[{"embeddable":true,"href":"https:\/\/singuli.wpress.me\/index.php\/wp-json\/wp\/v2\/media\/44959"}],"wp:attachment":[{"href":"https:\/\/singuli.wpress.me\/index.php\/wp-json\/wp\/v2\/media?parent=44958"}],"wp:term":[{"taxonomy":"product_brand","embeddable":true,"href":"https:\/\/singuli.wpress.me\/index.php\/wp-json\/wp\/v2\/product_brand?post=44958"},{"taxonomy":"product_cat","embeddable":true,"href":"https:\/\/singuli.wpress.me\/index.php\/wp-json\/wp\/v2\/product_cat?post=44958"},{"taxonomy":"product_tag","embeddable":true,"href":"https:\/\/singuli.wpress.me\/index.php\/wp-json\/wp\/v2\/product_tag?post=44958"}],"curies":[{"name":"wp","href":"https:\/\/api.w.org\/{rel}","templated":true}]}}