{"id":44963,"date":"2026-04-20T12:37:51","date_gmt":"2026-04-20T12:37:51","guid":{"rendered":"https:\/\/singuli.wpress.me\/index.php\/proizvod\/lavazza-kava-u-zrnu-gran-aroma-bar-1-kg\/"},"modified":"2026-04-20T12:37:51","modified_gmt":"2026-04-20T12:37:51","slug":"lavazza-kava-u-zrnu-gran-aroma-bar-1-kg","status":"publish","type":"product","link":"https:\/\/singuli.wpress.me\/index.php\/proizvod\/lavazza-kava-u-zrnu-gran-aroma-bar-1-kg\/","title":{"rendered":"LAVAZZA, kava u zrnu, Gran Aroma bar, 1\u00a0kg"},"content":{"rendered":"<p>Lavazza koristi tradicionalni proces pr\u017eenja koji spaja ni\u017ee temperature kroz du\u017ee vrijeme kako bi se izvukle najbolje arome i o\u010duvao integritet zrna. Odabrana zrna ve\u0107e veli\u010dine \u010duvaju poseban okus kave i jam\u010de vi\u0161estruko iskustvo kod ispijanja kave.<\/p>\n<p>Lavazza Espresso Gran Aroma je nje\u017ena i aromati\u010dna mje\u0161avina. Izbor najboljih 100% Arabica \u010distih zrna za klasi\u010dni espresso. Namijenjena je kako bi stvorila savr\u0161enu \u0161alicu kave kod ku\u0107e, kao i u najboljim talijanskim kafi\u0107ima.<\/p>\n<p>Sastav: 100% arabica<br \/>\nIntenzitet: 6\/10<br \/>\nProfil okusa (aroma): \u010cokolada<br \/>\nPr\u017eenje: Srednje<\/p>\n","protected":false},"excerpt":{"rendered":"<p>100% Arabica<br \/>\nIntenzitet: 6\/10<br \/>\nAroma: \u010dokolada<\/p>\n","protected":false},"featured_media":44964,"template":"","meta":{"_seopress_robots_primary_cat":"","_seopress_titles_title":"","_seopress_titles_desc":"","_seopress_robots_index":"","iawp_total_views":0},"product_brand":[393],"product_cat":[261,275],"product_tag":[],"class_list":{"0":"post-44963","1":"product","2":"type-product","3":"status-publish","4":"has-post-thumbnail","6":"product_brand-lavazza","7":"product_cat-hrana-i-pice","8":"product_cat-kava-i-cajevi-261","10":"first","11":"instock","12":"shipping-taxable","13":"purchasable","14":"product-type-simple"},"_links":{"self":[{"href":"https:\/\/singuli.wpress.me\/index.php\/wp-json\/wp\/v2\/product\/44963","targetHints":{"allow":["GET"]}}],"collection":[{"href":"https:\/\/singuli.wpress.me\/index.php\/wp-json\/wp\/v2\/product"}],"about":[{"href":"https:\/\/singuli.wpress.me\/index.php\/wp-json\/wp\/v2\/types\/product"}],"version-history":[{"count":0,"href":"https:\/\/singuli.wpress.me\/index.php\/wp-json\/wp\/v2\/product\/44963\/revisions"}],"wp:featuredmedia":[{"embeddable":true,"href":"https:\/\/singuli.wpress.me\/index.php\/wp-json\/wp\/v2\/media\/44964"}],"wp:attachment":[{"href":"https:\/\/singuli.wpress.me\/index.php\/wp-json\/wp\/v2\/media?parent=44963"}],"wp:term":[{"taxonomy":"product_brand","embeddable":true,"href":"https:\/\/singuli.wpress.me\/index.php\/wp-json\/wp\/v2\/product_brand?post=44963"},{"taxonomy":"product_cat","embeddable":true,"href":"https:\/\/singuli.wpress.me\/index.php\/wp-json\/wp\/v2\/product_cat?post=44963"},{"taxonomy":"product_tag","embeddable":true,"href":"https:\/\/singuli.wpress.me\/index.php\/wp-json\/wp\/v2\/product_tag?post=44963"}],"curies":[{"name":"wp","href":"https:\/\/api.w.org\/{rel}","templated":true}]}}