{"id":44965,"date":"2026-04-20T12:37:51","date_gmt":"2026-04-20T12:37:51","guid":{"rendered":"https:\/\/singuli.wpress.me\/index.php\/proizvod\/domo-do309kp-prijenosna-ploca-za-kuhanje\/"},"modified":"2026-04-20T12:37:51","modified_gmt":"2026-04-20T12:37:51","slug":"domo-do309kp-prijenosna-ploca-za-kuhanje","status":"publish","type":"product","link":"https:\/\/singuli.wpress.me\/index.php\/proizvod\/domo-do309kp-prijenosna-ploca-za-kuhanje\/","title":{"rendered":"DOMO DO309KP, prijenosna plo\u010da za kuhanje"},"content":{"rendered":"<p>DOMO elektri\u010dna, prijenosna plo\u010da za kuhanje DO309KP je visokokvalitetna plo\u010da za kuhanje od lijevanog \u017eeljeza promjera 18,5cm. Postoji 6 razli\u010ditih temperatura za odabir. Njena snaga od 1500 W prokuhat \u0107e 1 l vode u roku od 10 minuta. Ru\u010dke su otporne na toplinu, \u0161to vam omogu\u0107uje pomicanje kako bi se plo\u010da ohladila nakon upotrebe. Vrlo je kompaktna i jednostavna za kori\u0161tenje. Idealna za studente.<\/p>\n","protected":false},"excerpt":{"rendered":"<p>Pojedina\u010dna plo\u010da za kuhanje: \u00f8 18,5 cm<br \/>\nPodesivi termostat sa 6 postavki<br \/>\nVisokokvalitetni tla\u010dno lijevani aluminij<\/p>\n","protected":false},"featured_media":44966,"template":"","meta":{"_seopress_robots_primary_cat":"","_seopress_titles_title":"","_seopress_titles_desc":"","_seopress_robots_index":"","iawp_total_views":0},"product_brand":[255],"product_cat":[192,267],"product_tag":[],"class_list":{"0":"post-44965","1":"product","2":"type-product","3":"status-publish","4":"has-post-thumbnail","6":"product_brand-domo","7":"product_cat-aparati-za-osobnu-njegu","8":"product_cat-zdravstveni-uredaji-192","10":"first","11":"outofstock","12":"shipping-taxable","13":"purchasable","14":"product-type-simple"},"_links":{"self":[{"href":"https:\/\/singuli.wpress.me\/index.php\/wp-json\/wp\/v2\/product\/44965","targetHints":{"allow":["GET"]}}],"collection":[{"href":"https:\/\/singuli.wpress.me\/index.php\/wp-json\/wp\/v2\/product"}],"about":[{"href":"https:\/\/singuli.wpress.me\/index.php\/wp-json\/wp\/v2\/types\/product"}],"version-history":[{"count":0,"href":"https:\/\/singuli.wpress.me\/index.php\/wp-json\/wp\/v2\/product\/44965\/revisions"}],"wp:featuredmedia":[{"embeddable":true,"href":"https:\/\/singuli.wpress.me\/index.php\/wp-json\/wp\/v2\/media\/44966"}],"wp:attachment":[{"href":"https:\/\/singuli.wpress.me\/index.php\/wp-json\/wp\/v2\/media?parent=44965"}],"wp:term":[{"taxonomy":"product_brand","embeddable":true,"href":"https:\/\/singuli.wpress.me\/index.php\/wp-json\/wp\/v2\/product_brand?post=44965"},{"taxonomy":"product_cat","embeddable":true,"href":"https:\/\/singuli.wpress.me\/index.php\/wp-json\/wp\/v2\/product_cat?post=44965"},{"taxonomy":"product_tag","embeddable":true,"href":"https:\/\/singuli.wpress.me\/index.php\/wp-json\/wp\/v2\/product_tag?post=44965"}],"curies":[{"name":"wp","href":"https:\/\/api.w.org\/{rel}","templated":true}]}}