{"id":44991,"date":"2026-04-20T12:37:59","date_gmt":"2026-04-20T12:37:59","guid":{"rendered":"https:\/\/singuli.wpress.me\/index.php\/proizvod\/laica-kuhinjska-vaga-lc7107\/"},"modified":"2026-04-20T12:37:59","modified_gmt":"2026-04-20T12:37:59","slug":"laica-kuhinjska-vaga-lc7107","status":"publish","type":"product","link":"https:\/\/singuli.wpress.me\/index.php\/proizvod\/laica-kuhinjska-vaga-lc7107\/","title":{"rendered":"LAICA, kuhinjska vaga, LC7107"},"content":{"rendered":"<p><span style=\"font-weight: bold\">Karakteristike mehani\u010dke kuhinjske vage:<\/span><br \/>\n\u2022 Kapacitet: max 3 kg<br \/>\n\u2022 Mo\u017ee se koristiti sa ili bez posude<br \/>\n\u2022 Veliki broj\u010danik koji se lako o\u010ditava<br \/>\n\u2022 Higijenska plasti\u010dna posuda otporna na mrlje \/ aromu<br \/>\n\u2022 Podjela 20 g<br \/>\n\u2022 Omogu\u0107uje da u bilo kojem trenutku prilagodite zaslon na nulu i izvedete nekoliko operacija vaganja<br \/>\n\u2022 Ova linija LAICA vaga nudi velike zdjele za dr\u017eanje hrane za one koji ne \u017eele kompromitirati prakti\u010dnost, stil ili preciznost<\/p>\n","protected":false},"excerpt":{"rendered":"<p>Kapacitet: max 3 kg<br \/>\nMo\u017ee se koristiti sa ili bez posude<br \/>\nHigijenska plasti\u010dna posuda<\/p>\n","protected":false},"featured_media":44992,"template":"","meta":{"_seopress_robots_primary_cat":"","_seopress_titles_title":"","_seopress_titles_desc":"","_seopress_robots_index":"","iawp_total_views":0},"product_brand":[148],"product_cat":[266,265,160],"product_tag":[],"class_list":{"0":"post-44991","1":"product","2":"type-product","3":"status-publish","4":"has-post-thumbnail","6":"product_brand-laica","7":"product_cat-aparati-za-kuhanje-265","8":"product_cat-kuhinjski-aparati-160","9":"product_cat-mali-kucanski-aparati","11":"first","12":"instock","13":"shipping-taxable","14":"purchasable","15":"product-type-simple"},"_links":{"self":[{"href":"https:\/\/singuli.wpress.me\/index.php\/wp-json\/wp\/v2\/product\/44991","targetHints":{"allow":["GET"]}}],"collection":[{"href":"https:\/\/singuli.wpress.me\/index.php\/wp-json\/wp\/v2\/product"}],"about":[{"href":"https:\/\/singuli.wpress.me\/index.php\/wp-json\/wp\/v2\/types\/product"}],"version-history":[{"count":0,"href":"https:\/\/singuli.wpress.me\/index.php\/wp-json\/wp\/v2\/product\/44991\/revisions"}],"wp:featuredmedia":[{"embeddable":true,"href":"https:\/\/singuli.wpress.me\/index.php\/wp-json\/wp\/v2\/media\/44992"}],"wp:attachment":[{"href":"https:\/\/singuli.wpress.me\/index.php\/wp-json\/wp\/v2\/media?parent=44991"}],"wp:term":[{"taxonomy":"product_brand","embeddable":true,"href":"https:\/\/singuli.wpress.me\/index.php\/wp-json\/wp\/v2\/product_brand?post=44991"},{"taxonomy":"product_cat","embeddable":true,"href":"https:\/\/singuli.wpress.me\/index.php\/wp-json\/wp\/v2\/product_cat?post=44991"},{"taxonomy":"product_tag","embeddable":true,"href":"https:\/\/singuli.wpress.me\/index.php\/wp-json\/wp\/v2\/product_tag?post=44991"}],"curies":[{"name":"wp","href":"https:\/\/api.w.org\/{rel}","templated":true}]}}