{"id":44995,"date":"2026-04-20T12:38:01","date_gmt":"2026-04-20T12:38:01","guid":{"rendered":"https:\/\/singuli.wpress.me\/index.php\/proizvod\/lavazza-drveni-stapici-zlicice-za-mijesanje-kave-200-kom\/"},"modified":"2026-04-20T12:38:01","modified_gmt":"2026-04-20T12:38:01","slug":"lavazza-drveni-stapici-zlicice-za-mijesanje-kave-200-kom","status":"publish","type":"product","link":"https:\/\/singuli.wpress.me\/index.php\/proizvod\/lavazza-drveni-stapici-zlicice-za-mijesanje-kave-200-kom\/","title":{"rendered":"LAVAZZA, drveni \u0161tapi\u0107i\/\u017eli\u010dice za mije\u0161anje kave, 200\u00a0kom"},"content":{"rendered":"<p>Drvene \u0161tapi\u0107e i \u017eli\u010dice za mije\u0161anje kave predstavljaju tradicionalan i ekolo\u0161ki prihvatljiv izbor za ljubitelje ovog omiljenog napitka. Donose poseban osje\u0107aj autenti\u010dnosti i dodatnu toplinu tijekom ispijanja kave.<\/p>\n<p>Drvo je izvrsno rje\u0161enje za mije\u0161anje kave jer ne utje\u010de na okus pi\u0107a i ne reagira s toplinom. Tako se mo\u017ee u\u017eivati u neometanom okusu i mirisu svje\u017ee pripremljene kave. Osim toga, drveni \u0161tapi\u0107i i \u017eli\u010dice su biolo\u0161ki razgradivi, \u0161to zna\u010di da ne stvaraju nepotrebni otpad koji bi mogao negativno utjecati na okoli\u0161.<\/p>\n<p>U mnogim kafi\u0107ima i ugostiteljskim objektima, drveni \u0161tapi\u0107i i \u017eli\u010dice \u010desto se koriste kao odabir za poslu\u017eivanje kave. Njihov prirodni izgled i rustikalni \u0161arm mogu stvoriti ugodnu i opu\u0161taju\u0107u atmosferu tijekom ispijanja kave.<\/p>\n<p>Osim toga, drveni pribor za mije\u0161anje kave \u010desto se koristi u ku\u0107anstvima jer je prakti\u010dan i ekolo\u0161ki osvje\u0161ten izbor. Drveni \u0161tapi\u0107i mogu se koristiti za mije\u0161anje kave, \u010daja ili drugih toplih napitaka, dok drvene \u017eli\u010dice pru\u017eaju dodatnu prakti\u010dnost i udobnost tijekom ku\u0161anja kave.<\/p>\n","protected":false},"excerpt":{"rendered":"<p>Ne utje\u010du na okus pi\u0107a<br \/>\nNe reagiraju u dodiru s toplinom<br \/>\nPakiranje od 200 komada<\/p>\n","protected":false},"featured_media":44996,"template":"","meta":{"_seopress_robots_primary_cat":"","_seopress_titles_title":"","_seopress_titles_desc":"","_seopress_robots_index":"","iawp_total_views":0},"product_brand":[393],"product_cat":[274,238],"product_tag":[],"class_list":{"0":"post-44995","1":"product","2":"type-product","3":"status-publish","4":"has-post-thumbnail","6":"product_brand-lavazza","7":"product_cat-kucanski-pribor-238","8":"product_cat-sve-za-dom","10":"first","11":"instock","12":"shipping-taxable","13":"purchasable","14":"product-type-simple"},"_links":{"self":[{"href":"https:\/\/singuli.wpress.me\/index.php\/wp-json\/wp\/v2\/product\/44995","targetHints":{"allow":["GET"]}}],"collection":[{"href":"https:\/\/singuli.wpress.me\/index.php\/wp-json\/wp\/v2\/product"}],"about":[{"href":"https:\/\/singuli.wpress.me\/index.php\/wp-json\/wp\/v2\/types\/product"}],"version-history":[{"count":0,"href":"https:\/\/singuli.wpress.me\/index.php\/wp-json\/wp\/v2\/product\/44995\/revisions"}],"wp:featuredmedia":[{"embeddable":true,"href":"https:\/\/singuli.wpress.me\/index.php\/wp-json\/wp\/v2\/media\/44996"}],"wp:attachment":[{"href":"https:\/\/singuli.wpress.me\/index.php\/wp-json\/wp\/v2\/media?parent=44995"}],"wp:term":[{"taxonomy":"product_brand","embeddable":true,"href":"https:\/\/singuli.wpress.me\/index.php\/wp-json\/wp\/v2\/product_brand?post=44995"},{"taxonomy":"product_cat","embeddable":true,"href":"https:\/\/singuli.wpress.me\/index.php\/wp-json\/wp\/v2\/product_cat?post=44995"},{"taxonomy":"product_tag","embeddable":true,"href":"https:\/\/singuli.wpress.me\/index.php\/wp-json\/wp\/v2\/product_tag?post=44995"}],"curies":[{"name":"wp","href":"https:\/\/api.w.org\/{rel}","templated":true}]}}