{"id":45001,"date":"2026-04-20T12:38:03","date_gmt":"2026-04-20T12:38:03","guid":{"rendered":"https:\/\/singuli.wpress.me\/index.php\/proizvod\/hot-wheels-set-za-utrkivanje\/"},"modified":"2026-04-23T00:28:06","modified_gmt":"2026-04-23T00:28:06","slug":"hot-wheels-set-za-utrkivanje","status":"publish","type":"product","link":"https:\/\/singuli.wpress.me\/proizvod\/hot-wheels-set-za-utrkivanje\/","title":{"rendered":"HOT WHEELS, set za utrkivanje"},"content":{"rendered":"<p>\u200bDjeca \u0107e se obo\u017eavati utrkivati na ovom setu.<br \/>\nDjeca mogu testirati svoju vje\u0161tinu vo\u017enje u 3 izazova.<br \/>\nKada sru\u0161e zastavice, osvajaju dodatne bodove.<br \/>\nSve \u0161to djeci treba za zabavnu utrku nalazi se u ovom setu &#8211; staza, o\u0161tri zavoji, me\u0111usobno utrkivanje, lansirna\u00a0rampa\u00a0i jedan Hot Wheels auti\u0107. \u00a0 \u200b<\/p>\n","protected":false},"excerpt":{"rendered":"<p>Uklju\u010duje 1 Hot Wheels auti\u0107<br \/>\n3 izazova<br \/>\nIgra\u010dka dolazi u vi\u0161e razli\u010ditih modela<\/p>\n","protected":false},"featured_media":45002,"template":"","meta":{"_seopress_robots_primary_cat":"","_seopress_titles_title":"","_seopress_titles_desc":"","_seopress_robots_index":"","iawp_total_views":0},"product_brand":[429],"product_cat":[221,291],"product_tag":[],"class_list":{"0":"post-45001","1":"product","2":"type-product","3":"status-publish","4":"has-post-thumbnail","6":"product_brand-hot-wheels","7":"product_cat-igracke","8":"product_cat-igracke-za-djecu-221","10":"first","11":"instock","12":"shipping-taxable","13":"purchasable","14":"product-type-simple"},"_links":{"self":[{"href":"https:\/\/singuli.wpress.me\/wp-json\/wp\/v2\/product\/45001","targetHints":{"allow":["GET"]}}],"collection":[{"href":"https:\/\/singuli.wpress.me\/wp-json\/wp\/v2\/product"}],"about":[{"href":"https:\/\/singuli.wpress.me\/wp-json\/wp\/v2\/types\/product"}],"version-history":[{"count":0,"href":"https:\/\/singuli.wpress.me\/wp-json\/wp\/v2\/product\/45001\/revisions"}],"wp:featuredmedia":[{"embeddable":true,"href":"https:\/\/singuli.wpress.me\/wp-json\/wp\/v2\/media\/45002"}],"wp:attachment":[{"href":"https:\/\/singuli.wpress.me\/wp-json\/wp\/v2\/media?parent=45001"}],"wp:term":[{"taxonomy":"product_brand","embeddable":true,"href":"https:\/\/singuli.wpress.me\/wp-json\/wp\/v2\/product_brand?post=45001"},{"taxonomy":"product_cat","embeddable":true,"href":"https:\/\/singuli.wpress.me\/wp-json\/wp\/v2\/product_cat?post=45001"},{"taxonomy":"product_tag","embeddable":true,"href":"https:\/\/singuli.wpress.me\/wp-json\/wp\/v2\/product_tag?post=45001"}],"curies":[{"name":"wp","href":"https:\/\/api.w.org\/{rel}","templated":true}]}}