{"id":45006,"date":"2026-04-20T12:38:04","date_gmt":"2026-04-20T12:38:04","guid":{"rendered":"https:\/\/singuli.wpress.me\/index.php\/proizvod\/raid-spirale-protiv-komaraca-duopack\/"},"modified":"2026-04-20T12:38:05","modified_gmt":"2026-04-20T12:38:05","slug":"raid-spirale-protiv-komaraca-duopack","status":"publish","type":"product","link":"https:\/\/singuli.wpress.me\/index.php\/proizvod\/raid-spirale-protiv-komaraca-duopack\/","title":{"rendered":"RAID, spirale protiv komaraca, duopack"},"content":{"rendered":"<p>Raid\u00ae Spirale protiv komaraca su proizvod sa ispitanom biolo\u0161kom u\u010dinkovito\u0161\u0107u za vanjsku uporabu protiv obi\u010dnih komaraca i tigrastih komaraca.  <\/p>\n<p>Raid\u00ae Spirale protiv komaraca idealne su za vanjske prostore poput vrtova, balkona, trijemova. <\/p>\n<p>Djelovanje spirale protiv komaraca pocinje 15 minuta nakon paljenja spirale. <\/p>\n<p>Djeluje 6 sati u podru\u010dju od 10 \u010detvornih metara. <\/p>\n<p>Za za\u0161titu velikih prostora, preporu\u010duje se upaliti vi\u0161e spirala protiv komaraca,razmjerno povr\u0161ini koja se \u017eeli za\u0161tititi. <\/p>\n<p>U slu\u010daju povjetarca ili vjetra, za\u0161ti\u0107eno podru\u010dje se smanjuje.<\/p>\n","protected":false},"excerpt":{"rendered":"<p>Za vanjsku upotrebu<br \/>\nDjelovanje do 6 sati<br \/>\n\u0160titi podru\u010dje do 10 m\u00b2<\/p>\n","protected":false},"featured_media":45007,"template":"","meta":{"_seopress_robots_primary_cat":"","_seopress_titles_title":"","_seopress_titles_desc":"","_seopress_robots_index":"","iawp_total_views":0},"product_brand":[457],"product_cat":[274,238],"product_tag":[],"class_list":{"0":"post-45006","1":"product","2":"type-product","3":"status-publish","4":"has-post-thumbnail","6":"product_brand-raid","7":"product_cat-kucanski-pribor-238","8":"product_cat-sve-za-dom","10":"first","11":"outofstock","12":"shipping-taxable","13":"purchasable","14":"product-type-simple"},"_links":{"self":[{"href":"https:\/\/singuli.wpress.me\/index.php\/wp-json\/wp\/v2\/product\/45006","targetHints":{"allow":["GET"]}}],"collection":[{"href":"https:\/\/singuli.wpress.me\/index.php\/wp-json\/wp\/v2\/product"}],"about":[{"href":"https:\/\/singuli.wpress.me\/index.php\/wp-json\/wp\/v2\/types\/product"}],"version-history":[{"count":0,"href":"https:\/\/singuli.wpress.me\/index.php\/wp-json\/wp\/v2\/product\/45006\/revisions"}],"wp:featuredmedia":[{"embeddable":true,"href":"https:\/\/singuli.wpress.me\/index.php\/wp-json\/wp\/v2\/media\/45007"}],"wp:attachment":[{"href":"https:\/\/singuli.wpress.me\/index.php\/wp-json\/wp\/v2\/media?parent=45006"}],"wp:term":[{"taxonomy":"product_brand","embeddable":true,"href":"https:\/\/singuli.wpress.me\/index.php\/wp-json\/wp\/v2\/product_brand?post=45006"},{"taxonomy":"product_cat","embeddable":true,"href":"https:\/\/singuli.wpress.me\/index.php\/wp-json\/wp\/v2\/product_cat?post=45006"},{"taxonomy":"product_tag","embeddable":true,"href":"https:\/\/singuli.wpress.me\/index.php\/wp-json\/wp\/v2\/product_tag?post=45006"}],"curies":[{"name":"wp","href":"https:\/\/api.w.org\/{rel}","templated":true}]}}