{"id":45015,"date":"2026-04-20T12:38:07","date_gmt":"2026-04-20T12:38:07","guid":{"rendered":"https:\/\/singuli.wpress.me\/index.php\/proizvod\/blend-a-med-complete-protect-7-extra-fresh-zubna-pasta-100-ml\/"},"modified":"2026-04-21T00:27:28","modified_gmt":"2026-04-21T00:27:28","slug":"blend-a-med-complete-protect-7-extra-fresh-zubna-pasta-100-ml","status":"publish","type":"product","link":"https:\/\/singuli.wpress.me\/index.php\/proizvod\/blend-a-med-complete-protect-7-extra-fresh-zubna-pasta-100-ml\/","title":{"rendered":"BLEND-A-MED Complete, Protect 7 Extra Fresh, zubna pasta, 100\u00a0ml"},"content":{"rendered":"<p>Zubna pasta Blend-a-med Complete Protect 7 osvje\u017eava va\u0161 dah i pru\u017ea potpunu za\u0161titu za sedam znakova predivnog zdravog osmijeha.<\/p>\n","protected":false},"excerpt":{"rendered":"<p>\u0160titi zube od karijesa i kamenca<br \/>\n\u0160titi zubnu caklinu<br \/>\n\u0160titi zubno meso, ostavljaju\u0107i svje\u017e dah<\/p>\n","protected":false},"featured_media":45016,"template":"","meta":{"_seopress_robots_primary_cat":"","_seopress_titles_title":"","_seopress_titles_desc":"","_seopress_robots_index":"","iawp_total_views":0},"product_brand":[886],"product_cat":[268,309,320],"product_tag":[],"class_list":{"0":"post-45015","1":"product","2":"type-product","3":"status-publish","4":"has-post-thumbnail","6":"product_brand-blend-a-med","7":"product_cat-kozmetika-2","8":"product_cat-oralna-higijena-268","9":"product_cat-paste-za-zube-309","11":"first","12":"outofstock","13":"shipping-taxable","14":"purchasable","15":"product-type-simple"},"_links":{"self":[{"href":"https:\/\/singuli.wpress.me\/index.php\/wp-json\/wp\/v2\/product\/45015","targetHints":{"allow":["GET"]}}],"collection":[{"href":"https:\/\/singuli.wpress.me\/index.php\/wp-json\/wp\/v2\/product"}],"about":[{"href":"https:\/\/singuli.wpress.me\/index.php\/wp-json\/wp\/v2\/types\/product"}],"version-history":[{"count":0,"href":"https:\/\/singuli.wpress.me\/index.php\/wp-json\/wp\/v2\/product\/45015\/revisions"}],"wp:featuredmedia":[{"embeddable":true,"href":"https:\/\/singuli.wpress.me\/index.php\/wp-json\/wp\/v2\/media\/45016"}],"wp:attachment":[{"href":"https:\/\/singuli.wpress.me\/index.php\/wp-json\/wp\/v2\/media?parent=45015"}],"wp:term":[{"taxonomy":"product_brand","embeddable":true,"href":"https:\/\/singuli.wpress.me\/index.php\/wp-json\/wp\/v2\/product_brand?post=45015"},{"taxonomy":"product_cat","embeddable":true,"href":"https:\/\/singuli.wpress.me\/index.php\/wp-json\/wp\/v2\/product_cat?post=45015"},{"taxonomy":"product_tag","embeddable":true,"href":"https:\/\/singuli.wpress.me\/index.php\/wp-json\/wp\/v2\/product_tag?post=45015"}],"curies":[{"name":"wp","href":"https:\/\/api.w.org\/{rel}","templated":true}]}}