{"id":45026,"date":"2026-04-20T12:38:09","date_gmt":"2026-04-20T12:38:09","guid":{"rendered":"https:\/\/singuli.wpress.me\/index.php\/proizvod\/herba-kopriva-sampon-za-kosu-1000-ml\/"},"modified":"2026-04-20T12:38:09","modified_gmt":"2026-04-20T12:38:09","slug":"herba-kopriva-sampon-za-kosu-1000-ml","status":"publish","type":"product","link":"https:\/\/singuli.wpress.me\/index.php\/proizvod\/herba-kopriva-sampon-za-kosu-1000-ml\/","title":{"rendered":"HERBA kopriva, \u0161ampon za kosu, 1000\u00a0ml"},"content":{"rendered":"<p>Herba \u0161ampon od koprive koristi prirodna svojstva regeneracije i pro\u010di\u0161\u0107avanja ove mo\u0107ne biljke kako bi pru\u017eio vrhunsku njegu va\u0161oj kosi. Ovaj \u0161ampon aktivno njeguje korijen kose, poma\u017ee u sprje\u010davanju njezina gubitka te stimulira rast nove, zdrave kose. Njegova blaga formulacija slu\u017ei kao nje\u017eno sredstvo za \u010di\u0161\u0107enje koje istovremeno brine o zdravlju kose i ko\u017ee vlasi\u0161ta, \u010duvaju\u0107i njezinu prirodnu pH vrijednost. Nakon pranja, kosa je pripremljena za lako oblikovanje, sjajna i revitalizirana.<\/p>\n","protected":false},"excerpt":{"rendered":"<p>Kopriva aktivno stimulira vlasi\u0161te, ja\u010da korijen i poma\u017ee u smanjenju opadanja kose<br \/>\nBlaga formula temeljito \u010disti bez naru\u0161avanja prirodne pH ravnote\u017ee ko\u017ee i kose<br \/>\nZahvaljuju\u0107i svom sastavu, pogodan je za sve tipove kose i svakodnevnu upotrebu<\/p>\n","protected":false},"featured_media":45027,"template":"","meta":{"_seopress_robots_primary_cat":"","_seopress_titles_title":"","_seopress_titles_desc":"","_seopress_robots_index":"","iawp_total_views":0},"product_brand":[906],"product_cat":[268,300],"product_tag":[],"class_list":{"0":"post-45026","1":"product","2":"type-product","3":"status-publish","4":"has-post-thumbnail","6":"product_brand-herba","7":"product_cat-kozmetika-2","8":"product_cat-njega-kose-268","10":"first","11":"instock","12":"shipping-taxable","13":"purchasable","14":"product-type-simple"},"_links":{"self":[{"href":"https:\/\/singuli.wpress.me\/index.php\/wp-json\/wp\/v2\/product\/45026","targetHints":{"allow":["GET"]}}],"collection":[{"href":"https:\/\/singuli.wpress.me\/index.php\/wp-json\/wp\/v2\/product"}],"about":[{"href":"https:\/\/singuli.wpress.me\/index.php\/wp-json\/wp\/v2\/types\/product"}],"version-history":[{"count":0,"href":"https:\/\/singuli.wpress.me\/index.php\/wp-json\/wp\/v2\/product\/45026\/revisions"}],"wp:featuredmedia":[{"embeddable":true,"href":"https:\/\/singuli.wpress.me\/index.php\/wp-json\/wp\/v2\/media\/45027"}],"wp:attachment":[{"href":"https:\/\/singuli.wpress.me\/index.php\/wp-json\/wp\/v2\/media?parent=45026"}],"wp:term":[{"taxonomy":"product_brand","embeddable":true,"href":"https:\/\/singuli.wpress.me\/index.php\/wp-json\/wp\/v2\/product_brand?post=45026"},{"taxonomy":"product_cat","embeddable":true,"href":"https:\/\/singuli.wpress.me\/index.php\/wp-json\/wp\/v2\/product_cat?post=45026"},{"taxonomy":"product_tag","embeddable":true,"href":"https:\/\/singuli.wpress.me\/index.php\/wp-json\/wp\/v2\/product_tag?post=45026"}],"curies":[{"name":"wp","href":"https:\/\/api.w.org\/{rel}","templated":true}]}}