{"id":45031,"date":"2026-04-20T12:38:10","date_gmt":"2026-04-20T12:38:10","guid":{"rendered":"https:\/\/singuli.wpress.me\/index.php\/proizvod\/duck-total-action-gel-za-ciscenje-i-osvjezavanje-wc-skoljke-duo-pakiranje-2x750ml\/"},"modified":"2026-04-20T12:38:10","modified_gmt":"2026-04-20T12:38:10","slug":"duck-total-action-gel-za-ciscenje-i-osvjezavanje-wc-skoljke-duo-pakiranje-2x750ml","status":"publish","type":"product","link":"https:\/\/singuli.wpress.me\/index.php\/proizvod\/duck-total-action-gel-za-ciscenje-i-osvjezavanje-wc-skoljke-duo-pakiranje-2x750ml\/","title":{"rendered":"DUCK Total Action , gel za \u010di\u0161\u0107enje i osvje\u017eavanje wc \u0161koljke, duo pakiranje, 2x750ml"},"content":{"rendered":"<p><span style=\"font-weight: bold\">Duck\u00ae Deep Action Gel<\/span>, miris marine i miris lavande dopire do skrivenih bakterija i ne\u010disto\u0107a ispod ruba WC \u0161koljke.<br \/>\nUbija 99.9% bakterija! <br \/>\nOsvje\u017eite WC \u0161koljku Duck\u00ae gelom s dubinskim djelovanjem s osvje\u017eavaju\u0107im Duck\u00ae mirisom, bez o\u0161trog mirisa WC \u010dista\u010da.<br \/>\nUklanja ne\u010disto\u0107e, kamenac\/mineralne naslage te neugodne mirise.<\/p>\n<p><span style=\"font-weight: bold\">Upute za uporabu: <\/span><br \/>\n1. Podignite dasku WC \u0161koljke.<br \/>\n2. Kako biste otvorili proizvod, stisnite \u010dep s obje strane i odvrnite.<br \/>\n3. Nagnite proizvod kako bi se vrat napunio gelom.<br \/>\n4. Za dezinfekciju podru\u010dja iznad vode ravnomjerno nanesite gel ispod ruba WC \u0161koljke.<br \/>\n5. Ostavite\u00a0da djeluje 5 minuta.<br \/>\n6. Pro\u010detkajte iznad i ispod ruba i zatim pustite vodu.<br \/>\n7. Proizvod \u010dvrsto zatvorite nakon uporabe.<\/p>\n","protected":false},"excerpt":{"rendered":"<p>Ubija 99,9% bakterija<br \/>\nUklanja neugodne mirise<br \/>\nUklanja ne\u010disto\u0107e, kamenac i mineralne naslage<\/p>\n","protected":false},"featured_media":45032,"template":"","meta":{"_seopress_robots_primary_cat":"","_seopress_titles_title":"","_seopress_titles_desc":"","_seopress_robots_index":"","iawp_total_views":0},"product_brand":[410],"product_cat":[284,238],"product_tag":[],"class_list":{"0":"post-45031","1":"product","2":"type-product","3":"status-publish","4":"has-post-thumbnail","6":"product_brand-duck","7":"product_cat-sredstva-za-ciscenje-238","8":"product_cat-sve-za-dom","10":"first","11":"instock","12":"shipping-taxable","13":"purchasable","14":"product-type-simple"},"_links":{"self":[{"href":"https:\/\/singuli.wpress.me\/index.php\/wp-json\/wp\/v2\/product\/45031","targetHints":{"allow":["GET"]}}],"collection":[{"href":"https:\/\/singuli.wpress.me\/index.php\/wp-json\/wp\/v2\/product"}],"about":[{"href":"https:\/\/singuli.wpress.me\/index.php\/wp-json\/wp\/v2\/types\/product"}],"version-history":[{"count":0,"href":"https:\/\/singuli.wpress.me\/index.php\/wp-json\/wp\/v2\/product\/45031\/revisions"}],"wp:featuredmedia":[{"embeddable":true,"href":"https:\/\/singuli.wpress.me\/index.php\/wp-json\/wp\/v2\/media\/45032"}],"wp:attachment":[{"href":"https:\/\/singuli.wpress.me\/index.php\/wp-json\/wp\/v2\/media?parent=45031"}],"wp:term":[{"taxonomy":"product_brand","embeddable":true,"href":"https:\/\/singuli.wpress.me\/index.php\/wp-json\/wp\/v2\/product_brand?post=45031"},{"taxonomy":"product_cat","embeddable":true,"href":"https:\/\/singuli.wpress.me\/index.php\/wp-json\/wp\/v2\/product_cat?post=45031"},{"taxonomy":"product_tag","embeddable":true,"href":"https:\/\/singuli.wpress.me\/index.php\/wp-json\/wp\/v2\/product_tag?post=45031"}],"curies":[{"name":"wp","href":"https:\/\/api.w.org\/{rel}","templated":true}]}}