{"id":45038,"date":"2026-04-20T12:38:16","date_gmt":"2026-04-20T12:38:16","guid":{"rendered":"https:\/\/singuli.wpress.me\/index.php\/proizvod\/power-players-igracka-mini-figura\/"},"modified":"2026-04-20T12:38:16","modified_gmt":"2026-04-20T12:38:16","slug":"power-players-igracka-mini-figura","status":"publish","type":"product","link":"https:\/\/singuli.wpress.me\/index.php\/proizvod\/power-players-igracka-mini-figura\/","title":{"rendered":"POWER PLAYERS, igra\u010dka, mini figura"},"content":{"rendered":"<p>CRTI\u0106 na RTL KOCKICI!  <\/p>\n<p>Mini figure &#8211; sakupi sve svoje omiljene likove i zlikovce!<\/p>\n<p>6 cm figurice dolaze u borbenim pozama i spremne su za akciju!<\/p>\n<p>Preporu\u010dena dob: 4+   <\/p>\n<p>Igra\u010dka dolazi u vi\u0161e razli\u010ditih modela, a isporuka ovisi o njihovoj trenutnoj raspolo\u017eivosti.<\/p>\n","protected":false},"excerpt":{"rendered":"<p>Dolaze u borbenim pozama<br \/>\nVeli\u010dina figurice 6 cm<br \/>\nDob: 4+ god<\/p>\n","protected":false},"featured_media":45039,"template":"","meta":{"_seopress_robots_primary_cat":"","_seopress_titles_title":"","_seopress_titles_desc":"","_seopress_robots_index":"","iawp_total_views":0},"product_brand":[907],"product_cat":[221,263],"product_tag":[],"class_list":{"0":"post-45038","1":"product","2":"type-product","3":"status-publish","4":"has-post-thumbnail","6":"product_brand-power-players","7":"product_cat-igracke","8":"product_cat-tematske-igracke-221","10":"first","11":"instock","12":"shipping-taxable","13":"purchasable","14":"product-type-simple"},"_links":{"self":[{"href":"https:\/\/singuli.wpress.me\/index.php\/wp-json\/wp\/v2\/product\/45038","targetHints":{"allow":["GET"]}}],"collection":[{"href":"https:\/\/singuli.wpress.me\/index.php\/wp-json\/wp\/v2\/product"}],"about":[{"href":"https:\/\/singuli.wpress.me\/index.php\/wp-json\/wp\/v2\/types\/product"}],"version-history":[{"count":0,"href":"https:\/\/singuli.wpress.me\/index.php\/wp-json\/wp\/v2\/product\/45038\/revisions"}],"wp:featuredmedia":[{"embeddable":true,"href":"https:\/\/singuli.wpress.me\/index.php\/wp-json\/wp\/v2\/media\/45039"}],"wp:attachment":[{"href":"https:\/\/singuli.wpress.me\/index.php\/wp-json\/wp\/v2\/media?parent=45038"}],"wp:term":[{"taxonomy":"product_brand","embeddable":true,"href":"https:\/\/singuli.wpress.me\/index.php\/wp-json\/wp\/v2\/product_brand?post=45038"},{"taxonomy":"product_cat","embeddable":true,"href":"https:\/\/singuli.wpress.me\/index.php\/wp-json\/wp\/v2\/product_cat?post=45038"},{"taxonomy":"product_tag","embeddable":true,"href":"https:\/\/singuli.wpress.me\/index.php\/wp-json\/wp\/v2\/product_tag?post=45038"}],"curies":[{"name":"wp","href":"https:\/\/api.w.org\/{rel}","templated":true}]}}