{"id":45044,"date":"2026-04-20T12:38:18","date_gmt":"2026-04-20T12:38:18","guid":{"rendered":"https:\/\/singuli.wpress.me\/index.php\/proizvod\/ariel-revita-black-tekuci-deterdzent-za-pranje-rublja-0-88l-16-pranja\/"},"modified":"2026-04-20T12:38:18","modified_gmt":"2026-04-20T12:38:18","slug":"ariel-revita-black-tekuci-deterdzent-za-pranje-rublja-0-88l-16-pranja","status":"publish","type":"product","link":"https:\/\/singuli.wpress.me\/index.php\/proizvod\/ariel-revita-black-tekuci-deterdzent-za-pranje-rublja-0-88l-16-pranja\/","title":{"rendered":"ARIEL Revita Black, teku\u0107i deterd\u017eent za pranje rublja, 0.88l, 16\u00a0pranja"},"content":{"rendered":"<p>Deterd\u017eent za rublje Ariel + Revita Black daje izuzetne rezultate pranja i vra\u0107a sjaj crnim i tamnim tkaninama, \u010dak i u hladnoj vodi. Za jako zaprljanje upotrijebite Ariel teku\u0107i deterd\u017eent, a zatim stavite odje\u0107u u perilicu. Za najbolje rezultate stavite \u010dep za doziranje deterd\u017eenta u bubanj perilice. <\/p>\n<p>Teku\u0107ina za pranje Ariel + Revita Black vra\u0107a sjaj crnim i tamnim tkaninama zahvaljuju\u0107i tehnologiji obnavljanja vlakana<\/p>\n","protected":false},"excerpt":{"rendered":"<p>Teku\u0107i deterd\u017eent za pranje crnog i tamnog rublja<br \/>\nIzuzetni rezultati pranja, \u010dak i u hladnoj vodi<br \/>\npranja<\/p>\n","protected":false},"featured_media":45045,"template":"","meta":{"_seopress_robots_primary_cat":"","_seopress_titles_title":"","_seopress_titles_desc":"","_seopress_robots_index":"","iawp_total_views":0},"product_brand":[427],"product_cat":[283,238],"product_tag":[],"class_list":{"0":"post-45044","1":"product","2":"type-product","3":"status-publish","4":"has-post-thumbnail","6":"product_brand-ariel","7":"product_cat-pranje-rublja-238","8":"product_cat-sve-za-dom","10":"first","11":"outofstock","12":"shipping-taxable","13":"purchasable","14":"product-type-simple"},"_links":{"self":[{"href":"https:\/\/singuli.wpress.me\/index.php\/wp-json\/wp\/v2\/product\/45044","targetHints":{"allow":["GET"]}}],"collection":[{"href":"https:\/\/singuli.wpress.me\/index.php\/wp-json\/wp\/v2\/product"}],"about":[{"href":"https:\/\/singuli.wpress.me\/index.php\/wp-json\/wp\/v2\/types\/product"}],"version-history":[{"count":0,"href":"https:\/\/singuli.wpress.me\/index.php\/wp-json\/wp\/v2\/product\/45044\/revisions"}],"wp:featuredmedia":[{"embeddable":true,"href":"https:\/\/singuli.wpress.me\/index.php\/wp-json\/wp\/v2\/media\/45045"}],"wp:attachment":[{"href":"https:\/\/singuli.wpress.me\/index.php\/wp-json\/wp\/v2\/media?parent=45044"}],"wp:term":[{"taxonomy":"product_brand","embeddable":true,"href":"https:\/\/singuli.wpress.me\/index.php\/wp-json\/wp\/v2\/product_brand?post=45044"},{"taxonomy":"product_cat","embeddable":true,"href":"https:\/\/singuli.wpress.me\/index.php\/wp-json\/wp\/v2\/product_cat?post=45044"},{"taxonomy":"product_tag","embeddable":true,"href":"https:\/\/singuli.wpress.me\/index.php\/wp-json\/wp\/v2\/product_tag?post=45044"}],"curies":[{"name":"wp","href":"https:\/\/api.w.org\/{rel}","templated":true}]}}