{"id":45046,"date":"2026-04-20T12:38:19","date_gmt":"2026-04-20T12:38:19","guid":{"rendered":"https:\/\/singuli.wpress.me\/index.php\/proizvod\/wahl-basic-sisac-za-zivotinje\/"},"modified":"2026-04-20T12:38:19","modified_gmt":"2026-04-20T12:38:19","slug":"wahl-basic-sisac-za-zivotinje","status":"publish","type":"product","link":"https:\/\/singuli.wpress.me\/index.php\/proizvod\/wahl-basic-sisac-za-zivotinje\/","title":{"rendered":"WAHL Basic, \u0161i\u0161a\u010d za \u017eivotinje"},"content":{"rendered":"<p><span style=\"font-weight: bold;color: #4472C4\">Wahl basic \u0161i\u0161a\u010d za \u017eivotinje<\/span><span style=\"color: #4472C4\"><\/p>\n<p><\/span><span style=\"font-weight: bold;color: #4472C4\">Tehni\u010dke specifikacije:<\/span><span style=\"color: #4472C4\"><br \/>\n\u2022 Na\u010din rada &#8211; s kabelom<br \/>\n\u2022 Set o\u0161trica &#8211; precizno ispolirane o\u0161trice od nehr\u0111aju\u0107eg \u010delika s visokim udjelom ugljika<\/span><\/p>\n","protected":false},"excerpt":{"rendered":"<p>precizno ispolirane o\u0161trice od nehrdajuceg celika s visokim udjelom ugljika.<br \/>\nSamoo\u0161tre\u0107e o\u0161trice za precizno i \u200b\u200b\u010disto \u0161i\u0161anje.<br \/>\nIdalan za po\u010detnike I \u017eivotinje kratke dlake.<\/p>\n","protected":false},"featured_media":45047,"template":"","meta":{"_seopress_robots_primary_cat":"","_seopress_titles_title":"","_seopress_titles_desc":"","_seopress_robots_index":"","iawp_total_views":0},"product_brand":[159],"product_cat":[192,279],"product_tag":[],"class_list":{"0":"post-45046","1":"product","2":"type-product","3":"status-publish","4":"has-post-thumbnail","6":"product_brand-wahl","7":"product_cat-aparati-za-osobnu-njegu","8":"product_cat-brijanje-i-sisanje-192","10":"first","11":"outofstock","12":"shipping-taxable","13":"purchasable","14":"product-type-simple"},"_links":{"self":[{"href":"https:\/\/singuli.wpress.me\/index.php\/wp-json\/wp\/v2\/product\/45046","targetHints":{"allow":["GET"]}}],"collection":[{"href":"https:\/\/singuli.wpress.me\/index.php\/wp-json\/wp\/v2\/product"}],"about":[{"href":"https:\/\/singuli.wpress.me\/index.php\/wp-json\/wp\/v2\/types\/product"}],"version-history":[{"count":0,"href":"https:\/\/singuli.wpress.me\/index.php\/wp-json\/wp\/v2\/product\/45046\/revisions"}],"wp:featuredmedia":[{"embeddable":true,"href":"https:\/\/singuli.wpress.me\/index.php\/wp-json\/wp\/v2\/media\/45047"}],"wp:attachment":[{"href":"https:\/\/singuli.wpress.me\/index.php\/wp-json\/wp\/v2\/media?parent=45046"}],"wp:term":[{"taxonomy":"product_brand","embeddable":true,"href":"https:\/\/singuli.wpress.me\/index.php\/wp-json\/wp\/v2\/product_brand?post=45046"},{"taxonomy":"product_cat","embeddable":true,"href":"https:\/\/singuli.wpress.me\/index.php\/wp-json\/wp\/v2\/product_cat?post=45046"},{"taxonomy":"product_tag","embeddable":true,"href":"https:\/\/singuli.wpress.me\/index.php\/wp-json\/wp\/v2\/product_tag?post=45046"}],"curies":[{"name":"wp","href":"https:\/\/api.w.org\/{rel}","templated":true}]}}