{"id":45051,"date":"2026-04-20T12:38:20","date_gmt":"2026-04-20T12:38:20","guid":{"rendered":"https:\/\/singuli.wpress.me\/index.php\/proizvod\/honeywell-prociscivac-zraka\/"},"modified":"2026-04-21T00:27:29","modified_gmt":"2026-04-21T00:27:29","slug":"honeywell-prociscivac-zraka","status":"publish","type":"product","link":"https:\/\/singuli.wpress.me\/index.php\/proizvod\/honeywell-prociscivac-zraka\/","title":{"rendered":"HONEYWELL, pro\u010di\u0161\u0107iva\u010d zraka"},"content":{"rendered":"<p>Honeywell pro\u010di\u0161\u0107iva\u010d zraka mo\u017ee o\u010distiti prostoriju od 21 m2 ili 187 m3. Mo\u017ee se pohvaliti 8-satnim timerom i HEPA filterom koji \u010disti do 99,97% \u010destica.<\/p>\n","protected":false},"excerpt":{"rendered":"<p>Mo\u017ee o\u010distiti prostor od 21 m2<br \/>\n\u010cisti do 99,97% \u010destica<br \/>\nOpremljen Smart LED senzorom kvalitete zraka<\/p>\n","protected":false},"featured_media":45052,"template":"","meta":{"_seopress_robots_primary_cat":"","_seopress_titles_title":"","_seopress_titles_desc":"","_seopress_robots_index":"","iawp_total_views":0},"product_brand":[506],"product_cat":[184,160],"product_tag":[],"class_list":{"0":"post-45051","1":"product","2":"type-product","3":"status-publish","4":"has-post-thumbnail","6":"product_brand-honeywell","7":"product_cat-kvaliteta-zraka-i-grijanje","8":"product_cat-mali-kucanski-aparati","10":"first","11":"outofstock","12":"shipping-taxable","13":"purchasable","14":"product-type-simple"},"_links":{"self":[{"href":"https:\/\/singuli.wpress.me\/index.php\/wp-json\/wp\/v2\/product\/45051","targetHints":{"allow":["GET"]}}],"collection":[{"href":"https:\/\/singuli.wpress.me\/index.php\/wp-json\/wp\/v2\/product"}],"about":[{"href":"https:\/\/singuli.wpress.me\/index.php\/wp-json\/wp\/v2\/types\/product"}],"version-history":[{"count":0,"href":"https:\/\/singuli.wpress.me\/index.php\/wp-json\/wp\/v2\/product\/45051\/revisions"}],"wp:featuredmedia":[{"embeddable":true,"href":"https:\/\/singuli.wpress.me\/index.php\/wp-json\/wp\/v2\/media\/45052"}],"wp:attachment":[{"href":"https:\/\/singuli.wpress.me\/index.php\/wp-json\/wp\/v2\/media?parent=45051"}],"wp:term":[{"taxonomy":"product_brand","embeddable":true,"href":"https:\/\/singuli.wpress.me\/index.php\/wp-json\/wp\/v2\/product_brand?post=45051"},{"taxonomy":"product_cat","embeddable":true,"href":"https:\/\/singuli.wpress.me\/index.php\/wp-json\/wp\/v2\/product_cat?post=45051"},{"taxonomy":"product_tag","embeddable":true,"href":"https:\/\/singuli.wpress.me\/index.php\/wp-json\/wp\/v2\/product_tag?post=45051"}],"curies":[{"name":"wp","href":"https:\/\/api.w.org\/{rel}","templated":true}]}}