{"id":45060,"date":"2026-04-20T12:38:22","date_gmt":"2026-04-20T12:38:22","guid":{"rendered":"https:\/\/singuli.wpress.me\/index.php\/proizvod\/matchbox-autic\/"},"modified":"2026-04-21T00:27:29","modified_gmt":"2026-04-21T00:27:29","slug":"matchbox-autic","status":"publish","type":"product","link":"https:\/\/singuli.wpress.me\/index.php\/proizvod\/matchbox-autic\/","title":{"rendered":"MATCHBOX, auti\u0107"},"content":{"rendered":"<p>Klasi\u010dni set Matchbox od 5 vozila savr\u0161en je ro\u0111endanski poklon! Uklju\u010duje izbor od pet detaljiziranih auti\u0107a i dolazi u nekoliko tema kako bi va\u0161a djeca mogla pustiti ma\u0161ti na volju. Od funkcionalnih kota\u010da do realisti\u010dnih ukrasa, svako vozilo je promi\u0161ljeno do najsitnijih detalja. Va\u0161a \u0107e djeca voljeti izmi\u0161ljati vlastite pri\u010de o sljede\u0107im temama: grad, spa\u0161avanje, gradili\u0161te i terenska ekspedicija. Prodaje se zasebno. <br \/>\nIzvrstan poklon za va\u0161u djecu i kolekcionare.<\/p>\n","protected":false},"excerpt":{"rendered":"<p>Pakiranje sadr\u017ei 5 vozila<br \/>\nDolazi u razli\u010ditim temama<br \/>\nIzvrstan poklon za djecu i kolekcionare<\/p>\n","protected":false},"featured_media":45061,"template":"","meta":{"_seopress_robots_primary_cat":"","_seopress_titles_title":"","_seopress_titles_desc":"","_seopress_robots_index":"","iawp_total_views":0},"product_brand":[909],"product_cat":[243,273],"product_tag":[],"class_list":{"0":"post-45060","1":"product","2":"type-product","3":"status-publish","4":"has-post-thumbnail","6":"product_brand-matchbox","7":"product_cat-automobili-i-motori","8":"product_cat-njega-vozila-243","10":"first","11":"instock","12":"shipping-taxable","13":"purchasable","14":"product-type-simple"},"_links":{"self":[{"href":"https:\/\/singuli.wpress.me\/index.php\/wp-json\/wp\/v2\/product\/45060","targetHints":{"allow":["GET"]}}],"collection":[{"href":"https:\/\/singuli.wpress.me\/index.php\/wp-json\/wp\/v2\/product"}],"about":[{"href":"https:\/\/singuli.wpress.me\/index.php\/wp-json\/wp\/v2\/types\/product"}],"version-history":[{"count":0,"href":"https:\/\/singuli.wpress.me\/index.php\/wp-json\/wp\/v2\/product\/45060\/revisions"}],"wp:featuredmedia":[{"embeddable":true,"href":"https:\/\/singuli.wpress.me\/index.php\/wp-json\/wp\/v2\/media\/45061"}],"wp:attachment":[{"href":"https:\/\/singuli.wpress.me\/index.php\/wp-json\/wp\/v2\/media?parent=45060"}],"wp:term":[{"taxonomy":"product_brand","embeddable":true,"href":"https:\/\/singuli.wpress.me\/index.php\/wp-json\/wp\/v2\/product_brand?post=45060"},{"taxonomy":"product_cat","embeddable":true,"href":"https:\/\/singuli.wpress.me\/index.php\/wp-json\/wp\/v2\/product_cat?post=45060"},{"taxonomy":"product_tag","embeddable":true,"href":"https:\/\/singuli.wpress.me\/index.php\/wp-json\/wp\/v2\/product_tag?post=45060"}],"curies":[{"name":"wp","href":"https:\/\/api.w.org\/{rel}","templated":true}]}}