{"id":45074,"date":"2026-04-20T12:38:29","date_gmt":"2026-04-20T12:38:29","guid":{"rendered":"https:\/\/singuli.wpress.me\/index.php\/proizvod\/dr-oetker-vitalis-cokoladni-musli-tamna-cokolada-375-g\/"},"modified":"2026-04-20T12:38:29","modified_gmt":"2026-04-20T12:38:29","slug":"dr-oetker-vitalis-cokoladni-musli-tamna-cokolada-375-g","status":"publish","type":"product","link":"https:\/\/singuli.wpress.me\/index.php\/proizvod\/dr-oetker-vitalis-cokoladni-musli-tamna-cokolada-375-g\/","title":{"rendered":"DR. OETKER Vitalis, \u010dokoladni musli, tamna \u010dokolada , 375\u00a0g"},"content":{"rendered":"<p>Priu\u0161tite si posebni \u010dokoladani u\u017eitak! Zahvaljuju\u0107i visokom sadr\u017eaju kakaa u odabranoj tamnoj \u010dokoladi Vitalis M\u00fcsli tamna \u010dokolada posebno su \u010dokoladni. Nje\u017ene zobene i je\u010dmene pahuljice u kombinaciji s hrskavim bademima zaokru\u017euju intenzivno jak okus \u010dokolade. Vitalis m\u00fcsli s tamnom \u010dokoladom \u2013 zapo\u010dnite dan pravim okusom tamne \u010dokolade. U\u017eivajte u Vitalis m\u00fcslima s tamnom \u010dokoladom. Jednostavno dodajte mlijeko ili jogurt i prema \u017eelji ukrasite svje\u017eim vo\u0107em.\u00a0 Tako \u0107e biti jo\u0161 ukusnije.<\/p>\n","protected":false},"excerpt":{"rendered":"<p>Posebni \u010dokoladani u\u017eitak<br \/>\nIntenzivan okus \u010dokolade<br \/>\nJednostavno dodajte mlijeko ili jogurt<\/p>\n","protected":false},"featured_media":45075,"template":"","meta":{"_seopress_robots_primary_cat":"","_seopress_titles_title":"","_seopress_titles_desc":"","_seopress_robots_index":"","iawp_total_views":0},"product_brand":[328],"product_cat":[261,307],"product_tag":[],"class_list":{"0":"post-45074","1":"product","2":"type-product","3":"status-publish","4":"has-post-thumbnail","6":"product_brand-dr-oetker","7":"product_cat-hrana-i-pice","8":"product_cat-zitarice-i-dorucak-261","10":"first","11":"outofstock","12":"shipping-taxable","13":"purchasable","14":"product-type-simple"},"_links":{"self":[{"href":"https:\/\/singuli.wpress.me\/index.php\/wp-json\/wp\/v2\/product\/45074","targetHints":{"allow":["GET"]}}],"collection":[{"href":"https:\/\/singuli.wpress.me\/index.php\/wp-json\/wp\/v2\/product"}],"about":[{"href":"https:\/\/singuli.wpress.me\/index.php\/wp-json\/wp\/v2\/types\/product"}],"version-history":[{"count":0,"href":"https:\/\/singuli.wpress.me\/index.php\/wp-json\/wp\/v2\/product\/45074\/revisions"}],"wp:featuredmedia":[{"embeddable":true,"href":"https:\/\/singuli.wpress.me\/index.php\/wp-json\/wp\/v2\/media\/45075"}],"wp:attachment":[{"href":"https:\/\/singuli.wpress.me\/index.php\/wp-json\/wp\/v2\/media?parent=45074"}],"wp:term":[{"taxonomy":"product_brand","embeddable":true,"href":"https:\/\/singuli.wpress.me\/index.php\/wp-json\/wp\/v2\/product_brand?post=45074"},{"taxonomy":"product_cat","embeddable":true,"href":"https:\/\/singuli.wpress.me\/index.php\/wp-json\/wp\/v2\/product_cat?post=45074"},{"taxonomy":"product_tag","embeddable":true,"href":"https:\/\/singuli.wpress.me\/index.php\/wp-json\/wp\/v2\/product_tag?post=45074"}],"curies":[{"name":"wp","href":"https:\/\/api.w.org\/{rel}","templated":true}]}}