{"id":45076,"date":"2026-04-20T12:38:30","date_gmt":"2026-04-20T12:38:30","guid":{"rendered":"https:\/\/singuli.wpress.me\/index.php\/proizvod\/medex-propolis-defense-apf-30-sprej-alkoholna-osnova-s-medom-30-ml\/"},"modified":"2026-04-20T12:38:30","modified_gmt":"2026-04-20T12:38:30","slug":"medex-propolis-defense-apf-30-sprej-alkoholna-osnova-s-medom-30-ml","status":"publish","type":"product","link":"https:\/\/singuli.wpress.me\/index.php\/proizvod\/medex-propolis-defense-apf-30-sprej-alkoholna-osnova-s-medom-30-ml\/","title":{"rendered":"MEDEX Propolis Defense APF 30, sprej, alkoholna osnova s medom, 30\u00a0ml"},"content":{"rendered":"<p><span style=\"font-weight: bold\">Propolis Defence APF 30<\/span> na alkoholnoj osnovi, sprej dodatak prehrani s flavonoidima iz propolisa i medom u spreju. Propolis u spreju za aplikacciju u usta, sa standardizirano visokim sadr\u017eajem flavonoida. Za ubla\u017eavanje upale grla i \u017edrijela, za za\u0161titu usne sluznice, zuba i desni.<\/p>\n<p>Klju\u010dne informacije:<br \/>\n&#8211; Ja\u010dina Medexovih proizvoda Propolis Defense standardizirana je s APF\u00ae faktorom (Active Propolis Flavonoids).<br \/>\n&#8211; APF\u00ae 30 zna\u010di da je koncentracija flavonoida iz propolisa minimalno APF 30 mg\/ml.<br \/>\n&#8211; Najja\u010di sprej s propolisom na tr\u017ei\u0161tu, s dvostrukom standardizacijom.<br \/>\n&#8211; Standardizirani propolis s APF\u00ae faktorom (Active Propolis Flavonoidi), specificiraju\u0107i koncentraciju flavonoida u proizvodu.<br \/>\n&#8211; Minimalna koncentracija flavonoida propolisa je 30 mg\/ml. Preporu\u010dene dnevne doze su prilago\u0111ene klini\u010dkim nalazima studije (dnevna doza je 30 mg flavonoida).<br \/>\n&#8211; Osigurana visoka kvaliteta i ponovljiv u\u010dinak proizvoda.<\/p>\n<p><span style=\"font-weight: bold\">Preporu\u010dena dnevna doza<\/span> za odrasle i djeci iznad 12 godina je 4 puta dnevno po 2 potiska<br \/>\nraspr\u0161iti izravno u usnu \u0161upljinu. Prije upotrebe bo\u010dicu dobro protresite.<\/p>\n<p>U dnevnoj dozi (8 nanosa = 1 ml)  nalazi se 30 mg flavonoida iz propolisa i 268 mg meda.<\/p>\n","protected":false},"excerpt":{"rendered":"<p>Osigurana visoka kvaliteta i ponovljiv u\u010dinak proizvoda<br \/>\nJa\u010dina Medexovih proizvoda Propolis Defense standardizirana je s APF\u00ae faktorom (Active Propolis Flavonoids)<br \/>\nNajja\u010di sprej s propolisom na tr\u017ei\u0161tu, s dvostrukom standardizacijom<\/p>\n","protected":false},"featured_media":45077,"template":"","meta":{"_seopress_robots_primary_cat":"","_seopress_titles_title":"","_seopress_titles_desc":"","_seopress_robots_index":"","iawp_total_views":0},"product_brand":[415],"product_cat":[268,269],"product_tag":[],"class_list":{"0":"post-45076","1":"product","2":"type-product","3":"status-publish","4":"has-post-thumbnail","6":"product_brand-medex","7":"product_cat-kozmetika-2","8":"product_cat-zastita-koze-268","10":"first","11":"instock","12":"shipping-taxable","13":"purchasable","14":"product-type-simple"},"_links":{"self":[{"href":"https:\/\/singuli.wpress.me\/index.php\/wp-json\/wp\/v2\/product\/45076","targetHints":{"allow":["GET"]}}],"collection":[{"href":"https:\/\/singuli.wpress.me\/index.php\/wp-json\/wp\/v2\/product"}],"about":[{"href":"https:\/\/singuli.wpress.me\/index.php\/wp-json\/wp\/v2\/types\/product"}],"version-history":[{"count":0,"href":"https:\/\/singuli.wpress.me\/index.php\/wp-json\/wp\/v2\/product\/45076\/revisions"}],"wp:featuredmedia":[{"embeddable":true,"href":"https:\/\/singuli.wpress.me\/index.php\/wp-json\/wp\/v2\/media\/45077"}],"wp:attachment":[{"href":"https:\/\/singuli.wpress.me\/index.php\/wp-json\/wp\/v2\/media?parent=45076"}],"wp:term":[{"taxonomy":"product_brand","embeddable":true,"href":"https:\/\/singuli.wpress.me\/index.php\/wp-json\/wp\/v2\/product_brand?post=45076"},{"taxonomy":"product_cat","embeddable":true,"href":"https:\/\/singuli.wpress.me\/index.php\/wp-json\/wp\/v2\/product_cat?post=45076"},{"taxonomy":"product_tag","embeddable":true,"href":"https:\/\/singuli.wpress.me\/index.php\/wp-json\/wp\/v2\/product_tag?post=45076"}],"curies":[{"name":"wp","href":"https:\/\/api.w.org\/{rel}","templated":true}]}}