{"id":45089,"date":"2026-04-20T12:38:35","date_gmt":"2026-04-20T12:38:35","guid":{"rendered":"https:\/\/singuli.wpress.me\/index.php\/proizvod\/barbie-princeza\/"},"modified":"2026-04-21T00:27:29","modified_gmt":"2026-04-21T00:27:29","slug":"barbie-princeza","status":"publish","type":"product","link":"https:\/\/singuli.wpress.me\/index.php\/proizvod\/barbie-princeza\/","title":{"rendered":"BARBIE, princeza"},"content":{"rendered":"<p>Ove prekrasne Barbie princeze odjevene su u predivne sve\u010dane haljine primjerene kraljevskim zabavama i stvaranju ma\u0161tovitih pri\u010da u kojima sudjeluju!<\/p>\n<p>Odaberite izme\u0111u princeze u ru\u017ei\u010dastoj ili ljubi\u010dastoj kreaciji.<\/p>\n<p>Odgovaraju\u0107e cipele i tijara upotpunjuju njihov kraljevski izgled.<\/p>\n<p>Stvorite vlastito kraljevstvo s ovim lijepim princezama.<\/p>\n<p>Lutka ne mo\u017ee samostalno stajati. <\/p>\n<p>Lutka dolazi kao pojedina\u010dni proizvod.<\/p>\n<p>Igra\u010dka dolazi u vi\u0161e razli\u010ditih modela, a isporuka ovisi o njihovoj trenutnoj raspolo\u017eivosti. <\/p>\n","protected":false},"excerpt":{"rendered":"<p>Mogu\u0107nost odabira princeze u ru\u017ei\u010dastoj ili ljubi\u010dastoj kreaciji<br \/>\nLutka ne mo\u017ee samostalno stajati<br \/>\nLutka dolazi kao pojedina\u010dni proizvod<\/p>\n","protected":false},"featured_media":45090,"template":"","meta":{"_seopress_robots_primary_cat":"","_seopress_titles_title":"","_seopress_titles_desc":"","_seopress_robots_index":"","iawp_total_views":0},"product_brand":[324],"product_cat":[221,291],"product_tag":[],"class_list":{"0":"post-45089","1":"product","2":"type-product","3":"status-publish","4":"has-post-thumbnail","6":"product_brand-barbie","7":"product_cat-igracke","8":"product_cat-igracke-za-djecu-221","10":"first","11":"instock","12":"shipping-taxable","13":"purchasable","14":"product-type-simple"},"_links":{"self":[{"href":"https:\/\/singuli.wpress.me\/index.php\/wp-json\/wp\/v2\/product\/45089","targetHints":{"allow":["GET"]}}],"collection":[{"href":"https:\/\/singuli.wpress.me\/index.php\/wp-json\/wp\/v2\/product"}],"about":[{"href":"https:\/\/singuli.wpress.me\/index.php\/wp-json\/wp\/v2\/types\/product"}],"version-history":[{"count":0,"href":"https:\/\/singuli.wpress.me\/index.php\/wp-json\/wp\/v2\/product\/45089\/revisions"}],"wp:featuredmedia":[{"embeddable":true,"href":"https:\/\/singuli.wpress.me\/index.php\/wp-json\/wp\/v2\/media\/45090"}],"wp:attachment":[{"href":"https:\/\/singuli.wpress.me\/index.php\/wp-json\/wp\/v2\/media?parent=45089"}],"wp:term":[{"taxonomy":"product_brand","embeddable":true,"href":"https:\/\/singuli.wpress.me\/index.php\/wp-json\/wp\/v2\/product_brand?post=45089"},{"taxonomy":"product_cat","embeddable":true,"href":"https:\/\/singuli.wpress.me\/index.php\/wp-json\/wp\/v2\/product_cat?post=45089"},{"taxonomy":"product_tag","embeddable":true,"href":"https:\/\/singuli.wpress.me\/index.php\/wp-json\/wp\/v2\/product_tag?post=45089"}],"curies":[{"name":"wp","href":"https:\/\/api.w.org\/{rel}","templated":true}]}}