{"id":45095,"date":"2026-04-20T12:38:37","date_gmt":"2026-04-20T12:38:37","guid":{"rendered":"https:\/\/singuli.wpress.me\/index.php\/proizvod\/heinz-bbq-umak-classic-480-g-2\/"},"modified":"2026-04-20T12:38:37","modified_gmt":"2026-04-20T12:38:37","slug":"heinz-bbq-umak-classic-480-g-2","status":"publish","type":"product","link":"https:\/\/singuli.wpress.me\/index.php\/proizvod\/heinz-bbq-umak-classic-480-g-2\/","title":{"rendered":"HEINZ, BBQ umak, classic, 480\u00a0g"},"content":{"rendered":"<p><span style=\"font-weight: bold\">Heinz BBQ<\/span> umak je popularan proizvod koji se koristi \u0161irom svijeta. Heinz je poznati brend koji proizvodi razne prehrambene proizvode, a BBQ umak je jedan od njih.<\/p>\n<p>Heinz BBQ umak je <span style=\"font-weight: bold\">specifi\u010dan po svom bogatom okusu<\/span> s notama dima i slatko\u0107e. Izra\u0111en je od pa\u017eljivo odabranih sastojaka poput raj\u010dica, za\u010dina, biljaka i za\u010dina koji mu daju jedinstvenu aromu. Ovaj umak nudi izbalansiranu kombinaciju slatko\u0107e, kiselosti i pikantnosti, \u0161to ga \u010dini savr\u0161enim dodatkom za ro\u0161tilj i ostale mesne ili povrtne specijalitete.<\/p>\n<p>Heinz BBQ umak je idealan za dodavanje bogatog okusa mesu, kao \u0161to su svinjetina, piletina, govedina ili ro\u0161tiljani povr\u0107e. Mo\u017ee se koristiti za premazivanje hrane prije pe\u010denja ili ro\u0161tiljanja, kao umak ili kao dodatak za\u010dinjanju jela.<\/p>\n<p>Ovaj BBQ umak dolazi u prakti\u010dnim bo\u010dicama koje su jednostavne za kori\u0161tenje i \u010duvanje. Mo\u017ee se jednostavno iscijediti ili preliti po hrani, a \u010dep omogu\u0107ava jednostavno zatvaranje i \u010duvanje proizvoda za kasniju upotrebu.<\/p>\n<p>Heinz BBQ umak proizvodi se s visokim standardima kvalitete i sigurnosti hrane, kao i ostali proizvodi ovog brenda. Heinz je poznat po svom dugogodi\u0161njem iskustvu i predanosti u proizvodnji vrhunskih prehrambenih proizvoda.<\/p>\n","protected":false},"excerpt":{"rendered":"<p>Specifi\u010dan po svom bogatom okusu s notama dima i slatko\u0107e<br \/>\nIzra\u0111en od pa\u017eljivo odabranih sastojaka<br \/>\nProizvodi se s visokim standardima kvalitete i sigurnosti hrane<\/p>\n","protected":false},"featured_media":45096,"template":"","meta":{"_seopress_robots_primary_cat":"","_seopress_titles_title":"","_seopress_titles_desc":"","_seopress_robots_index":"","iawp_total_views":0},"product_brand":[395],"product_cat":[266,265,160],"product_tag":[],"class_list":{"0":"post-45095","1":"product","2":"type-product","3":"status-publish","4":"has-post-thumbnail","6":"product_brand-heinz","7":"product_cat-aparati-za-kuhanje-265","8":"product_cat-kuhinjski-aparati-160","9":"product_cat-mali-kucanski-aparati","11":"first","12":"outofstock","13":"shipping-taxable","14":"purchasable","15":"product-type-simple"},"_links":{"self":[{"href":"https:\/\/singuli.wpress.me\/index.php\/wp-json\/wp\/v2\/product\/45095","targetHints":{"allow":["GET"]}}],"collection":[{"href":"https:\/\/singuli.wpress.me\/index.php\/wp-json\/wp\/v2\/product"}],"about":[{"href":"https:\/\/singuli.wpress.me\/index.php\/wp-json\/wp\/v2\/types\/product"}],"version-history":[{"count":0,"href":"https:\/\/singuli.wpress.me\/index.php\/wp-json\/wp\/v2\/product\/45095\/revisions"}],"wp:featuredmedia":[{"embeddable":true,"href":"https:\/\/singuli.wpress.me\/index.php\/wp-json\/wp\/v2\/media\/45096"}],"wp:attachment":[{"href":"https:\/\/singuli.wpress.me\/index.php\/wp-json\/wp\/v2\/media?parent=45095"}],"wp:term":[{"taxonomy":"product_brand","embeddable":true,"href":"https:\/\/singuli.wpress.me\/index.php\/wp-json\/wp\/v2\/product_brand?post=45095"},{"taxonomy":"product_cat","embeddable":true,"href":"https:\/\/singuli.wpress.me\/index.php\/wp-json\/wp\/v2\/product_cat?post=45095"},{"taxonomy":"product_tag","embeddable":true,"href":"https:\/\/singuli.wpress.me\/index.php\/wp-json\/wp\/v2\/product_tag?post=45095"}],"curies":[{"name":"wp","href":"https:\/\/api.w.org\/{rel}","templated":true}]}}