{"id":45116,"date":"2026-04-20T12:38:49","date_gmt":"2026-04-20T12:38:49","guid":{"rendered":"https:\/\/singuli.wpress.me\/index.php\/proizvod\/herba-breza-sampon-za-kosu-1000-ml\/"},"modified":"2026-04-20T12:38:49","modified_gmt":"2026-04-20T12:38:49","slug":"herba-breza-sampon-za-kosu-1000-ml","status":"publish","type":"product","link":"https:\/\/singuli.wpress.me\/index.php\/proizvod\/herba-breza-sampon-za-kosu-1000-ml\/","title":{"rendered":"HERBA breza, \u0161ampon za kosu, 1000\u00a0ml"},"content":{"rendered":"<p>Herba \u0161ampon od breze idealno je rje\u0161enje za postizanje svje\u017eine i volumena kose. Zahvaljuju\u0107i prirodnim ekstraktima breze, ovaj \u0161ampon posjeduje sna\u017ena protuupalna i antisepti\u010dka svojstva koja blagotvorno djeluju na vlasi\u0161te. Njegova posebna formula u\u010dinkovito regulira i smanjuje izlu\u010divanje masno\u0107a, \u010dime se sprje\u010dava brzo ma\u0161\u0107enje kose. Nakon pranja, kosa dobiva prirodan volumen, postaje lepr\u0161ava i savr\u0161eno pripremljena za oblikovanje.<\/p>\n","protected":false},"excerpt":{"rendered":"<p>Smanjuje izlu\u010divanje prirodnih ulja, odr\u017eavaju\u0107i kosu \u010distom i svje\u017eom dulje vrijeme<br \/>\nUmiruje vlasi\u0161te i pru\u017ea za\u0161titu zahvaljuju\u0107i ljekovitim svojstvima breze<br \/>\nKosi daje puno\u0107u i vitalnost, olak\u0161avaju\u0107i svakodnevno stiliziranje i oblikovanje<\/p>\n","protected":false},"featured_media":45117,"template":"","meta":{"_seopress_robots_primary_cat":"","_seopress_titles_title":"","_seopress_titles_desc":"","_seopress_robots_index":"","iawp_total_views":0},"product_brand":[906],"product_cat":[268,300],"product_tag":[],"class_list":{"0":"post-45116","1":"product","2":"type-product","3":"status-publish","4":"has-post-thumbnail","6":"product_brand-herba","7":"product_cat-kozmetika-2","8":"product_cat-njega-kose-268","10":"first","11":"instock","12":"shipping-taxable","13":"purchasable","14":"product-type-simple"},"_links":{"self":[{"href":"https:\/\/singuli.wpress.me\/index.php\/wp-json\/wp\/v2\/product\/45116","targetHints":{"allow":["GET"]}}],"collection":[{"href":"https:\/\/singuli.wpress.me\/index.php\/wp-json\/wp\/v2\/product"}],"about":[{"href":"https:\/\/singuli.wpress.me\/index.php\/wp-json\/wp\/v2\/types\/product"}],"version-history":[{"count":0,"href":"https:\/\/singuli.wpress.me\/index.php\/wp-json\/wp\/v2\/product\/45116\/revisions"}],"wp:featuredmedia":[{"embeddable":true,"href":"https:\/\/singuli.wpress.me\/index.php\/wp-json\/wp\/v2\/media\/45117"}],"wp:attachment":[{"href":"https:\/\/singuli.wpress.me\/index.php\/wp-json\/wp\/v2\/media?parent=45116"}],"wp:term":[{"taxonomy":"product_brand","embeddable":true,"href":"https:\/\/singuli.wpress.me\/index.php\/wp-json\/wp\/v2\/product_brand?post=45116"},{"taxonomy":"product_cat","embeddable":true,"href":"https:\/\/singuli.wpress.me\/index.php\/wp-json\/wp\/v2\/product_cat?post=45116"},{"taxonomy":"product_tag","embeddable":true,"href":"https:\/\/singuli.wpress.me\/index.php\/wp-json\/wp\/v2\/product_tag?post=45116"}],"curies":[{"name":"wp","href":"https:\/\/api.w.org\/{rel}","templated":true}]}}