{"id":45123,"date":"2026-04-20T12:38:50","date_gmt":"2026-04-20T12:38:50","guid":{"rendered":"https:\/\/singuli.wpress.me\/index.php\/proizvod\/hot-wheels-staza-s-krugom\/"},"modified":"2026-04-20T12:38:50","modified_gmt":"2026-04-20T12:38:50","slug":"hot-wheels-staza-s-krugom","status":"publish","type":"product","link":"https:\/\/singuli.wpress.me\/index.php\/proizvod\/hot-wheels-staza-s-krugom\/","title":{"rendered":"HOT WHEELS, staza s krugom"},"content":{"rendered":"<p>U ovaj super set mo\u017ee se spremiti do 19 auti\u0107a, ali pogledaj ponovno, ovo nije obi\u010dan teglja\u010d, ovo je mobilni set za igru \u2013 prvi ikada teglja\u010d s krugom!<br \/>\nPostavi dvije strane kruga na svoje mjesto i postavi rampu za lansiranje. Postavi auti\u0107 u ispaljiva\u010d i neka dramati\u010dni skokovi krenu! Lansiraj auti\u0107e u krug kako bi stvorili nezaboravne skokove ili dodaj dodatnu traku za jo\u0161 du\u017ee skokove.<br \/>\nSet je prenosiv za igru bilo kada i bilo gdje!<br \/>\nDob: 4 godine +<\/p>\n","protected":false},"excerpt":{"rendered":"<p>Mo\u017ee se spremiti do 19 auti\u0107a<br \/>\nSet je prenosiv<br \/>\nDob: 4+ godine<\/p>\n","protected":false},"featured_media":45124,"template":"","meta":{"_seopress_robots_primary_cat":"","_seopress_titles_title":"","_seopress_titles_desc":"","_seopress_robots_index":"","iawp_total_views":0},"product_brand":[429],"product_cat":[243,273],"product_tag":[],"class_list":{"0":"post-45123","1":"product","2":"type-product","3":"status-publish","4":"has-post-thumbnail","6":"product_brand-hot-wheels","7":"product_cat-automobili-i-motori","8":"product_cat-njega-vozila-243","10":"first","11":"instock","12":"shipping-taxable","13":"purchasable","14":"product-type-simple"},"_links":{"self":[{"href":"https:\/\/singuli.wpress.me\/index.php\/wp-json\/wp\/v2\/product\/45123","targetHints":{"allow":["GET"]}}],"collection":[{"href":"https:\/\/singuli.wpress.me\/index.php\/wp-json\/wp\/v2\/product"}],"about":[{"href":"https:\/\/singuli.wpress.me\/index.php\/wp-json\/wp\/v2\/types\/product"}],"version-history":[{"count":0,"href":"https:\/\/singuli.wpress.me\/index.php\/wp-json\/wp\/v2\/product\/45123\/revisions"}],"wp:featuredmedia":[{"embeddable":true,"href":"https:\/\/singuli.wpress.me\/index.php\/wp-json\/wp\/v2\/media\/45124"}],"wp:attachment":[{"href":"https:\/\/singuli.wpress.me\/index.php\/wp-json\/wp\/v2\/media?parent=45123"}],"wp:term":[{"taxonomy":"product_brand","embeddable":true,"href":"https:\/\/singuli.wpress.me\/index.php\/wp-json\/wp\/v2\/product_brand?post=45123"},{"taxonomy":"product_cat","embeddable":true,"href":"https:\/\/singuli.wpress.me\/index.php\/wp-json\/wp\/v2\/product_cat?post=45123"},{"taxonomy":"product_tag","embeddable":true,"href":"https:\/\/singuli.wpress.me\/index.php\/wp-json\/wp\/v2\/product_tag?post=45123"}],"curies":[{"name":"wp","href":"https:\/\/api.w.org\/{rel}","templated":true}]}}