{"id":45131,"date":"2026-04-20T12:38:53","date_gmt":"2026-04-20T12:38:53","guid":{"rendered":"https:\/\/singuli.wpress.me\/index.php\/proizvod\/braun-lf40-zastitna-kapica-za-sondu-toplomjera\/"},"modified":"2026-04-21T00:27:29","modified_gmt":"2026-04-21T00:27:29","slug":"braun-lf40-zastitna-kapica-za-sondu-toplomjera","status":"publish","type":"product","link":"https:\/\/singuli.wpress.me\/index.php\/proizvod\/braun-lf40-zastitna-kapica-za-sondu-toplomjera\/","title":{"rendered":"BRAUN LF40, za\u0161titna kapica za sondu toplomjera"},"content":{"rendered":"<p>Za\u0161titne kapice za toplomjere iz ThermoScan linije namijenjene su za za\u0161titu sonde toplomjera, i kako bi omogu\u0107ile sigurno mjerenje. <\/p>\n<p>Proizvod je jednokratan.<\/p>\n","protected":false},"excerpt":{"rendered":"<p>Namijenjeno toplomjerima iz ThermoScan linije<br \/>\nU pakiranju se nalazi 40 za\u0161titnih kapica<br \/>\nProizvod je jednokratan<\/p>\n","protected":false},"featured_media":45132,"template":"","meta":{"_seopress_robots_primary_cat":"","_seopress_titles_title":"","_seopress_titles_desc":"","_seopress_robots_index":"","iawp_total_views":0},"product_brand":[144],"product_cat":[192,267],"product_tag":[],"class_list":{"0":"post-45131","1":"product","2":"type-product","3":"status-publish","4":"has-post-thumbnail","6":"product_brand-braun","7":"product_cat-aparati-za-osobnu-njegu","8":"product_cat-zdravstveni-uredaji-192","10":"first","11":"instock","12":"shipping-taxable","13":"purchasable","14":"product-type-simple"},"_links":{"self":[{"href":"https:\/\/singuli.wpress.me\/index.php\/wp-json\/wp\/v2\/product\/45131","targetHints":{"allow":["GET"]}}],"collection":[{"href":"https:\/\/singuli.wpress.me\/index.php\/wp-json\/wp\/v2\/product"}],"about":[{"href":"https:\/\/singuli.wpress.me\/index.php\/wp-json\/wp\/v2\/types\/product"}],"version-history":[{"count":0,"href":"https:\/\/singuli.wpress.me\/index.php\/wp-json\/wp\/v2\/product\/45131\/revisions"}],"wp:featuredmedia":[{"embeddable":true,"href":"https:\/\/singuli.wpress.me\/index.php\/wp-json\/wp\/v2\/media\/45132"}],"wp:attachment":[{"href":"https:\/\/singuli.wpress.me\/index.php\/wp-json\/wp\/v2\/media?parent=45131"}],"wp:term":[{"taxonomy":"product_brand","embeddable":true,"href":"https:\/\/singuli.wpress.me\/index.php\/wp-json\/wp\/v2\/product_brand?post=45131"},{"taxonomy":"product_cat","embeddable":true,"href":"https:\/\/singuli.wpress.me\/index.php\/wp-json\/wp\/v2\/product_cat?post=45131"},{"taxonomy":"product_tag","embeddable":true,"href":"https:\/\/singuli.wpress.me\/index.php\/wp-json\/wp\/v2\/product_tag?post=45131"}],"curies":[{"name":"wp","href":"https:\/\/api.w.org\/{rel}","templated":true}]}}