{"id":45137,"date":"2026-04-20T12:38:54","date_gmt":"2026-04-20T12:38:54","guid":{"rendered":"https:\/\/singuli.wpress.me\/index.php\/proizvod\/dr-oetker-dzemfix-klasik-11\/"},"modified":"2026-04-20T12:38:54","modified_gmt":"2026-04-20T12:38:54","slug":"dr-oetker-dzemfix-klasik-11","status":"publish","type":"product","link":"https:\/\/singuli.wpress.me\/index.php\/proizvod\/dr-oetker-dzemfix-klasik-11\/","title":{"rendered":"DR. OETKER, d\u017eemfix, klasik 1:1"},"content":{"rendered":"<p>S Dr.\u00a0Oetker D\u017eemfixom klasik 1:1 mo\u017eete pripremati svoje klasi\u010dne slatke d\u017eemove, d\u017eemove i \u017eelee.\u00a0Za pripremu je potrebna pribli\u017eno jednaka koli\u010dina vo\u0107a i \u0161e\u0107era ili vo\u0107nog soka i \u0161e\u0107era.\u00a0Bijeli \u0161e\u0107er mo\u017eete zamijeniti sme\u0111im i tako \u0107e va\u0161a zimnica imati blago karameliziran okus.\u00a0<\/p>\n","protected":false},"excerpt":{"rendered":"<p>Za 1000 g vo\u0107a i 1150 g \u0161e\u0107era<br \/>\nZa pripremu d\u017eemova i \u017eelea<br \/>\nZa karameliziran okus koristite sme\u0111i \u0161e\u0107er<\/p>\n","protected":false},"featured_media":45138,"template":"","meta":{"_seopress_robots_primary_cat":"","_seopress_titles_title":"","_seopress_titles_desc":"","_seopress_robots_index":"","iawp_total_views":0},"product_brand":[328],"product_cat":[261,299],"product_tag":[],"class_list":{"0":"post-45137","1":"product","2":"type-product","3":"status-publish","4":"has-post-thumbnail","6":"product_brand-dr-oetker","7":"product_cat-hrana-i-pice","8":"product_cat-konzervirana-i-gotova-hrana-261","10":"first","11":"outofstock","12":"shipping-taxable","13":"purchasable","14":"product-type-simple"},"_links":{"self":[{"href":"https:\/\/singuli.wpress.me\/index.php\/wp-json\/wp\/v2\/product\/45137","targetHints":{"allow":["GET"]}}],"collection":[{"href":"https:\/\/singuli.wpress.me\/index.php\/wp-json\/wp\/v2\/product"}],"about":[{"href":"https:\/\/singuli.wpress.me\/index.php\/wp-json\/wp\/v2\/types\/product"}],"version-history":[{"count":0,"href":"https:\/\/singuli.wpress.me\/index.php\/wp-json\/wp\/v2\/product\/45137\/revisions"}],"wp:featuredmedia":[{"embeddable":true,"href":"https:\/\/singuli.wpress.me\/index.php\/wp-json\/wp\/v2\/media\/45138"}],"wp:attachment":[{"href":"https:\/\/singuli.wpress.me\/index.php\/wp-json\/wp\/v2\/media?parent=45137"}],"wp:term":[{"taxonomy":"product_brand","embeddable":true,"href":"https:\/\/singuli.wpress.me\/index.php\/wp-json\/wp\/v2\/product_brand?post=45137"},{"taxonomy":"product_cat","embeddable":true,"href":"https:\/\/singuli.wpress.me\/index.php\/wp-json\/wp\/v2\/product_cat?post=45137"},{"taxonomy":"product_tag","embeddable":true,"href":"https:\/\/singuli.wpress.me\/index.php\/wp-json\/wp\/v2\/product_tag?post=45137"}],"curies":[{"name":"wp","href":"https:\/\/api.w.org\/{rel}","templated":true}]}}