{"id":45147,"date":"2026-04-20T12:38:57","date_gmt":"2026-04-20T12:38:57","guid":{"rendered":"https:\/\/singuli.wpress.me\/index.php\/proizvod\/domo-do338ip-indukcijska-ploca\/"},"modified":"2026-04-20T12:38:57","modified_gmt":"2026-04-20T12:38:57","slug":"domo-do338ip-indukcijska-ploca","status":"publish","type":"product","link":"https:\/\/singuli.wpress.me\/index.php\/proizvod\/domo-do338ip-indukcijska-ploca\/","title":{"rendered":"DOMO DO338IP, indukcijska plo\u010da"},"content":{"rendered":"<p>Domo DO338IP je indukcijska plo\u010da za kuhanje prikladna za kuhanje u malim kuhinjama, studentskom domu ili na kampiranju. Plo\u010da za kuhanje ima indukcijsku tehnologiju koja omogu\u0107uje brzo i u\u010dinkovito kuhanje. Indukcijske plo\u010de za kuhanje automatski prepoznaju odgovaraju\u0107e posu\u0111e i mogu se same isklju\u010diti kada koristi se drugo posu\u0111e Isto tako, plo\u010de za kuhanje mogu se same isklju\u010diti i ohladiti nakon \u0161to se posuda izvadi ili nakon \u0161to istekne pode\u0161eno vrijeme kuhanja.<\/p>\n<p>Tako\u0111er ima LED zaslon na kojem mo\u017eete pratiti temperaturu i vrijeme kuhanja. Plo\u010da ima 10 stupnjeva snage i temperature za precizno prilago\u0111avanje kuhanja va\u0161im potrebama. Osim toga, ima funkciju zaklju\u010davanja za djecu i sigurnosni sustav koji sprje\u010dava pregrijavanje.<\/p>\n","protected":false},"excerpt":{"rendered":"<p>Visokokvalitetna kerami\u010dka povr\u0161ina<br \/>\nLED zaslon osjetljiv na dodir<br \/>\nKoristite samo posu\u0111e prikladno za indukcijsko kuhanje<\/p>\n","protected":false},"featured_media":45148,"template":"","meta":{"_seopress_robots_primary_cat":"","_seopress_titles_title":"","_seopress_titles_desc":"","_seopress_robots_index":"","iawp_total_views":0},"product_brand":[255],"product_cat":[192,267],"product_tag":[],"class_list":{"0":"post-45147","1":"product","2":"type-product","3":"status-publish","4":"has-post-thumbnail","6":"product_brand-domo","7":"product_cat-aparati-za-osobnu-njegu","8":"product_cat-zdravstveni-uredaji-192","10":"first","11":"outofstock","12":"shipping-taxable","13":"purchasable","14":"product-type-simple"},"_links":{"self":[{"href":"https:\/\/singuli.wpress.me\/index.php\/wp-json\/wp\/v2\/product\/45147","targetHints":{"allow":["GET"]}}],"collection":[{"href":"https:\/\/singuli.wpress.me\/index.php\/wp-json\/wp\/v2\/product"}],"about":[{"href":"https:\/\/singuli.wpress.me\/index.php\/wp-json\/wp\/v2\/types\/product"}],"version-history":[{"count":0,"href":"https:\/\/singuli.wpress.me\/index.php\/wp-json\/wp\/v2\/product\/45147\/revisions"}],"wp:featuredmedia":[{"embeddable":true,"href":"https:\/\/singuli.wpress.me\/index.php\/wp-json\/wp\/v2\/media\/45148"}],"wp:attachment":[{"href":"https:\/\/singuli.wpress.me\/index.php\/wp-json\/wp\/v2\/media?parent=45147"}],"wp:term":[{"taxonomy":"product_brand","embeddable":true,"href":"https:\/\/singuli.wpress.me\/index.php\/wp-json\/wp\/v2\/product_brand?post=45147"},{"taxonomy":"product_cat","embeddable":true,"href":"https:\/\/singuli.wpress.me\/index.php\/wp-json\/wp\/v2\/product_cat?post=45147"},{"taxonomy":"product_tag","embeddable":true,"href":"https:\/\/singuli.wpress.me\/index.php\/wp-json\/wp\/v2\/product_tag?post=45147"}],"curies":[{"name":"wp","href":"https:\/\/api.w.org\/{rel}","templated":true}]}}