{"id":45153,"date":"2026-04-20T12:38:59","date_gmt":"2026-04-20T12:38:59","guid":{"rendered":"https:\/\/singuli.wpress.me\/index.php\/proizvod\/lenor-professional-spring-breeze-omeksivac-4-75l-190-pranja\/"},"modified":"2026-04-20T12:38:59","modified_gmt":"2026-04-20T12:38:59","slug":"lenor-professional-spring-breeze-omeksivac-4-75l-190-pranja","status":"publish","type":"product","link":"https:\/\/singuli.wpress.me\/index.php\/proizvod\/lenor-professional-spring-breeze-omeksivac-4-75l-190-pranja\/","title":{"rendered":"LENOR PROFESSIONAL  Spring Breeze, omek\u0161iva\u010d, 4.75l, 190\u00a0pranja"},"content":{"rendered":"<p>Omek\u0161iva\u010d rublja Lenor Professional stolnom rublju, uniformama, ru\u010dnicima i pokriva\u010dima pru\u017ea dugotrajnu svje\u017einu i meko\u0107u, \u010dak i nakon su\u0161enja u su\u0161ilici. Dobijte savr\u0161eno \u010disto rublje zbog kojeg \u0107e se va\u0161i gosti vra\u0107ati, uz naprednu tehnologiju omek\u0161avanja s biljnim sastojcima koja \u0161titi vlakna od o\u0161te\u0107enja i produljuje vijek trajanja rublja. Odu\u0161evite svoje goste prepoznatljivom Lenorovom svje\u017einom: Lenor Professional Spring Breeze klasi\u010dnog je mirisa s neutralnim akordima jutarnje rose i svje\u017eim gornjim notama. Za vrhunske rezultate Lenor Professional upotrebljavajte s deterd\u017eentom Ariel Professional.<\/p>\n","protected":false},"excerpt":{"rendered":"<p>Osmi\u0161ljen da va\u0161em profesionalnom rublju pru\u017ei dugotrajnu svje\u017einu i meko\u0107u<br \/>\nPosebne tehnologije omek\u0161avanja s biljnim sastojcima \u0161tite vlakna od o\u0161te\u0107enja i poma\u017eu produljiti vijek trajanja rublja<br \/>\nU\u010dinkovit \u010dak i nakon su\u0161enja u su\u0161ilici<\/p>\n","protected":false},"featured_media":45154,"template":"","meta":{"_seopress_robots_primary_cat":"","_seopress_titles_title":"","_seopress_titles_desc":"","_seopress_robots_index":"","iawp_total_views":0},"product_brand":[874],"product_cat":[283,238],"product_tag":[],"class_list":{"0":"post-45153","1":"product","2":"type-product","3":"status-publish","4":"has-post-thumbnail","6":"product_brand-lenor-professional","7":"product_cat-pranje-rublja-238","8":"product_cat-sve-za-dom","10":"first","11":"outofstock","12":"shipping-taxable","13":"purchasable","14":"product-type-simple"},"_links":{"self":[{"href":"https:\/\/singuli.wpress.me\/index.php\/wp-json\/wp\/v2\/product\/45153","targetHints":{"allow":["GET"]}}],"collection":[{"href":"https:\/\/singuli.wpress.me\/index.php\/wp-json\/wp\/v2\/product"}],"about":[{"href":"https:\/\/singuli.wpress.me\/index.php\/wp-json\/wp\/v2\/types\/product"}],"version-history":[{"count":0,"href":"https:\/\/singuli.wpress.me\/index.php\/wp-json\/wp\/v2\/product\/45153\/revisions"}],"wp:featuredmedia":[{"embeddable":true,"href":"https:\/\/singuli.wpress.me\/index.php\/wp-json\/wp\/v2\/media\/45154"}],"wp:attachment":[{"href":"https:\/\/singuli.wpress.me\/index.php\/wp-json\/wp\/v2\/media?parent=45153"}],"wp:term":[{"taxonomy":"product_brand","embeddable":true,"href":"https:\/\/singuli.wpress.me\/index.php\/wp-json\/wp\/v2\/product_brand?post=45153"},{"taxonomy":"product_cat","embeddable":true,"href":"https:\/\/singuli.wpress.me\/index.php\/wp-json\/wp\/v2\/product_cat?post=45153"},{"taxonomy":"product_tag","embeddable":true,"href":"https:\/\/singuli.wpress.me\/index.php\/wp-json\/wp\/v2\/product_tag?post=45153"}],"curies":[{"name":"wp","href":"https:\/\/api.w.org\/{rel}","templated":true}]}}