{"id":45157,"date":"2026-04-20T12:39:00","date_gmt":"2026-04-20T12:39:00","guid":{"rendered":"https:\/\/singuli.wpress.me\/index.php\/proizvod\/lavazza-kava-u-zrnu-espresso-250-g\/"},"modified":"2026-04-21T00:27:29","modified_gmt":"2026-04-21T00:27:29","slug":"lavazza-kava-u-zrnu-espresso-250-g","status":"publish","type":"product","link":"https:\/\/singuli.wpress.me\/index.php\/proizvod\/lavazza-kava-u-zrnu-espresso-250-g\/","title":{"rendered":"LAVAZZA, kava u zrnu, Espresso, 250\u00a0g"},"content":{"rendered":"<p>Lavazza Espresso Italiano je izbor mje\u0161avina kave od bla\u017eih do sna\u017enijih okusa kako bi u\u017eivali u kavi kako to rade i Talijani u svom omiljenom na\u010dinu pripreme.<\/p>\n<p>Espresso Italiano Classico je sladak i nje\u017ean espresso s vo\u0107nim notama i postojanim okusom nakon. Predstavlja odli\u010dnu osnovu za sve ljubitelje kave.  Prilagodljiva je za sve na\u010dine pripremanja od klasi\u010dnih esspresso kava do kava kojima je baza i mlijeko kao \u0161to su macchiato, cappucino ili bijela kava.<\/p>\n<p>Sastav: 100% Arabica<br \/>\nIntenzitet: 5\/10<br \/>\nProfil okusa (aroma): Vo\u0107ni<br \/>\nPr\u017eenje: Lagano<\/p>\n","protected":false},"excerpt":{"rendered":"<p>100% Arabica<br \/>\nIntenzitet: 5\/10<br \/>\nAroma: vo\u0107na<\/p>\n","protected":false},"featured_media":45158,"template":"","meta":{"_seopress_robots_primary_cat":"","_seopress_titles_title":"","_seopress_titles_desc":"","_seopress_robots_index":"","iawp_total_views":0},"product_brand":[393],"product_cat":[261,275],"product_tag":[],"class_list":{"0":"post-45157","1":"product","2":"type-product","3":"status-publish","4":"has-post-thumbnail","6":"product_brand-lavazza","7":"product_cat-hrana-i-pice","8":"product_cat-kava-i-cajevi-261","10":"first","11":"instock","12":"shipping-taxable","13":"purchasable","14":"product-type-simple"},"_links":{"self":[{"href":"https:\/\/singuli.wpress.me\/index.php\/wp-json\/wp\/v2\/product\/45157","targetHints":{"allow":["GET"]}}],"collection":[{"href":"https:\/\/singuli.wpress.me\/index.php\/wp-json\/wp\/v2\/product"}],"about":[{"href":"https:\/\/singuli.wpress.me\/index.php\/wp-json\/wp\/v2\/types\/product"}],"version-history":[{"count":0,"href":"https:\/\/singuli.wpress.me\/index.php\/wp-json\/wp\/v2\/product\/45157\/revisions"}],"wp:featuredmedia":[{"embeddable":true,"href":"https:\/\/singuli.wpress.me\/index.php\/wp-json\/wp\/v2\/media\/45158"}],"wp:attachment":[{"href":"https:\/\/singuli.wpress.me\/index.php\/wp-json\/wp\/v2\/media?parent=45157"}],"wp:term":[{"taxonomy":"product_brand","embeddable":true,"href":"https:\/\/singuli.wpress.me\/index.php\/wp-json\/wp\/v2\/product_brand?post=45157"},{"taxonomy":"product_cat","embeddable":true,"href":"https:\/\/singuli.wpress.me\/index.php\/wp-json\/wp\/v2\/product_cat?post=45157"},{"taxonomy":"product_tag","embeddable":true,"href":"https:\/\/singuli.wpress.me\/index.php\/wp-json\/wp\/v2\/product_tag?post=45157"}],"curies":[{"name":"wp","href":"https:\/\/api.w.org\/{rel}","templated":true}]}}