{"id":45159,"date":"2026-04-20T12:39:00","date_gmt":"2026-04-20T12:39:00","guid":{"rendered":"https:\/\/singuli.wpress.me\/index.php\/proizvod\/uhu-pistolj-za-vruce-ljepljenje-lt110\/"},"modified":"2026-04-21T00:27:29","modified_gmt":"2026-04-21T00:27:29","slug":"uhu-pistolj-za-vruce-ljepljenje-lt110","status":"publish","type":"product","link":"https:\/\/singuli.wpress.me\/index.php\/proizvod\/uhu-pistolj-za-vruce-ljepljenje-lt110\/","title":{"rendered":"UHU, pi\u0161tolj za vru\u0107e ljepljenje, LT110"},"content":{"rendered":"<p><span style=\"font-weight: bold\">UHU pi\u0161tolj LT110<\/span> je ljepljivi pi\u0161tolj niske temperature. Radna temperatura je 110 \u00b0 C i stoga omogu\u0107ava sigurno lijepljenje taline. To vam omogu\u0107uje brz i univerzalan rad. \u010cak se i materijali osjetljivi na toplinu, poput Styropor\u00ae, mogu zalijepiti. <\/p>\n<p>\u0160irok raspon spremnika u boji otvara brojne mogu\u0107nosti kreativnog dizajna. Pi\u0161tolj ima mehani\u010dko umetanje ulo\u0161ka i idealan je za \u010deste korisnike.<\/p>\n<p><span style=\"font-weight: bold\">Posebne zna\u010dajke<\/span><br \/>\n&#8211; Kratka faza grijanja<br \/>\n&#8211; Pogodno za materijale osjetljive na toplinu<br \/>\n&#8211; S obojenim spremnicima za kreativan dizajn<br \/>\n&#8211; Mehani\u010dko umetanje ulo\u0161ka<\/p>\n","protected":false},"excerpt":{"rendered":"<p>Ljepljivi pi\u0161tolj niske temperature<br \/>\nKratka faza grijanja<br \/>\nPogodno za materijale osjetljive na toplinu<\/p>\n","protected":false},"featured_media":45160,"template":"","meta":{"_seopress_robots_primary_cat":"","_seopress_titles_title":"","_seopress_titles_desc":"","_seopress_robots_index":"","iawp_total_views":0},"product_brand":[445],"product_cat":[264,238],"product_tag":[],"class_list":{"0":"post-45159","1":"product","2":"type-product","3":"status-publish","4":"has-post-thumbnail","6":"product_brand-uhu","7":"product_cat-ljepila-i-brtvila-238","8":"product_cat-sve-za-dom","10":"first","11":"instock","12":"shipping-taxable","13":"purchasable","14":"product-type-simple"},"_links":{"self":[{"href":"https:\/\/singuli.wpress.me\/index.php\/wp-json\/wp\/v2\/product\/45159","targetHints":{"allow":["GET"]}}],"collection":[{"href":"https:\/\/singuli.wpress.me\/index.php\/wp-json\/wp\/v2\/product"}],"about":[{"href":"https:\/\/singuli.wpress.me\/index.php\/wp-json\/wp\/v2\/types\/product"}],"version-history":[{"count":0,"href":"https:\/\/singuli.wpress.me\/index.php\/wp-json\/wp\/v2\/product\/45159\/revisions"}],"wp:featuredmedia":[{"embeddable":true,"href":"https:\/\/singuli.wpress.me\/index.php\/wp-json\/wp\/v2\/media\/45160"}],"wp:attachment":[{"href":"https:\/\/singuli.wpress.me\/index.php\/wp-json\/wp\/v2\/media?parent=45159"}],"wp:term":[{"taxonomy":"product_brand","embeddable":true,"href":"https:\/\/singuli.wpress.me\/index.php\/wp-json\/wp\/v2\/product_brand?post=45159"},{"taxonomy":"product_cat","embeddable":true,"href":"https:\/\/singuli.wpress.me\/index.php\/wp-json\/wp\/v2\/product_cat?post=45159"},{"taxonomy":"product_tag","embeddable":true,"href":"https:\/\/singuli.wpress.me\/index.php\/wp-json\/wp\/v2\/product_tag?post=45159"}],"curies":[{"name":"wp","href":"https:\/\/api.w.org\/{rel}","templated":true}]}}