{"id":45161,"date":"2026-04-20T12:39:01","date_gmt":"2026-04-20T12:39:01","guid":{"rendered":"https:\/\/singuli.wpress.me\/index.php\/proizvod\/toshiba-alkalne-baterije-6lf22-9v-1-kom\/"},"modified":"2026-04-20T12:39:01","modified_gmt":"2026-04-20T12:39:01","slug":"toshiba-alkalne-baterije-6lf22-9v-1-kom","status":"publish","type":"product","link":"https:\/\/singuli.wpress.me\/index.php\/proizvod\/toshiba-alkalne-baterije-6lf22-9v-1-kom\/","title":{"rendered":"TOSHIBA, alkalne baterije, 6LF22 9V, 1\u00a0kom"},"content":{"rendered":"<p>Toshiba alkalne High Power baterije me\u0111u najboljima su na tr\u017ei\u0161tu, dizajnirane tako da daju odli\u010dnu izvedbu te imaju duga\u010dak vijek trajanja.<\/p>\n<p>Baterije se odlikuju jedinstvenim karakteristikama kao \u0161to su veliki kapacitet u odnosu na omjer te\u017eine te mali broj toksi\u010dnih komponenti. <\/p>\n<p>Toshiba baterije kompatibilne su sa svim ure\u0111ajima pa \u010dak i onim najzahtjevnijim digitalnim (daljinske upravlja\u010de, kamere, mi\u0161eve za laptopre i kompjutore, ru\u010dne lampe, satove, zdravstvenu opremu, igra\u010dke, tipkovnice, igrice, radio ure\u0111aje, brijale, uredske ure\u0111aje, svjetiljke, mjerne instrumente, detektore dima, za\u0161titne (gra\u0111evinske) kacige, kacige za bicikliste te bicikliisti\u010dna svjetla).<\/p>\n<p>Sve Toshiba baterije su u potpunosti napunjene i spremne za upotrebu. Ne sadr\u017ee \u017eivu, kadmij ni olovo, pru\u017eaju\u0107i na taj na\u010din pouzdan izvor energije.<\/p>\n","protected":false},"excerpt":{"rendered":"<p>Veliki kapacitet u odnosu na omjer te\u017eine<br \/>\nKompatibilne sa svim ure\u0111ajima<br \/>\nJedan paket sadr\u017ei 1 bateriju<\/p>\n","protected":false},"featured_media":45162,"template":"","meta":{"_seopress_robots_primary_cat":"","_seopress_titles_title":"","_seopress_titles_desc":"","_seopress_robots_index":"","iawp_total_views":0},"product_brand":[379],"product_cat":[274,238],"product_tag":[],"class_list":{"0":"post-45161","1":"product","2":"type-product","3":"status-publish","4":"has-post-thumbnail","6":"product_brand-toshiba","7":"product_cat-kucanski-pribor-238","8":"product_cat-sve-za-dom","10":"first","11":"outofstock","12":"shipping-taxable","13":"purchasable","14":"product-type-simple"},"_links":{"self":[{"href":"https:\/\/singuli.wpress.me\/index.php\/wp-json\/wp\/v2\/product\/45161","targetHints":{"allow":["GET"]}}],"collection":[{"href":"https:\/\/singuli.wpress.me\/index.php\/wp-json\/wp\/v2\/product"}],"about":[{"href":"https:\/\/singuli.wpress.me\/index.php\/wp-json\/wp\/v2\/types\/product"}],"version-history":[{"count":0,"href":"https:\/\/singuli.wpress.me\/index.php\/wp-json\/wp\/v2\/product\/45161\/revisions"}],"wp:featuredmedia":[{"embeddable":true,"href":"https:\/\/singuli.wpress.me\/index.php\/wp-json\/wp\/v2\/media\/45162"}],"wp:attachment":[{"href":"https:\/\/singuli.wpress.me\/index.php\/wp-json\/wp\/v2\/media?parent=45161"}],"wp:term":[{"taxonomy":"product_brand","embeddable":true,"href":"https:\/\/singuli.wpress.me\/index.php\/wp-json\/wp\/v2\/product_brand?post=45161"},{"taxonomy":"product_cat","embeddable":true,"href":"https:\/\/singuli.wpress.me\/index.php\/wp-json\/wp\/v2\/product_cat?post=45161"},{"taxonomy":"product_tag","embeddable":true,"href":"https:\/\/singuli.wpress.me\/index.php\/wp-json\/wp\/v2\/product_tag?post=45161"}],"curies":[{"name":"wp","href":"https:\/\/api.w.org\/{rel}","templated":true}]}}