{"id":45181,"date":"2026-04-20T12:39:07","date_gmt":"2026-04-20T12:39:07","guid":{"rendered":"https:\/\/singuli.wpress.me\/index.php\/proizvod\/bison-kemijsko-sidro-300-ml\/"},"modified":"2026-04-21T00:27:29","modified_gmt":"2026-04-21T00:27:29","slug":"bison-kemijsko-sidro-300-ml","status":"publish","type":"product","link":"https:\/\/singuli.wpress.me\/index.php\/proizvod\/bison-kemijsko-sidro-300-ml\/","title":{"rendered":"BISON, kemijsko sidro, 300\u00a0ml"},"content":{"rendered":"<p>Visokokvalitetno, univerzalno kemijsko sidro bez stirena, u\u010dinkovitog djelovanja i za te\u0161ke uvjete pri\u010dvr\u0161\u0107ivanja na niz gra\u0111evinskih materijala. S europskom ETA oznakom (ETA-09\/0399) i CE oznakom (0679-CPD-0445) do 120 min. Zajam\u010deno u slu\u010daju po\u017eara (Klasa po\u017eara F 120).<\/p>\n<p><span style=\"font-weight: bold\">PODRU\u010cJA UPORABE<\/span><br \/>\nZa pri\u010dvr\u0161\u0107ivanje betonskih armatura, \u0161ipki za sidrenje, navojnih \u0161ipki i posebnih sustava za pri\u010dvr\u0161\u0107ivanje na \u0161uplje gra\u0111evinske materijale, kao \u0161to su beton, prirodni kamen, puni kamen, masivni zidovi i drvo. S nastavkom za injektiranje pogodan i za \u0161uplje gra\u0111evinske materijale. Mo\u017ee se koristiti u vla\u017enim izbu\u0161enim rupama u skladu s ETA. Pogodan i za kori\u0161tenje pod vodom. Prikladno za monta\u017eu WC \u0161koljki, kada, umivaonika, radijatora, zidnih ormari\u0107a itd.Tako\u0111er pogodan za pri\u010dvr\u0161\u0107ivanje okvira vrata i prozora, rukohvata, balustrada i drugih gra\u0111evinskih konstrukcija. Mo\u017ee se koristiti i na niskim temperaturama.<\/p>\n<p>PRIPREMA<br \/>\nZahtjeviza povr\u0161inu: Kvaliteta podloge: mort i beton moraju biti stari najmanje 28 dana. Predobrada povr\u0161ine: Potrebno je provjeriti \u010dvrsto\u0107u podloge. Ako je \u010dvrsto\u0107a podloge nepoznata, potrebno je provesti testove \u010dvrsto\u0107e prianjanja. Izbu\u0161ena rupa uvijek mora biti \u010dista od ulja i masti. Vi\u0161ak \u010destica potrebno je ukloniti \u010detkom i puhaljkom.<br \/>\nAlati: Standardni pi\u0161tolj za brtvljenje, \u010dep za injektiranje (kada je pri\u010dvr\u0161\u0107en na \u0161uplje gra\u0111evinske materijale), \u010detka i pumpa za puhanje.<\/p>\n<p><span style=\"font-weight: bold\">PRIMJENA<\/span><br \/>\nUpute za uporabu: Uklonite svu pra\u0161inu iz izbu\u0161ene rup (o\u010distite najmanje 2 puta i ispuhnite 2 puta). Kod \u0161upljih konstrukcijskih materijala u izbu\u0161enu rupu umetnite \u010dvrsto prianjaju\u0107u injekcijsku \u010dahuru. Temperatura ulo\u0161ka: min. +5 \u00b0C. Odvijte \u010dep s kartu\u0161e, odre\u017eite<br \/>\nfoliju ispod metalne kop\u010de i pri\u010dvrstite mlaznicu za mije\u0161anje. Stavite kartu\u0161u u standardni pi\u0161tolj za brtvilo. Nemojte koristiti prvih nekoliko centimetara ubrizganog proizvoda (dok se ne postigne ravnomjerna boja). Napunite izbu\u0161enu rupu cca 2\/3 proizvodom. Sprije\u010dite ulazak zraka. Umetnite sidrenu \u0161ipku u izbu\u0161enu rupu zakretnim pokretima. Primijenite puno optere\u0107enje tek nakon stvrdnjavanja (vrijeme stvrdnjavanja<br \/>\npogledajte u tablici). Dobro zatvorite kartu\u0161u nakon upotrebe. Ograni\u010den rok trajanja nakon otvaranja. Za vi\u0161ekratnu upotrebu s novom mlaznicom za mije\u0161anje.<br \/>\nNapomene: Prije uporabe provjerite prikladnost kemijskog sidra s obzirom na \u017eeljenu \u010dvrsto\u0107u veze. Preventivno ispitati na testnoj povr\u0161ini kako bi se sprije\u010dila eventualne povr\u0161inske kontaminacije ili promjene boje. Ovo je mogu\u0107e radi raznolikosti potencijalnih supstrata, s obzirom na njihovu \u010dvrsto\u0107u, sastav i gusto\u0107u.<\/p>\n<p><span style=\"font-weight: bold\">ROK TRAJANJA<\/span><br \/>\n\u010cuvati na suhom u zatvorenoj ambala\u017ei na temperaturi od +5 \u00b0C do +20 \u00b0C. Za\u0161tititi od izravne sun\u010deve svjetlosti.<\/p>\n","protected":false},"excerpt":{"rendered":"<p>Europska ETA oznaka (ETA-09\/0399) i CE oznaka (0679-CPD-0445)<br \/>\nVrlo velika nosivost<br \/>\nMo\u017ee se nanositi standardnim pi\u0161toljem za brtvljenj<\/p>\n","protected":false},"featured_media":45182,"template":"","meta":{"_seopress_robots_primary_cat":"","_seopress_titles_title":"","_seopress_titles_desc":"","_seopress_robots_index":"","iawp_total_views":0},"product_brand":[494],"product_cat":[264,238],"product_tag":[],"class_list":{"0":"post-45181","1":"product","2":"type-product","3":"status-publish","4":"has-post-thumbnail","6":"product_brand-bison","7":"product_cat-ljepila-i-brtvila-238","8":"product_cat-sve-za-dom","10":"first","11":"outofstock","12":"shipping-taxable","13":"purchasable","14":"product-type-simple"},"_links":{"self":[{"href":"https:\/\/singuli.wpress.me\/index.php\/wp-json\/wp\/v2\/product\/45181","targetHints":{"allow":["GET"]}}],"collection":[{"href":"https:\/\/singuli.wpress.me\/index.php\/wp-json\/wp\/v2\/product"}],"about":[{"href":"https:\/\/singuli.wpress.me\/index.php\/wp-json\/wp\/v2\/types\/product"}],"version-history":[{"count":0,"href":"https:\/\/singuli.wpress.me\/index.php\/wp-json\/wp\/v2\/product\/45181\/revisions"}],"wp:featuredmedia":[{"embeddable":true,"href":"https:\/\/singuli.wpress.me\/index.php\/wp-json\/wp\/v2\/media\/45182"}],"wp:attachment":[{"href":"https:\/\/singuli.wpress.me\/index.php\/wp-json\/wp\/v2\/media?parent=45181"}],"wp:term":[{"taxonomy":"product_brand","embeddable":true,"href":"https:\/\/singuli.wpress.me\/index.php\/wp-json\/wp\/v2\/product_brand?post=45181"},{"taxonomy":"product_cat","embeddable":true,"href":"https:\/\/singuli.wpress.me\/index.php\/wp-json\/wp\/v2\/product_cat?post=45181"},{"taxonomy":"product_tag","embeddable":true,"href":"https:\/\/singuli.wpress.me\/index.php\/wp-json\/wp\/v2\/product_tag?post=45181"}],"curies":[{"name":"wp","href":"https:\/\/api.w.org\/{rel}","templated":true}]}}