{"id":45185,"date":"2026-04-20T12:39:09","date_gmt":"2026-04-20T12:39:09","guid":{"rendered":"https:\/\/singuli.wpress.me\/index.php\/proizvod\/manner-tortice-ljesnjak-400-g\/"},"modified":"2026-04-20T12:39:09","modified_gmt":"2026-04-20T12:39:09","slug":"manner-tortice-ljesnjak-400-g","status":"publish","type":"product","link":"https:\/\/singuli.wpress.me\/index.php\/proizvod\/manner-tortice-ljesnjak-400-g\/","title":{"rendered":"MANNER, tortice, lje\u0161njak, 400\u00a0g"},"content":{"rendered":"<p>Uz kavu u ugodnom dru\u0161tvu ili kao slastan me\u0111uobrok s puno vrhnja \u2013 slatki\u0161 za svaku priliku!<\/p>\n<p>Manner torte s kremom od lje\u0161njaka i kakaa me\u0111u najpopularnijim su proizvodima Mannera od 1996. godine. Naziv &quot;&quot;torta&quot;&quot; proizvod je dobio zbog okruglog oblika, tri sloja klasi\u010dnih prhkih Manner vafla i nadjeva u obliku ne\u010duveno dobre kreme od lje\u0161njaka s kakaom. Kola\u010de odlikuje ne samo oblik vafla i izda\u0161an udio lje\u0161njaka u kremi, ve\u0107 i autenti\u010dni okus kakaovca koji nastaje pa\u017eljivim pr\u017eenjem zrna kakaovca u na\u0161oj pr\u017eionici. Tortice Manner \u2013 kada lje\u0161njak i kakao stvaraju jedinstvenu simfoniju okusa.<\/p>\n<p>Dali si znao?<\/p>\n<p>Da se okrugli vafli za Manner tartove izrezuju iz velikog klasi\u010dnog \u010detvrtastog vafla i da se ostaci ne bacaju po slasti\u010darskom obi\u010daju, ve\u0107 se samelju i dodaju u kremu od lje\u0161njaka s kakaom? Na\u010din &#8211; jer nam je stalo!<\/p>\n<p>Kola\u010di se pripremaju prema Mannerovim na\u010delima i kriterijima za osiguranje kvalitete proizvoda. Nadjev sadr\u017ei kakao uzgojen u skladu s na\u010delima odr\u017eivosti.<\/p>\n","protected":false},"excerpt":{"rendered":"<p>Ukusan me\u0111uobrok s puno vrhnja<br \/>\nHrskavi vafli s kremom od kakaa i lje\u0161njaka<br \/>\nAutenti\u010dan okus kakaa nastao pa\u017eljivim pr\u017eenjem zrna kakaovca<\/p>\n","protected":false},"featured_media":45186,"template":"","meta":{"_seopress_robots_primary_cat":"","_seopress_titles_title":"","_seopress_titles_desc":"","_seopress_robots_index":"","iawp_total_views":0},"product_brand":[810],"product_cat":[261,277],"product_tag":[],"class_list":{"0":"post-45185","1":"product","2":"type-product","3":"status-publish","4":"has-post-thumbnail","6":"product_brand-manner","7":"product_cat-hrana-i-pice","8":"product_cat-slatkisi-i-grickalice-261","10":"first","11":"instock","12":"shipping-taxable","13":"purchasable","14":"product-type-simple"},"_links":{"self":[{"href":"https:\/\/singuli.wpress.me\/index.php\/wp-json\/wp\/v2\/product\/45185","targetHints":{"allow":["GET"]}}],"collection":[{"href":"https:\/\/singuli.wpress.me\/index.php\/wp-json\/wp\/v2\/product"}],"about":[{"href":"https:\/\/singuli.wpress.me\/index.php\/wp-json\/wp\/v2\/types\/product"}],"version-history":[{"count":0,"href":"https:\/\/singuli.wpress.me\/index.php\/wp-json\/wp\/v2\/product\/45185\/revisions"}],"wp:featuredmedia":[{"embeddable":true,"href":"https:\/\/singuli.wpress.me\/index.php\/wp-json\/wp\/v2\/media\/45186"}],"wp:attachment":[{"href":"https:\/\/singuli.wpress.me\/index.php\/wp-json\/wp\/v2\/media?parent=45185"}],"wp:term":[{"taxonomy":"product_brand","embeddable":true,"href":"https:\/\/singuli.wpress.me\/index.php\/wp-json\/wp\/v2\/product_brand?post=45185"},{"taxonomy":"product_cat","embeddable":true,"href":"https:\/\/singuli.wpress.me\/index.php\/wp-json\/wp\/v2\/product_cat?post=45185"},{"taxonomy":"product_tag","embeddable":true,"href":"https:\/\/singuli.wpress.me\/index.php\/wp-json\/wp\/v2\/product_tag?post=45185"}],"curies":[{"name":"wp","href":"https:\/\/api.w.org\/{rel}","templated":true}]}}