{"id":45191,"date":"2026-04-20T12:39:10","date_gmt":"2026-04-20T12:39:10","guid":{"rendered":"https:\/\/singuli.wpress.me\/index.php\/proizvod\/gadus-s3-v460-2-visokotemperaturna-mast-180-kg\/"},"modified":"2026-04-20T12:39:11","modified_gmt":"2026-04-20T12:39:11","slug":"gadus-s3-v460-2-visokotemperaturna-mast-180-kg","status":"publish","type":"product","link":"https:\/\/singuli.wpress.me\/index.php\/proizvod\/gadus-s3-v460-2-visokotemperaturna-mast-180-kg\/","title":{"rendered":"GADUS S3 V460 2 , visokotemperaturna mast, 180\u00a0kg"},"content":{"rendered":"<p><p><span style=\"font-weight: bold\">Vrhunske visokotemperaturne masti<\/span> za te\u0161ke industrijske primjene. Ovaj se proizvod temelji na mineralnom ulju visokog indeksa viskoznosti i litij-slo\u017eenom zgu\u0161njiva\u010du sapuna i sadr\u017ei najnovije aditive koji nude izvrsne performanse oksidacije visoke temperature i druge aditive za pobolj\u0161anje njegovih antioksidacijskih, antikorozivnih svojstava te svojstava protiv tro\u0161enja. Posebno je pogodan za sporo kretanje, te\u0161ke le\u017eajeve koji rade na visokoj temperaturi i pod jakim optere\u0107enjem.<\/p>\n<p><span style=\"font-weight: bold\">Sigurnosno upozorenje:<\/span>.<\/p>\n<p><img decoding=\"async\" src=\"https:\/\/prod-minio-orbico.nd0.pl\/orbico.ohr\/Piktogrami\/Pozor.png\" alt=\"Pozor\" style=\"max-width: 10%;height: auto\">\n<\/p>\n<p>&#8211; H317- Mo\u017ee izazvati alergijsku reakciju na ko\u017ei.<\/p>\n<p>&#8211; H319 &#8211; Uzrokuje jako nadra\u017eivanje oka<\/p>\n","protected":false},"excerpt":{"rendered":"<p>Visokotemperaturne masti za te\u0161ke industrijske primjene<br \/>\nIzvrsne performanse oksidacije visoke temperature<br \/>\nPogodno za sporo kretanje, te\u0161ke le\u017eajeve koji rade na visokoj temperaturi i pod jakim optere\u0107enjem<\/p>\n","protected":false},"featured_media":45192,"template":"","meta":{"_seopress_robots_primary_cat":"","_seopress_titles_title":"","_seopress_titles_desc":"","_seopress_robots_index":"","iawp_total_views":0},"product_brand":[413],"product_cat":[268,278],"product_tag":[],"class_list":{"0":"post-45191","1":"product","2":"type-product","3":"status-publish","4":"has-post-thumbnail","6":"product_brand-gadus","7":"product_cat-kozmetika-2","8":"product_cat-njega-tijela-268","10":"first","11":"outofstock","12":"shipping-taxable","13":"purchasable","14":"product-type-simple"},"_links":{"self":[{"href":"https:\/\/singuli.wpress.me\/index.php\/wp-json\/wp\/v2\/product\/45191","targetHints":{"allow":["GET"]}}],"collection":[{"href":"https:\/\/singuli.wpress.me\/index.php\/wp-json\/wp\/v2\/product"}],"about":[{"href":"https:\/\/singuli.wpress.me\/index.php\/wp-json\/wp\/v2\/types\/product"}],"version-history":[{"count":0,"href":"https:\/\/singuli.wpress.me\/index.php\/wp-json\/wp\/v2\/product\/45191\/revisions"}],"wp:featuredmedia":[{"embeddable":true,"href":"https:\/\/singuli.wpress.me\/index.php\/wp-json\/wp\/v2\/media\/45192"}],"wp:attachment":[{"href":"https:\/\/singuli.wpress.me\/index.php\/wp-json\/wp\/v2\/media?parent=45191"}],"wp:term":[{"taxonomy":"product_brand","embeddable":true,"href":"https:\/\/singuli.wpress.me\/index.php\/wp-json\/wp\/v2\/product_brand?post=45191"},{"taxonomy":"product_cat","embeddable":true,"href":"https:\/\/singuli.wpress.me\/index.php\/wp-json\/wp\/v2\/product_cat?post=45191"},{"taxonomy":"product_tag","embeddable":true,"href":"https:\/\/singuli.wpress.me\/index.php\/wp-json\/wp\/v2\/product_tag?post=45191"}],"curies":[{"name":"wp","href":"https:\/\/api.w.org\/{rel}","templated":true}]}}